{"id":14559,"date":"2025-07-15T13:05:42","date_gmt":"2025-07-15T11:05:42","guid":{"rendered":"https:\/\/uj.adatbank.ro\/lexikon\/termek\/marandici-al-ioan\/"},"modified":"2025-07-15T13:05:42","modified_gmt":"2025-07-15T11:05:42","slug":"marandici-al-ioan","status":"publish","type":"product","link":"https:\/\/uj.adatbank.ro\/lexikon\/termek\/marandici-al-ioan\/","title":{"rendered":"M\u0102R\u0102NDICI, Al. Ioan"},"content":{"rendered":"<p>Cioc\u00e2lteni (Orheiu, Beszar\u00e1bia), 1907. nov. 20. \u2020 Marosbog\u00e1cs, 1985. dec. 18.: tan\u00edt\u00f3. \u2013 Tan\u00edt\u00f3k\u00e9pz\u0151t Chi\u015fin\u0103uban v\u00e9gzett kit\u0171n\u0151 eredm\u00e9nnyel. Marosbog\u00e1tra ker\u00fclt, ahol iskola igazgat\u00f3 is lett nyugd\u00edjba vonul\u00e1s\u00e1ig (1950\u20131970. szept. 1.). Tev\u00e9kenys\u00e9ge fellend\u00edtette az iskola \u00e9s a falu \u00e9let\u00e9t. \u00censemn\u0103rile despre B\u0103gaciu c.-mel meg\u00edrta az eml\u00e9keit, amely \u00edr\u00e1s \u00e9rt\u00e9kes kordokumentum. <br \/><strong>Irod.:<\/strong> B\u0103gaciu<\/br><\/p>\n","protected":false},"excerpt":{"rendered":"<p>Cioc\u00e2lteni (Orheiu, Beszar\u00e1bia), 1907. nov. 20. \u2020 Marosbog\u00e1cs, 1985. dec. 18.: tan\u00edt\u00f3. \u2013 Tan\u00edt\u00f3k\u00e9pz\u0151t Chi\u015fin\u0103uban v\u00e9gzett kit\u0171n\u0151 eredm\u00e9nnyel. Marosbog\u00e1tra ker\u00fclt, ahol iskola igazgat\u00f3 is lett nyugd\u00edjba vonul\u00e1s\u00e1ig (1950\u20131970. szept. 1.). Tev\u00e9kenys\u00e9ge fellend\u00edtette az iskola \u00e9s a falu \u00e9let\u00e9t. \u00censemn\u0103rile despre B\u0103gaciu c.-mel meg\u00edrta az eml\u00e9keit, amely \u00edr\u00e1s \u00e9rt\u00e9kes kordokumentum. Irod.: B\u0103gaciu<\/p>\n","protected":false},"featured_media":0,"comment_status":"open","ping_status":"closed","template":"","meta":[],"product_brand":[],"product_cat":[137],"product_tag":[],"class_list":{"0":"post-14559","1":"product","2":"type-product","3":"status-publish","5":"product_cat-maros-megyei-eletrajzi-lexikon","7":"first","8":"instock","9":"shipping-taxable","10":"product-type-simple"},"_links":{"self":[{"href":"https:\/\/uj.adatbank.ro\/lexikon\/wp-json\/wp\/v2\/product\/14559","targetHints":{"allow":["GET"]}}],"collection":[{"href":"https:\/\/uj.adatbank.ro\/lexikon\/wp-json\/wp\/v2\/product"}],"about":[{"href":"https:\/\/uj.adatbank.ro\/lexikon\/wp-json\/wp\/v2\/types\/product"}],"replies":[{"embeddable":true,"href":"https:\/\/uj.adatbank.ro\/lexikon\/wp-json\/wp\/v2\/comments?post=14559"}],"wp:attachment":[{"href":"https:\/\/uj.adatbank.ro\/lexikon\/wp-json\/wp\/v2\/media?parent=14559"}],"wp:term":[{"taxonomy":"product_brand","embeddable":true,"href":"https:\/\/uj.adatbank.ro\/lexikon\/wp-json\/wp\/v2\/product_brand?post=14559"},{"taxonomy":"product_cat","embeddable":true,"href":"https:\/\/uj.adatbank.ro\/lexikon\/wp-json\/wp\/v2\/product_cat?post=14559"},{"taxonomy":"product_tag","embeddable":true,"href":"https:\/\/uj.adatbank.ro\/lexikon\/wp-json\/wp\/v2\/product_tag?post=14559"}],"curies":[{"name":"wp","href":"https:\/\/api.w.org\/{rel}","templated":true}]}}