{"id":14560,"date":"2025-07-15T13:05:44","date_gmt":"2025-07-15T11:05:44","guid":{"rendered":"https:\/\/uj.adatbank.ro\/lexikon\/termek\/marc-ferdinand-ionut\/"},"modified":"2025-07-15T13:05:44","modified_gmt":"2025-07-15T11:05:44","slug":"marc-ferdinand-ionut","status":"publish","type":"product","link":"https:\/\/uj.adatbank.ro\/lexikon\/termek\/marc-ferdinand-ionut\/","title":{"rendered":"MARC, Ferdinand Ionu\u0163"},"content":{"rendered":"<p>? \u2020\u00a0?: \u00e9p\u00edtkez\u00e9si v\u00e1llalkoz\u00f3. \u2013 Marosk\u00f6vesden a g.kat templomot tervezte \u00e9s \u00e9p\u00edtette (1879\u201381). A kupola n\u00e9gy fresk\u00f3j\u00e1t Zinzaler festette (1903), amikor fel is szentelt\u00e9k. <br \/><strong>Irod.:<\/strong> Reghin, Protopopiat<\/br><\/p>\n","protected":false},"excerpt":{"rendered":"<p>? \u2020\u00a0?: \u00e9p\u00edtkez\u00e9si v\u00e1llalkoz\u00f3. \u2013 Marosk\u00f6vesden a g.kat templomot tervezte \u00e9s \u00e9p\u00edtette (1879\u201381). A kupola n\u00e9gy fresk\u00f3j\u00e1t Zinzaler festette (1903), amikor fel is szentelt\u00e9k. Irod.: Reghin, Protopopiat<\/p>\n","protected":false},"featured_media":0,"comment_status":"open","ping_status":"closed","template":"","meta":[],"product_brand":[],"product_cat":[137],"product_tag":[],"class_list":{"0":"post-14560","1":"product","2":"type-product","3":"status-publish","5":"product_cat-maros-megyei-eletrajzi-lexikon","7":"first","8":"instock","9":"shipping-taxable","10":"product-type-simple"},"_links":{"self":[{"href":"https:\/\/uj.adatbank.ro\/lexikon\/wp-json\/wp\/v2\/product\/14560","targetHints":{"allow":["GET"]}}],"collection":[{"href":"https:\/\/uj.adatbank.ro\/lexikon\/wp-json\/wp\/v2\/product"}],"about":[{"href":"https:\/\/uj.adatbank.ro\/lexikon\/wp-json\/wp\/v2\/types\/product"}],"replies":[{"embeddable":true,"href":"https:\/\/uj.adatbank.ro\/lexikon\/wp-json\/wp\/v2\/comments?post=14560"}],"wp:attachment":[{"href":"https:\/\/uj.adatbank.ro\/lexikon\/wp-json\/wp\/v2\/media?parent=14560"}],"wp:term":[{"taxonomy":"product_brand","embeddable":true,"href":"https:\/\/uj.adatbank.ro\/lexikon\/wp-json\/wp\/v2\/product_brand?post=14560"},{"taxonomy":"product_cat","embeddable":true,"href":"https:\/\/uj.adatbank.ro\/lexikon\/wp-json\/wp\/v2\/product_cat?post=14560"},{"taxonomy":"product_tag","embeddable":true,"href":"https:\/\/uj.adatbank.ro\/lexikon\/wp-json\/wp\/v2\/product_tag?post=14560"}],"curies":[{"name":"wp","href":"https:\/\/api.w.org\/{rel}","templated":true}]}}