{"id":14562,"date":"2025-07-15T13:05:49","date_gmt":"2025-07-15T11:05:49","guid":{"rendered":"https:\/\/uj.adatbank.ro\/lexikon\/termek\/marchis-marian\/"},"modified":"2025-07-15T13:05:49","modified_gmt":"2025-07-15T11:05:49","slug":"marchis-marian","status":"publish","type":"product","link":"https:\/\/uj.adatbank.ro\/lexikon\/termek\/marchis-marian\/","title":{"rendered":"MARCHI\u015e, Marian"},"content":{"rendered":"<p>? \u2020\u00a0?: A KISZ KB tagja (1985. m\u00e1j. 18.\u20131989. dec. 22.), a KISZ Maros megyei Bizotts\u00e1g\u00e1nak els\u0151 titk\u00e1ra (1987). <br \/><strong>Irod.:<\/strong> Cri\u015fan Val\u00f3sz\u00edn\u0171 m\u00e9g \u00e9l!<\/br><\/p>\n","protected":false},"excerpt":{"rendered":"<p>? \u2020\u00a0?: A KISZ KB tagja (1985. m\u00e1j. 18.\u20131989. dec. 22.), a KISZ Maros megyei Bizotts\u00e1g\u00e1nak els\u0151 titk\u00e1ra (1987). Irod.: Cri\u015fan Val\u00f3sz\u00edn\u0171 m\u00e9g \u00e9l!<\/p>\n","protected":false},"featured_media":0,"comment_status":"open","ping_status":"closed","template":"","meta":[],"product_brand":[],"product_cat":[137],"product_tag":[],"class_list":{"0":"post-14562","1":"product","2":"type-product","3":"status-publish","5":"product_cat-maros-megyei-eletrajzi-lexikon","7":"first","8":"instock","9":"shipping-taxable","10":"product-type-simple"},"_links":{"self":[{"href":"https:\/\/uj.adatbank.ro\/lexikon\/wp-json\/wp\/v2\/product\/14562","targetHints":{"allow":["GET"]}}],"collection":[{"href":"https:\/\/uj.adatbank.ro\/lexikon\/wp-json\/wp\/v2\/product"}],"about":[{"href":"https:\/\/uj.adatbank.ro\/lexikon\/wp-json\/wp\/v2\/types\/product"}],"replies":[{"embeddable":true,"href":"https:\/\/uj.adatbank.ro\/lexikon\/wp-json\/wp\/v2\/comments?post=14562"}],"wp:attachment":[{"href":"https:\/\/uj.adatbank.ro\/lexikon\/wp-json\/wp\/v2\/media?parent=14562"}],"wp:term":[{"taxonomy":"product_brand","embeddable":true,"href":"https:\/\/uj.adatbank.ro\/lexikon\/wp-json\/wp\/v2\/product_brand?post=14562"},{"taxonomy":"product_cat","embeddable":true,"href":"https:\/\/uj.adatbank.ro\/lexikon\/wp-json\/wp\/v2\/product_cat?post=14562"},{"taxonomy":"product_tag","embeddable":true,"href":"https:\/\/uj.adatbank.ro\/lexikon\/wp-json\/wp\/v2\/product_tag?post=14562"}],"curies":[{"name":"wp","href":"https:\/\/api.w.org\/{rel}","templated":true}]}}