{"id":14563,"date":"2025-07-15T13:05:53","date_gmt":"2025-07-15T11:05:53","guid":{"rendered":"https:\/\/uj.adatbank.ro\/lexikon\/termek\/marcoci-ioan\/"},"modified":"2025-07-15T13:05:53","modified_gmt":"2025-07-15T11:05:53","slug":"marcoci-ioan","status":"publish","type":"product","link":"https:\/\/uj.adatbank.ro\/lexikon\/termek\/marcoci-ioan\/","title":{"rendered":"MARCOCI, Ioan"},"content":{"rendered":"<p>? \u2020\u00a0?: ort. lelk\u00e9sz. \u2013 Mez\u0151banyic\u00e1ban szolg\u00e1lt (20.sz els\u0151 fel\u00e9ben). Restaur\u00e1ltatta a hegyen lev\u0151 r\u00e9gi kis fatemplomot, amelyet a 18.sz els\u0151 fel\u00e9ben \u00e9p\u00edtettek a g. kat. h\u00edvek, valamint a par\u00f3chia \u00e9p\u00fclet\u00e9t is (1958). Ezen k\u00edv\u00fcl kaput, kereszteket \u00e9s ker\u00edt\u00e9st \u00e1ll\u00edtott a templomhoz, amelyet t\u00f6rt\u00e9nelmi m\u0171eml\u00e9kk\u00e9 \u00e9s m\u00fazeumm\u00e1 nyilv\u00e1n\u00edtottak (1995). <br \/><strong>Irod.:<\/strong> Lunca<\/br><\/p>\n","protected":false},"excerpt":{"rendered":"<p>? \u2020\u00a0?: ort. lelk\u00e9sz. \u2013 Mez\u0151banyic\u00e1ban szolg\u00e1lt (20.sz els\u0151 fel\u00e9ben). Restaur\u00e1ltatta a hegyen lev\u0151 r\u00e9gi kis fatemplomot, amelyet a 18.sz els\u0151 fel\u00e9ben \u00e9p\u00edtettek a g. kat. h\u00edvek, valamint a par\u00f3chia \u00e9p\u00fclet\u00e9t is (1958). Ezen k\u00edv\u00fcl kaput, kereszteket \u00e9s ker\u00edt\u00e9st \u00e1ll\u00edtott a templomhoz, amelyet t\u00f6rt\u00e9nelmi m\u0171eml\u00e9kk\u00e9 \u00e9s m\u00fazeumm\u00e1 nyilv\u00e1n\u00edtottak (1995). Irod.: Lunca<\/p>\n","protected":false},"featured_media":0,"comment_status":"open","ping_status":"closed","template":"","meta":[],"product_brand":[],"product_cat":[137],"product_tag":[],"class_list":{"0":"post-14563","1":"product","2":"type-product","3":"status-publish","5":"product_cat-maros-megyei-eletrajzi-lexikon","7":"first","8":"instock","9":"shipping-taxable","10":"product-type-simple"},"_links":{"self":[{"href":"https:\/\/uj.adatbank.ro\/lexikon\/wp-json\/wp\/v2\/product\/14563","targetHints":{"allow":["GET"]}}],"collection":[{"href":"https:\/\/uj.adatbank.ro\/lexikon\/wp-json\/wp\/v2\/product"}],"about":[{"href":"https:\/\/uj.adatbank.ro\/lexikon\/wp-json\/wp\/v2\/types\/product"}],"replies":[{"embeddable":true,"href":"https:\/\/uj.adatbank.ro\/lexikon\/wp-json\/wp\/v2\/comments?post=14563"}],"wp:attachment":[{"href":"https:\/\/uj.adatbank.ro\/lexikon\/wp-json\/wp\/v2\/media?parent=14563"}],"wp:term":[{"taxonomy":"product_brand","embeddable":true,"href":"https:\/\/uj.adatbank.ro\/lexikon\/wp-json\/wp\/v2\/product_brand?post=14563"},{"taxonomy":"product_cat","embeddable":true,"href":"https:\/\/uj.adatbank.ro\/lexikon\/wp-json\/wp\/v2\/product_cat?post=14563"},{"taxonomy":"product_tag","embeddable":true,"href":"https:\/\/uj.adatbank.ro\/lexikon\/wp-json\/wp\/v2\/product_tag?post=14563"}],"curies":[{"name":"wp","href":"https:\/\/api.w.org\/{rel}","templated":true}]}}