{"id":14564,"date":"2025-07-15T13:05:54","date_gmt":"2025-07-15T11:05:54","guid":{"rendered":"https:\/\/uj.adatbank.ro\/lexikon\/termek\/marcoci-ioan-2\/"},"modified":"2025-07-15T13:05:54","modified_gmt":"2025-07-15T11:05:54","slug":"marcoci-ioan-2","status":"publish","type":"product","link":"https:\/\/uj.adatbank.ro\/lexikon\/termek\/marcoci-ioan-2\/","title":{"rendered":"MARCOCI, Ioan"},"content":{"rendered":"<p>? \u2020 D\u00e9dabisztratelep, 1987.: ort. pap. D\u00e9dabisztratelepen (1975\u201387). Az \u0151 \u00e9s a Vlasa h\u00e1zasp\u00e1r kezdem\u00e9nyez\u00e9s\u00e9re \u00e9s anyagi t\u00e1mogat\u00e1s\u00e1val \u00e9p\u00edtett\u00e9k (1986 \u2013 2000) az ort. templomot, amelyet a n\u00e9hai Teoctist p\u00e1tri\u00e1rka a Maros V\u00f6lgye Katedr\u00e1lis\u00e1nak nevezett. <br \/><strong>Irod.:<\/strong> Reghin, Protopopiat<\/br><\/p>\n","protected":false},"excerpt":{"rendered":"<p>? \u2020 D\u00e9dabisztratelep, 1987.: ort. pap. D\u00e9dabisztratelepen (1975\u201387). Az \u0151 \u00e9s a Vlasa h\u00e1zasp\u00e1r kezdem\u00e9nyez\u00e9s\u00e9re \u00e9s anyagi t\u00e1mogat\u00e1s\u00e1val \u00e9p\u00edtett\u00e9k (1986 \u2013 2000) az ort. templomot, amelyet a n\u00e9hai Teoctist p\u00e1tri\u00e1rka a Maros V\u00f6lgye Katedr\u00e1lis\u00e1nak nevezett. Irod.: Reghin, Protopopiat<\/p>\n","protected":false},"featured_media":0,"comment_status":"open","ping_status":"closed","template":"","meta":[],"product_brand":[],"product_cat":[137],"product_tag":[],"class_list":{"0":"post-14564","1":"product","2":"type-product","3":"status-publish","5":"product_cat-maros-megyei-eletrajzi-lexikon","7":"first","8":"instock","9":"shipping-taxable","10":"product-type-simple"},"_links":{"self":[{"href":"https:\/\/uj.adatbank.ro\/lexikon\/wp-json\/wp\/v2\/product\/14564","targetHints":{"allow":["GET"]}}],"collection":[{"href":"https:\/\/uj.adatbank.ro\/lexikon\/wp-json\/wp\/v2\/product"}],"about":[{"href":"https:\/\/uj.adatbank.ro\/lexikon\/wp-json\/wp\/v2\/types\/product"}],"replies":[{"embeddable":true,"href":"https:\/\/uj.adatbank.ro\/lexikon\/wp-json\/wp\/v2\/comments?post=14564"}],"wp:attachment":[{"href":"https:\/\/uj.adatbank.ro\/lexikon\/wp-json\/wp\/v2\/media?parent=14564"}],"wp:term":[{"taxonomy":"product_brand","embeddable":true,"href":"https:\/\/uj.adatbank.ro\/lexikon\/wp-json\/wp\/v2\/product_brand?post=14564"},{"taxonomy":"product_cat","embeddable":true,"href":"https:\/\/uj.adatbank.ro\/lexikon\/wp-json\/wp\/v2\/product_cat?post=14564"},{"taxonomy":"product_tag","embeddable":true,"href":"https:\/\/uj.adatbank.ro\/lexikon\/wp-json\/wp\/v2\/product_tag?post=14564"}],"curies":[{"name":"wp","href":"https:\/\/api.w.org\/{rel}","templated":true}]}}