{"id":14565,"date":"2025-07-15T13:05:56","date_gmt":"2025-07-15T11:05:56","guid":{"rendered":"https:\/\/uj.adatbank.ro\/lexikon\/termek\/marconi-sandorne-markoni-sarolta-magyari-sarolta\/"},"modified":"2025-07-15T13:05:56","modified_gmt":"2025-07-15T11:05:56","slug":"marconi-sandorne-markoni-sarolta-magyari-sarolta","status":"publish","type":"product","link":"https:\/\/uj.adatbank.ro\/lexikon\/termek\/marconi-sandorne-markoni-sarolta-magyari-sarolta\/","title":{"rendered":"MARCONI S\u00e1ndorn\u00e9; Markoni Sarolta, Magyari Sarolta"},"content":{"rendered":"<p>Zalatna, ? \u2020\u00a0?: tan\u00edt\u00f3n\u0151.- Tanulm\u00e1nyait Nagyszebenben a Ferencrendi Z\u00e1rd\u00e1ban, majd Szatm\u00e1rn\u00e9metiben az Irgalmasokn\u00e1l v\u00e9gezte. Ratosny\u00e1n tan\u00edtott. A hazafias, kultur\u00e1lis, szoci\u00e1lis egyes\u00fcletek munk\u00e1j\u00e1ban vett r\u00e9szt. <br \/><strong>Irod.:<\/strong> Sz\u00e9kelyf\u00f6ld \u00ed.k.<\/br><\/p>\n","protected":false},"excerpt":{"rendered":"<p>Zalatna, ? \u2020\u00a0?: tan\u00edt\u00f3n\u0151.- Tanulm\u00e1nyait Nagyszebenben a Ferencrendi Z\u00e1rd\u00e1ban, majd Szatm\u00e1rn\u00e9metiben az Irgalmasokn\u00e1l v\u00e9gezte. Ratosny\u00e1n tan\u00edtott. A hazafias, kultur\u00e1lis, szoci\u00e1lis egyes\u00fcletek munk\u00e1j\u00e1ban vett r\u00e9szt. Irod.: Sz\u00e9kelyf\u00f6ld \u00ed.k.<\/p>\n","protected":false},"featured_media":0,"comment_status":"open","ping_status":"closed","template":"","meta":[],"product_brand":[],"product_cat":[137],"product_tag":[],"class_list":{"0":"post-14565","1":"product","2":"type-product","3":"status-publish","5":"product_cat-maros-megyei-eletrajzi-lexikon","7":"first","8":"instock","9":"shipping-taxable","10":"product-type-simple"},"_links":{"self":[{"href":"https:\/\/uj.adatbank.ro\/lexikon\/wp-json\/wp\/v2\/product\/14565","targetHints":{"allow":["GET"]}}],"collection":[{"href":"https:\/\/uj.adatbank.ro\/lexikon\/wp-json\/wp\/v2\/product"}],"about":[{"href":"https:\/\/uj.adatbank.ro\/lexikon\/wp-json\/wp\/v2\/types\/product"}],"replies":[{"embeddable":true,"href":"https:\/\/uj.adatbank.ro\/lexikon\/wp-json\/wp\/v2\/comments?post=14565"}],"wp:attachment":[{"href":"https:\/\/uj.adatbank.ro\/lexikon\/wp-json\/wp\/v2\/media?parent=14565"}],"wp:term":[{"taxonomy":"product_brand","embeddable":true,"href":"https:\/\/uj.adatbank.ro\/lexikon\/wp-json\/wp\/v2\/product_brand?post=14565"},{"taxonomy":"product_cat","embeddable":true,"href":"https:\/\/uj.adatbank.ro\/lexikon\/wp-json\/wp\/v2\/product_cat?post=14565"},{"taxonomy":"product_tag","embeddable":true,"href":"https:\/\/uj.adatbank.ro\/lexikon\/wp-json\/wp\/v2\/product_tag?post=14565"}],"curies":[{"name":"wp","href":"https:\/\/api.w.org\/{rel}","templated":true}]}}