{"id":14567,"date":"2025-07-15T13:05:59","date_gmt":"2025-07-15T11:05:59","guid":{"rendered":"https:\/\/uj.adatbank.ro\/lexikon\/termek\/marcu-din-santandrei-marcu-zugravul-popa-marcu-zugravul-ot-andrasfalau-marco-zugravul-vlascovici-popa-marcol-marcu-vlascovici\/"},"modified":"2025-07-15T13:05:59","modified_gmt":"2025-07-15T11:05:59","slug":"marcu-din-santandrei-marcu-zugravul-popa-marcu-zugravul-ot-andrasfalau-marco-zugravul-vlascovici-popa-marcol-marcu-vlascovici","status":"publish","type":"product","link":"https:\/\/uj.adatbank.ro\/lexikon\/termek\/marcu-din-santandrei-marcu-zugravul-popa-marcu-zugravul-ot-andrasfalau-marco-zugravul-vlascovici-popa-marcol-marcu-vlascovici\/","title":{"rendered":"MARCU din S\u00e2ntandrei, Marcu Zugravul, popa; Marcu Zugravul ot Andra\u015ffal\u0103u; Marco Zugravul Vla\u015fcovici, popa Marcol; Marcu Vla\u015fcovici"},"content":{"rendered":"<p>Ny\u00e1r\u00e1dandr\u00e1sfalva, ? \u2020\u00a0?: g. kat. pap, ikon- \u00e9s templomfest\u0151. \u2013 A Ny\u00e1r\u00e1dment\u00e9n, a Maros fels\u0151foly\u00e1s\u00e1n\u00e1l, a G\u00f6rg\u00e9ny v\u00f6lgy\u00e9ben tev\u00e9kenykedett (1740\u201390). Feljegyz\u00e9seib\u0151l \u00e9s felirataib\u00f3l k\u00f6vetkeztethet\u00fcnk arra hogy hol m\u0171k\u00f6d\u00f6tt mint g. kat pap. A k\u00f6vetkez\u0151 templomokban tal\u00e1lhat\u00f3ak alkot\u00e1sai : a mez\u0151banyicai fatemplom olt\u00e1ra, a mez\u0151szentm\u00e1rtoni tempomban (1740), Ny\u00e1r\u00e1dandr\u00e1sfalva fatemplom (1751\u201352); a g\u00f6rg\u00e9nyn\u00e1dasi fatemplomban (1765\u201375), a kisszederjesi fatemplomban (1770\u201380 k\u00f6r\u00fcl), a jobb\u00e1gyfalvi fatemplomban (1772), a g\u00f6rg\u00e9nys\u00f3aknai templomban van 3 ikonja (1778, 1783), a marosag\u00e1rdi fatemplom ban (1773, 1787); a mv.-i Ortodox Katedr\u00e1lisban tal\u00e1lhat\u00f3k m\u00e9g k\u00e9t m\u00e1sik ikonja mellett, a sz\u00e9kelys\u00e1rdi templomban l\u00e9v\u0151 ikont is neki tulajdon\u00edtj\u00e1k. <br \/><strong>Irod.:<\/strong> Man; Todea 2013<\/br><\/p>\n","protected":false},"excerpt":{"rendered":"<p>Ny\u00e1r\u00e1dandr\u00e1sfalva, ? \u2020\u00a0?: g. kat. pap, ikon- \u00e9s templomfest\u0151. \u2013 A Ny\u00e1r\u00e1dment\u00e9n, a Maros fels\u0151foly\u00e1s\u00e1n\u00e1l, a G\u00f6rg\u00e9ny v\u00f6lgy\u00e9ben tev\u00e9kenykedett (1740\u201390). Feljegyz\u00e9seib\u0151l \u00e9s felirataib\u00f3l k\u00f6vetkeztethet\u00fcnk arra hogy hol m\u0171k\u00f6d\u00f6tt mint g. kat pap. A k\u00f6vetkez\u0151 templomokban tal\u00e1lhat\u00f3ak alkot\u00e1sai : a mez\u0151banyicai fatemplom olt\u00e1ra, a mez\u0151szentm\u00e1rtoni tempomban (1740), Ny\u00e1r\u00e1dandr\u00e1sfalva fatemplom (1751\u201352); a g\u00f6rg\u00e9nyn\u00e1dasi fatemplomban (1765\u201375), a kisszederjesi [&hellip;]<\/p>\n","protected":false},"featured_media":0,"comment_status":"open","ping_status":"closed","template":"","meta":[],"product_brand":[],"product_cat":[137],"product_tag":[],"class_list":{"0":"post-14567","1":"product","2":"type-product","3":"status-publish","5":"product_cat-maros-megyei-eletrajzi-lexikon","7":"first","8":"instock","9":"shipping-taxable","10":"product-type-simple"},"_links":{"self":[{"href":"https:\/\/uj.adatbank.ro\/lexikon\/wp-json\/wp\/v2\/product\/14567","targetHints":{"allow":["GET"]}}],"collection":[{"href":"https:\/\/uj.adatbank.ro\/lexikon\/wp-json\/wp\/v2\/product"}],"about":[{"href":"https:\/\/uj.adatbank.ro\/lexikon\/wp-json\/wp\/v2\/types\/product"}],"replies":[{"embeddable":true,"href":"https:\/\/uj.adatbank.ro\/lexikon\/wp-json\/wp\/v2\/comments?post=14567"}],"wp:attachment":[{"href":"https:\/\/uj.adatbank.ro\/lexikon\/wp-json\/wp\/v2\/media?parent=14567"}],"wp:term":[{"taxonomy":"product_brand","embeddable":true,"href":"https:\/\/uj.adatbank.ro\/lexikon\/wp-json\/wp\/v2\/product_brand?post=14567"},{"taxonomy":"product_cat","embeddable":true,"href":"https:\/\/uj.adatbank.ro\/lexikon\/wp-json\/wp\/v2\/product_cat?post=14567"},{"taxonomy":"product_tag","embeddable":true,"href":"https:\/\/uj.adatbank.ro\/lexikon\/wp-json\/wp\/v2\/product_tag?post=14567"}],"curies":[{"name":"wp","href":"https:\/\/api.w.org\/{rel}","templated":true}]}}