{"id":14568,"date":"2025-07-15T13:06:02","date_gmt":"2025-07-15T11:06:02","guid":{"rendered":"https:\/\/uj.adatbank.ro\/lexikon\/termek\/marcu-moldovan-eleonora-natalia\/"},"modified":"2025-07-15T13:06:02","modified_gmt":"2025-07-15T11:06:02","slug":"marcu-moldovan-eleonora-natalia","status":"publish","type":"product","link":"https:\/\/uj.adatbank.ro\/lexikon\/termek\/marcu-moldovan-eleonora-natalia\/","title":{"rendered":"MARCU Moldovan, Eleonora Natalia"},"content":{"rendered":"<p>Mv., 1935.j\u00fan.1., \u2020\u00a0? : orvos. \u2013 F\u00e9rje: Marcu Cristian Antoniu, f\u0151orvos a mv.-i klinika ment\u0151oszt\u00e1ly\u00e1n. \u2013 Temesv\u00e1ron \u00e9s Mv.-en \u00e9retts\u00e9gizett az Unirea 1.sz.l\u00e1nyl\u00edc.-ban, az OGYI-n v\u00e9gzett (1953\u201359). \u00c9lesden \u00fczemorvos, Marosludason k\u00f6rzeti orvos (1960.nov.1.\u20131962.nov.1.), majd a mv.-i b\u0151r- \u00e9s keszty\u0171gy\u00e1rban (1962.nov.1.\u20131989.m\u00e1j.1.) \u00e9s nyugd\u00edjaz\u00e1s\u00e1ig (1992. szept.1.) \u00fczemorvos. <br \/><strong>Irod.:<\/strong> Nagy L<\/br><\/p>\n","protected":false},"excerpt":{"rendered":"<p>Mv., 1935.j\u00fan.1., \u2020\u00a0? : orvos. \u2013 F\u00e9rje: Marcu Cristian Antoniu, f\u0151orvos a mv.-i klinika ment\u0151oszt\u00e1ly\u00e1n. \u2013 Temesv\u00e1ron \u00e9s Mv.-en \u00e9retts\u00e9gizett az Unirea 1.sz.l\u00e1nyl\u00edc.-ban, az OGYI-n v\u00e9gzett (1953\u201359). \u00c9lesden \u00fczemorvos, Marosludason k\u00f6rzeti orvos (1960.nov.1.\u20131962.nov.1.), majd a mv.-i b\u0151r- \u00e9s keszty\u0171gy\u00e1rban (1962.nov.1.\u20131989.m\u00e1j.1.) \u00e9s nyugd\u00edjaz\u00e1s\u00e1ig (1992. szept.1.) \u00fczemorvos. Irod.: Nagy L<\/p>\n","protected":false},"featured_media":0,"comment_status":"open","ping_status":"closed","template":"","meta":[],"product_brand":[],"product_cat":[137],"product_tag":[],"class_list":{"0":"post-14568","1":"product","2":"type-product","3":"status-publish","5":"product_cat-maros-megyei-eletrajzi-lexikon","7":"first","8":"instock","9":"shipping-taxable","10":"product-type-simple"},"_links":{"self":[{"href":"https:\/\/uj.adatbank.ro\/lexikon\/wp-json\/wp\/v2\/product\/14568","targetHints":{"allow":["GET"]}}],"collection":[{"href":"https:\/\/uj.adatbank.ro\/lexikon\/wp-json\/wp\/v2\/product"}],"about":[{"href":"https:\/\/uj.adatbank.ro\/lexikon\/wp-json\/wp\/v2\/types\/product"}],"replies":[{"embeddable":true,"href":"https:\/\/uj.adatbank.ro\/lexikon\/wp-json\/wp\/v2\/comments?post=14568"}],"wp:attachment":[{"href":"https:\/\/uj.adatbank.ro\/lexikon\/wp-json\/wp\/v2\/media?parent=14568"}],"wp:term":[{"taxonomy":"product_brand","embeddable":true,"href":"https:\/\/uj.adatbank.ro\/lexikon\/wp-json\/wp\/v2\/product_brand?post=14568"},{"taxonomy":"product_cat","embeddable":true,"href":"https:\/\/uj.adatbank.ro\/lexikon\/wp-json\/wp\/v2\/product_cat?post=14568"},{"taxonomy":"product_tag","embeddable":true,"href":"https:\/\/uj.adatbank.ro\/lexikon\/wp-json\/wp\/v2\/product_tag?post=14568"}],"curies":[{"name":"wp","href":"https:\/\/api.w.org\/{rel}","templated":true}]}}