{"id":14573,"date":"2025-07-15T13:06:08","date_gmt":"2025-07-15T11:06:08","guid":{"rendered":"https:\/\/uj.adatbank.ro\/lexikon\/termek\/marculet-ioan\/"},"modified":"2025-07-15T13:06:08","modified_gmt":"2025-07-15T11:06:08","slug":"marculet-ioan","status":"publish","type":"product","link":"https:\/\/uj.adatbank.ro\/lexikon\/termek\/marculet-ioan\/","title":{"rendered":"M\u0102RCULE\u0162, Ioan"},"content":{"rendered":"<p>Ceang\u0103ul Mare, v. Ceanu Mare Mez\u0151cs\u00e1n, 1844 \u2020 Mez\u0151gerebenes, 1895 : tan\u00e1r. \u2013 A k\u00f6z\u00e9piskol\u00e1t Bal\u00e1zsfalv\u00e1n a teol\u00f3gi\u00e1t B\u00e9csben \u00e9s Bal\u00e1zsfalv\u00e1n v\u00e9gezte. Matematika \u00e9s n\u00e9met g\u00f6r\u00f6g nyelv tan\u00e1ra volt uo. (1869\u201378); B\u00e2rladon tan\u00edtott; Mez\u0151gerebesen pap. Munkat\u00e1rsa volt a Foaia scolastic\u0103 \u015fi bisericeasc\u0103 din Blaj, Revista catolic\u0103 c. lapoknak. \u2013 <strong>F. m.:<\/strong> Manual de aritmetic\u0103 pentru clasele inferioare (Blaj, 1877). <br \/><strong>Irod.:<\/strong> Todea\u2013F\u00fcl\u00f6p\u2013Avram<\/br><\/p>\n","protected":false},"excerpt":{"rendered":"<p>Ceang\u0103ul Mare, v. Ceanu Mare Mez\u0151cs\u00e1n, 1844 \u2020 Mez\u0151gerebenes, 1895 : tan\u00e1r. \u2013 A k\u00f6z\u00e9piskol\u00e1t Bal\u00e1zsfalv\u00e1n a teol\u00f3gi\u00e1t B\u00e9csben \u00e9s Bal\u00e1zsfalv\u00e1n v\u00e9gezte. Matematika \u00e9s n\u00e9met g\u00f6r\u00f6g nyelv tan\u00e1ra volt uo. (1869\u201378); B\u00e2rladon tan\u00edtott; Mez\u0151gerebesen pap. Munkat\u00e1rsa volt a Foaia scolastic\u0103 \u015fi bisericeasc\u0103 din Blaj, Revista catolic\u0103 c. lapoknak. \u2013 F. m.: Manual de aritmetic\u0103 pentru [&hellip;]<\/p>\n","protected":false},"featured_media":0,"comment_status":"open","ping_status":"closed","template":"","meta":[],"product_brand":[],"product_cat":[137],"product_tag":[],"class_list":{"0":"post-14573","1":"product","2":"type-product","3":"status-publish","5":"product_cat-maros-megyei-eletrajzi-lexikon","7":"first","8":"instock","9":"shipping-taxable","10":"product-type-simple"},"_links":{"self":[{"href":"https:\/\/uj.adatbank.ro\/lexikon\/wp-json\/wp\/v2\/product\/14573","targetHints":{"allow":["GET"]}}],"collection":[{"href":"https:\/\/uj.adatbank.ro\/lexikon\/wp-json\/wp\/v2\/product"}],"about":[{"href":"https:\/\/uj.adatbank.ro\/lexikon\/wp-json\/wp\/v2\/types\/product"}],"replies":[{"embeddable":true,"href":"https:\/\/uj.adatbank.ro\/lexikon\/wp-json\/wp\/v2\/comments?post=14573"}],"wp:attachment":[{"href":"https:\/\/uj.adatbank.ro\/lexikon\/wp-json\/wp\/v2\/media?parent=14573"}],"wp:term":[{"taxonomy":"product_brand","embeddable":true,"href":"https:\/\/uj.adatbank.ro\/lexikon\/wp-json\/wp\/v2\/product_brand?post=14573"},{"taxonomy":"product_cat","embeddable":true,"href":"https:\/\/uj.adatbank.ro\/lexikon\/wp-json\/wp\/v2\/product_cat?post=14573"},{"taxonomy":"product_tag","embeddable":true,"href":"https:\/\/uj.adatbank.ro\/lexikon\/wp-json\/wp\/v2\/product_tag?post=14573"}],"curies":[{"name":"wp","href":"https:\/\/api.w.org\/{rel}","templated":true}]}}