{"id":14575,"date":"2025-07-15T13:06:12","date_gmt":"2025-07-15T11:06:12","guid":{"rendered":"https:\/\/uj.adatbank.ro\/lexikon\/termek\/marcus-stefan\/"},"modified":"2025-07-15T13:06:12","modified_gmt":"2025-07-15T11:06:12","slug":"marcus-stefan","status":"publish","type":"product","link":"https:\/\/uj.adatbank.ro\/lexikon\/termek\/marcus-stefan\/","title":{"rendered":"MARCUS, \u015etefan"},"content":{"rendered":"<p>Egerpatak (Kov.), 1929. szept. 19., \u2020 ?: agr\u00e1r- kutat\u00f3. \u2013 A mv.-i Zootechnikao Kutat\u00f3\u00e1llom\u00e1son dolgozott 27 \u00e9vig, el\u0151sz\u00f6r (1954\u201358) mint geobotanikus a legel\u0151ket tanulm\u00e1nyozta, majd a cukorr\u00e9pa termeszt\u00e9s\u00e9t (1959\u2013). T\u00f6bb mint 70 tudom\u00e1nyos dolgozata k\u00f6z\u00fcl 45 megjelent szaklapokban. <br \/><strong>Irod.:<\/strong> MMK; Pers. Mure\u015fene<\/br><\/p>\n","protected":false},"excerpt":{"rendered":"<p>Egerpatak (Kov.), 1929. szept. 19., \u2020 ?: agr\u00e1r- kutat\u00f3. \u2013 A mv.-i Zootechnikao Kutat\u00f3\u00e1llom\u00e1son dolgozott 27 \u00e9vig, el\u0151sz\u00f6r (1954\u201358) mint geobotanikus a legel\u0151ket tanulm\u00e1nyozta, majd a cukorr\u00e9pa termeszt\u00e9s\u00e9t (1959\u2013). T\u00f6bb mint 70 tudom\u00e1nyos dolgozata k\u00f6z\u00fcl 45 megjelent szaklapokban. Irod.: MMK; Pers. Mure\u015fene<\/p>\n","protected":false},"featured_media":0,"comment_status":"open","ping_status":"closed","template":"","meta":[],"product_brand":[],"product_cat":[137],"product_tag":[],"class_list":{"0":"post-14575","1":"product","2":"type-product","3":"status-publish","5":"product_cat-maros-megyei-eletrajzi-lexikon","7":"first","8":"instock","9":"shipping-taxable","10":"product-type-simple"},"_links":{"self":[{"href":"https:\/\/uj.adatbank.ro\/lexikon\/wp-json\/wp\/v2\/product\/14575","targetHints":{"allow":["GET"]}}],"collection":[{"href":"https:\/\/uj.adatbank.ro\/lexikon\/wp-json\/wp\/v2\/product"}],"about":[{"href":"https:\/\/uj.adatbank.ro\/lexikon\/wp-json\/wp\/v2\/types\/product"}],"replies":[{"embeddable":true,"href":"https:\/\/uj.adatbank.ro\/lexikon\/wp-json\/wp\/v2\/comments?post=14575"}],"wp:attachment":[{"href":"https:\/\/uj.adatbank.ro\/lexikon\/wp-json\/wp\/v2\/media?parent=14575"}],"wp:term":[{"taxonomy":"product_brand","embeddable":true,"href":"https:\/\/uj.adatbank.ro\/lexikon\/wp-json\/wp\/v2\/product_brand?post=14575"},{"taxonomy":"product_cat","embeddable":true,"href":"https:\/\/uj.adatbank.ro\/lexikon\/wp-json\/wp\/v2\/product_cat?post=14575"},{"taxonomy":"product_tag","embeddable":true,"href":"https:\/\/uj.adatbank.ro\/lexikon\/wp-json\/wp\/v2\/product_tag?post=14575"}],"curies":[{"name":"wp","href":"https:\/\/api.w.org\/{rel}","templated":true}]}}