{"id":14580,"date":"2025-07-15T13:06:24","date_gmt":"2025-07-15T11:06:24","guid":{"rendered":"https:\/\/uj.adatbank.ro\/lexikon\/termek\/maresch-bela\/"},"modified":"2025-07-15T13:06:24","modified_gmt":"2025-07-15T11:06:24","slug":"maresch-bela","status":"publish","type":"product","link":"https:\/\/uj.adatbank.ro\/lexikon\/termek\/maresch-bela\/","title":{"rendered":"MARESCH B\u00e9la"},"content":{"rendered":"<p>Arad, 1923. j\u00fal 15., \u2020 ?: sz\u00edn\u00e9sz. \u2013 A mv.-i Sz\u00e9kely Sz\u00ednh\u00e1z tagja (1948\u201350). Ezut\u00e1n \u00e1tszerz\u0151d\u00f6tt Kv.-ra (1950\u201376). El\u0151kel\u0151s\u00e9gek, f\u0151\u00fari figur\u00e1k, vag\u00e1nyok \u00e9s ingyen\u00e9l\u0151k ironikus hangv\u00e9tel\u0171 megeleven\u00edt\u00e9s\u00e9vel \u00e9rte el sikereit. <strong>F. sz.:<\/strong> Tim\u00e1r J\u00e1nos (Gergely S\u00e1ndor : Vit\u00e9zek \u00e9s h\u0151s\u00f6k); Corvino, keresked\u0151 (Ben Jonson : Volpone); M\u00e1ty\u00e1s (Hermann Heyermans : Rem\u00e9ny); Marsalko kanonok (Muksz\u00e1th K. : K\u00fcl\u00f6n\u00f6s h\u00e1zass\u00e1g); Kosztya Galuskin (V. Katajev : Bolondos vas\u00e1rnap); Rend\u0151rtiszt (Moliere : Tartuffe); Kudora (M\u00f3ricz Zs. : Uri muri); Klav Patzer (A. Grigulis : Agyag \u00e9s porcel\u00e1n); Dob\u00e2r\u0163an m\u00e9rn\u00f6k (Davidoglu : B\u00e1ny\u00e1szok), Igazgat\u00f3 a Keleti vend\u00e9gl\u0151ben (Tur testv\u00e9rek : Villa a mell\u00e9k utc\u00e1ban); Birling (Priestley: V\u00e1ratlan vend\u00e9g); De Camporeal gr\u00f3f (Hugo: Ruy Blas); Chiriac (Caragiale: Z\u0171rzavaros \u00e9jszaka); Szomor\u00faf\u0171z Walter (Brecht\u2013Weill: Koldusopera), Szab\u00f3 Ern\u0151 : Vid\u00e1m vak\u00e1ci\u00f3  =  Vid\u00e1m ny\u00e1ri m\u0171sor (1950). <br \/><strong>Irod.:<\/strong> A H\u00e9t \u00c9vk\u00f6nyve, Horv\u00e1th Bea; Kov\u00e1cs Levente; MSZL<\/br><\/p>\n","protected":false},"excerpt":{"rendered":"<p>Arad, 1923. j\u00fal 15., \u2020 ?: sz\u00edn\u00e9sz. \u2013 A mv.-i Sz\u00e9kely Sz\u00ednh\u00e1z tagja (1948\u201350). Ezut\u00e1n \u00e1tszerz\u0151d\u00f6tt Kv.-ra (1950\u201376). El\u0151kel\u0151s\u00e9gek, f\u0151\u00fari figur\u00e1k, vag\u00e1nyok \u00e9s ingyen\u00e9l\u0151k ironikus hangv\u00e9tel\u0171 megeleven\u00edt\u00e9s\u00e9vel \u00e9rte el sikereit. F. sz.: Tim\u00e1r J\u00e1nos (Gergely S\u00e1ndor : Vit\u00e9zek \u00e9s h\u0151s\u00f6k); Corvino, keresked\u0151 (Ben Jonson : Volpone); M\u00e1ty\u00e1s (Hermann Heyermans : Rem\u00e9ny); Marsalko kanonok (Muksz\u00e1th K. [&hellip;]<\/p>\n","protected":false},"featured_media":0,"comment_status":"open","ping_status":"closed","template":"","meta":[],"product_brand":[],"product_cat":[137],"product_tag":[],"class_list":{"0":"post-14580","1":"product","2":"type-product","3":"status-publish","5":"product_cat-maros-megyei-eletrajzi-lexikon","7":"first","8":"instock","9":"shipping-taxable","10":"product-type-simple"},"_links":{"self":[{"href":"https:\/\/uj.adatbank.ro\/lexikon\/wp-json\/wp\/v2\/product\/14580","targetHints":{"allow":["GET"]}}],"collection":[{"href":"https:\/\/uj.adatbank.ro\/lexikon\/wp-json\/wp\/v2\/product"}],"about":[{"href":"https:\/\/uj.adatbank.ro\/lexikon\/wp-json\/wp\/v2\/types\/product"}],"replies":[{"embeddable":true,"href":"https:\/\/uj.adatbank.ro\/lexikon\/wp-json\/wp\/v2\/comments?post=14580"}],"wp:attachment":[{"href":"https:\/\/uj.adatbank.ro\/lexikon\/wp-json\/wp\/v2\/media?parent=14580"}],"wp:term":[{"taxonomy":"product_brand","embeddable":true,"href":"https:\/\/uj.adatbank.ro\/lexikon\/wp-json\/wp\/v2\/product_brand?post=14580"},{"taxonomy":"product_cat","embeddable":true,"href":"https:\/\/uj.adatbank.ro\/lexikon\/wp-json\/wp\/v2\/product_cat?post=14580"},{"taxonomy":"product_tag","embeddable":true,"href":"https:\/\/uj.adatbank.ro\/lexikon\/wp-json\/wp\/v2\/product_tag?post=14580"}],"curies":[{"name":"wp","href":"https:\/\/api.w.org\/{rel}","templated":true}]}}