{"id":14581,"date":"2025-07-15T13:06:28","date_gmt":"2025-07-15T11:06:28","guid":{"rendered":"https:\/\/uj.adatbank.ro\/lexikon\/termek\/marginean-alexandru-dumitru\/"},"modified":"2025-07-15T13:06:28","modified_gmt":"2025-07-15T11:06:28","slug":"marginean-alexandru-dumitru","status":"publish","type":"product","link":"https:\/\/uj.adatbank.ro\/lexikon\/termek\/marginean-alexandru-dumitru\/","title":{"rendered":"M\u0102RGINEAN, Alexandru (Dumitru?)"},"content":{"rendered":"<p>? \u2020\u00a0?: igazgat\u00f3tan\u00edt\u00f3. \u2013 Radn\u00f3ton a g. kat. rom\u00e1n tannyelv\u0171 iskol\u00e1ban tan\u00edtott (1931\u201341). Igazgat\u00e1sa idej\u00e9n \u00e9p\u00fclt fel egy \u00faj \u00e1llami rom\u00e1n elemi iskola, amelynek m\u00e1r k\u00f6nyvt\u00e1ra \u00e9s mez\u0151gazdas\u00e1gi gyakorl\u00f3kertje is volt (1938) Tan\u00edt\u00f3i lak\u00e1s is \u00e9p\u00fclt (1934\u20131938). <br \/><strong>Irod.:<\/strong> Iernut<\/br><\/p>\n","protected":false},"excerpt":{"rendered":"<p>? \u2020\u00a0?: igazgat\u00f3tan\u00edt\u00f3. \u2013 Radn\u00f3ton a g. kat. rom\u00e1n tannyelv\u0171 iskol\u00e1ban tan\u00edtott (1931\u201341). Igazgat\u00e1sa idej\u00e9n \u00e9p\u00fclt fel egy \u00faj \u00e1llami rom\u00e1n elemi iskola, amelynek m\u00e1r k\u00f6nyvt\u00e1ra \u00e9s mez\u0151gazdas\u00e1gi gyakorl\u00f3kertje is volt (1938) Tan\u00edt\u00f3i lak\u00e1s is \u00e9p\u00fclt (1934\u20131938). Irod.: Iernut<\/p>\n","protected":false},"featured_media":0,"comment_status":"open","ping_status":"closed","template":"","meta":[],"product_brand":[],"product_cat":[137],"product_tag":[],"class_list":{"0":"post-14581","1":"product","2":"type-product","3":"status-publish","5":"product_cat-maros-megyei-eletrajzi-lexikon","7":"first","8":"instock","9":"shipping-taxable","10":"product-type-simple"},"_links":{"self":[{"href":"https:\/\/uj.adatbank.ro\/lexikon\/wp-json\/wp\/v2\/product\/14581","targetHints":{"allow":["GET"]}}],"collection":[{"href":"https:\/\/uj.adatbank.ro\/lexikon\/wp-json\/wp\/v2\/product"}],"about":[{"href":"https:\/\/uj.adatbank.ro\/lexikon\/wp-json\/wp\/v2\/types\/product"}],"replies":[{"embeddable":true,"href":"https:\/\/uj.adatbank.ro\/lexikon\/wp-json\/wp\/v2\/comments?post=14581"}],"wp:attachment":[{"href":"https:\/\/uj.adatbank.ro\/lexikon\/wp-json\/wp\/v2\/media?parent=14581"}],"wp:term":[{"taxonomy":"product_brand","embeddable":true,"href":"https:\/\/uj.adatbank.ro\/lexikon\/wp-json\/wp\/v2\/product_brand?post=14581"},{"taxonomy":"product_cat","embeddable":true,"href":"https:\/\/uj.adatbank.ro\/lexikon\/wp-json\/wp\/v2\/product_cat?post=14581"},{"taxonomy":"product_tag","embeddable":true,"href":"https:\/\/uj.adatbank.ro\/lexikon\/wp-json\/wp\/v2\/product_tag?post=14581"}],"curies":[{"name":"wp","href":"https:\/\/api.w.org\/{rel}","templated":true}]}}