{"id":14591,"date":"2025-07-15T13:06:54","date_gmt":"2025-07-15T11:06:54","guid":{"rendered":"https:\/\/uj.adatbank.ro\/lexikon\/termek\/margitay-stephanus-marditar-stephanus\/"},"modified":"2025-07-15T13:06:54","modified_gmt":"2025-07-15T11:06:54","slug":"margitay-stephanus-marditar-stephanus","status":"publish","type":"product","link":"https:\/\/uj.adatbank.ro\/lexikon\/termek\/margitay-stephanus-marditar-stephanus\/","title":{"rendered":"MARGITAY Stephanus, Marditar Stephanus"},"content":{"rendered":"<p>Mv., 1797., \u2020\u00a0?: egyetemi hallgat\u00f3. \u2013 \u00c1rva. Hints D\u00e1nieln\u00e9l inaskodott, aki a gy\u00e1mja volt. \u2013 26 \u00e9ves kor\u00e1ban Pesten seb\u00e9szhallgat\u00f3 (1823\u201326). <br \/><strong>Irod.:<\/strong> Szab\u00f3 Mikl\u00f3s 2005<\/br><\/p>\n","protected":false},"excerpt":{"rendered":"<p>Mv., 1797., \u2020\u00a0?: egyetemi hallgat\u00f3. \u2013 \u00c1rva. Hints D\u00e1nieln\u00e9l inaskodott, aki a gy\u00e1mja volt. \u2013 26 \u00e9ves kor\u00e1ban Pesten seb\u00e9szhallgat\u00f3 (1823\u201326). Irod.: Szab\u00f3 Mikl\u00f3s 2005<\/p>\n","protected":false},"featured_media":0,"comment_status":"open","ping_status":"closed","template":"","meta":[],"product_brand":[],"product_cat":[137],"product_tag":[],"class_list":{"0":"post-14591","1":"product","2":"type-product","3":"status-publish","5":"product_cat-maros-megyei-eletrajzi-lexikon","7":"first","8":"instock","9":"shipping-taxable","10":"product-type-simple"},"_links":{"self":[{"href":"https:\/\/uj.adatbank.ro\/lexikon\/wp-json\/wp\/v2\/product\/14591","targetHints":{"allow":["GET"]}}],"collection":[{"href":"https:\/\/uj.adatbank.ro\/lexikon\/wp-json\/wp\/v2\/product"}],"about":[{"href":"https:\/\/uj.adatbank.ro\/lexikon\/wp-json\/wp\/v2\/types\/product"}],"replies":[{"embeddable":true,"href":"https:\/\/uj.adatbank.ro\/lexikon\/wp-json\/wp\/v2\/comments?post=14591"}],"wp:attachment":[{"href":"https:\/\/uj.adatbank.ro\/lexikon\/wp-json\/wp\/v2\/media?parent=14591"}],"wp:term":[{"taxonomy":"product_brand","embeddable":true,"href":"https:\/\/uj.adatbank.ro\/lexikon\/wp-json\/wp\/v2\/product_brand?post=14591"},{"taxonomy":"product_cat","embeddable":true,"href":"https:\/\/uj.adatbank.ro\/lexikon\/wp-json\/wp\/v2\/product_cat?post=14591"},{"taxonomy":"product_tag","embeddable":true,"href":"https:\/\/uj.adatbank.ro\/lexikon\/wp-json\/wp\/v2\/product_tag?post=14591"}],"curies":[{"name":"wp","href":"https:\/\/api.w.org\/{rel}","templated":true}]}}