{"id":14594,"date":"2025-07-15T13:07:01","date_gmt":"2025-07-15T11:07:01","guid":{"rendered":"https:\/\/uj.adatbank.ro\/lexikon\/termek\/mariaffy-albert-maksai\/"},"modified":"2025-07-15T13:07:01","modified_gmt":"2025-07-15T11:07:01","slug":"mariaffy-albert-maksai","status":"publish","type":"product","link":"https:\/\/uj.adatbank.ro\/lexikon\/termek\/mariaffy-albert-maksai\/","title":{"rendered":"M\u00c1RIAFFY Albert, maksai"},"content":{"rendered":"<p>Marosszentgy\u00f6rgy, Nagyernye Gudenus szerint, 1895. dec. 2., \u2020\u00a0Bp., 1955. febr. 7.: f\u00f6ldbirtokos, z\u00e1szl\u00f3s. \u2013 M. Lajos (1868\u20131915) \u00e9s nagyercsei \u00e9s gelencei gr. Toldalaghi Roz\u00e1lia (1866\u20131943) fia. Feles\u00e9ge: gr Bethlen Erzs\u00e9bet Louise (Torda, 1907. nov. 19.- Bp., 1985. \u00e1pr. 26. Tem.Bp., Farkasr\u00e9t, 1985. m\u00e1j. 23.), megesk\u00fcdek Tord\u00e1n (1927. m\u00e1j. 4), elv\u00e1lt (Bp., 1937. m\u00e1rc. 31). Fia: D\u00e1vid, vele egy\u00fctt igazolta m. nemess\u00e9g\u00e9t (1934). \u2013 Az els\u0151 vh.-ban hadapr\u00f3d a mv.-i 9. honv\u00e9d husz\u00e1rezredben, a galiciai arcvonalszakaszon harcolt (1916. jan. 9.-aug. 8.), tartal\u00e9kos hadapr\u00f3dk\u00e9nt 2. osz. ez\u00fcst vit\u00e9zs\u00e9gi \u00e9rmet kapott. Marosszentgy\u00f6rgy\u00f6n volt 1387 hold birtoka, aminek k\u00f6zel 25%-\u00e1t kisaj\u00e1t\u00edtotta a rom\u00e1n \u00e1llam az imp\u00e9rium v\u00e1ltoz\u00e1s ut\u00e1ni f\u00f6ldreformmal (1921). <br \/><strong>Irod.:<\/strong> Gudenus; K\u00e1lm\u00e1n Attila: A M\u00e1riaffi csal\u00e1d t\u00f6rt\u00e9net\u00e9hez = Marosszentgy\u00f6gy; Koszta; Koszta Istv\u00e1n: F\u00f6ldindul\u00e1s \u2013 1916 = P\u00e1l-Antal \u2013 Simon; Pan\u0103<\/br><\/p>\n","protected":false},"excerpt":{"rendered":"<p>Marosszentgy\u00f6rgy, Nagyernye Gudenus szerint, 1895. dec. 2., \u2020\u00a0Bp., 1955. febr. 7.: f\u00f6ldbirtokos, z\u00e1szl\u00f3s. \u2013 M. Lajos (1868\u20131915) \u00e9s nagyercsei \u00e9s gelencei gr. Toldalaghi Roz\u00e1lia (1866\u20131943) fia. Feles\u00e9ge: gr Bethlen Erzs\u00e9bet Louise (Torda, 1907. nov. 19.- Bp., 1985. \u00e1pr. 26. Tem.Bp., Farkasr\u00e9t, 1985. m\u00e1j. 23.), megesk\u00fcdek Tord\u00e1n (1927. m\u00e1j. 4), elv\u00e1lt (Bp., 1937. m\u00e1rc. 31). Fia: [&hellip;]<\/p>\n","protected":false},"featured_media":0,"comment_status":"open","ping_status":"closed","template":"","meta":[],"product_brand":[],"product_cat":[137],"product_tag":[],"class_list":{"0":"post-14594","1":"product","2":"type-product","3":"status-publish","5":"product_cat-maros-megyei-eletrajzi-lexikon","7":"first","8":"instock","9":"shipping-taxable","10":"product-type-simple"},"_links":{"self":[{"href":"https:\/\/uj.adatbank.ro\/lexikon\/wp-json\/wp\/v2\/product\/14594","targetHints":{"allow":["GET"]}}],"collection":[{"href":"https:\/\/uj.adatbank.ro\/lexikon\/wp-json\/wp\/v2\/product"}],"about":[{"href":"https:\/\/uj.adatbank.ro\/lexikon\/wp-json\/wp\/v2\/types\/product"}],"replies":[{"embeddable":true,"href":"https:\/\/uj.adatbank.ro\/lexikon\/wp-json\/wp\/v2\/comments?post=14594"}],"wp:attachment":[{"href":"https:\/\/uj.adatbank.ro\/lexikon\/wp-json\/wp\/v2\/media?parent=14594"}],"wp:term":[{"taxonomy":"product_brand","embeddable":true,"href":"https:\/\/uj.adatbank.ro\/lexikon\/wp-json\/wp\/v2\/product_brand?post=14594"},{"taxonomy":"product_cat","embeddable":true,"href":"https:\/\/uj.adatbank.ro\/lexikon\/wp-json\/wp\/v2\/product_cat?post=14594"},{"taxonomy":"product_tag","embeddable":true,"href":"https:\/\/uj.adatbank.ro\/lexikon\/wp-json\/wp\/v2\/product_tag?post=14594"}],"curies":[{"name":"wp","href":"https:\/\/api.w.org\/{rel}","templated":true}]}}