{"id":14595,"date":"2025-07-15T13:07:03","date_gmt":"2025-07-15T11:07:03","guid":{"rendered":"https:\/\/uj.adatbank.ro\/lexikon\/termek\/mariaffy-albert-mariaffi-albert-maksai-gr\/"},"modified":"2025-07-15T13:07:03","modified_gmt":"2025-07-15T11:07:03","slug":"mariaffy-albert-mariaffi-albert-maksai-gr","status":"publish","type":"product","link":"https:\/\/uj.adatbank.ro\/lexikon\/termek\/mariaffy-albert-mariaffi-albert-maksai-gr\/","title":{"rendered":"M\u00c1RIAFFY Albert, M\u00e1riaffi Albert, maksai, gr."},"content":{"rendered":"<p>Marosszentgy\u00f6rgy, 1823. j\u00fal. 23., \u2020\u00a0Marosszentgy\u00f6rgy, 1889. febr. 10., temetve a csal\u00e1di k\u00e1poln\u00e1ba: marosszentgy\u00f6rgyi f\u00f6ldbirtokos. \u2013 M. D\u00e1vid \u00e9s kir\u00e1lyhalmi Petki M\u00e1ria (\u2020 1895) fia. Feles\u00e9ge: 1. losonci br. B\u00e1nffy Roz\u00e1lia (1827\u20131866); 2. gr. Bethlen Lujza (1834-Mv., 1900), B. G\u00e1bor \u00e9s B. Kl\u00e1ra le\u00e1nya, (esk\u00fcv\u0151: 1866. dec. 15.). Gyermekeik: M. D\u00e1vid cs. kir. kamar\u00e1s (1859\u20131907); M\u00e1ria (1865-Mv., 1924. jan. 11.), dr.Kn\u00f6pfler Elekn\u00e9; Vilma (1875.?- Marosszentgy\u00f6rgy, 1884. j\u00fan. 7.); Gabriella Macsk\u00e1si Istv\u00e1nn\u00e9; Lajos (1868\u20131915). Nagyb\u00e1tyja: M. J\u00f3zsef, cs. kir. t\u00f6rv\u00e9nysz\u00e9ki tan\u00e1csos. \u2013 Marosszentgy\u00f6rgyi birtokos. Apja a kir\u00e1lyhalmi Petki M\u00e1ri\u00e1val k\u00f6t\u00f6tt h\u00e1zass\u00e1ga r\u00e9v\u00e9n (1820) szerezte a birtokot. A Petki Istv\u00e1n \u00e1ltal \u00e9p\u00edtett majd elromosodott \u00e9s lebontott udvarh\u00e1z hely\u00e9re m\u00e1sodik feles\u00e9g\u00e9vel Bethlen Lujz\u00e1val, fel\u00e9p\u00edttette So\u00f3s P\u00e1l mv.-i k\u0151m\u0171vesmesterrel az \u00faj k\u00e9tszintes kast\u00e9lyt, neorenesz\u00e1nsz st\u00edlusban (1870). Hozz\u00e1 68 ha. diszpark tartozott. Itt fogadhatta eb\u00e9den, mv.-i l\u00e1togat\u00e1sa alkalm\u00e1val, J\u00f3zsef f\u0151herceget (1875). Virilista (1887). Mint honv\u00e9dtiszt, kivette r\u00e9sz\u00e9t az 1848\/49-es forradalomban Az EMKE alap\u00edt\u00f3 \u00e9s v\u00e1lasztott v\u00e1lasztm\u00e1nyi tagja, (1885\u2013), 1600 koron\u00e1val t\u00e1mogatta az egyes\u00fcletet. Szerepet v\u00e1llalt az EGE m\u0171k\u00f6d\u00e9s\u00e9ben, az Erd\u00e9lyi Kereskedelmi \u00e9s Hitelbank, az Erd\u0151vid\u00e9ki B\u00e1nya Egylet RT igazgat\u00f3s\u00e1gi tagja (1876\u201389) hal\u00e1l\u00e1ig. <br \/><strong>Irod.:<\/strong> Bicsok-Orb\u00e1n; Gy\u00e1szjelent\u0151; Id\u0151t\u00e1r 2; K\u00e1lm\u00e1n Attila: A M\u00e1riaffi csal\u00e1d t\u00f6rt\u00e9net\u00e9hez = Marosszentgy\u00f6rgy; Keresztes\u00a0Gyula; Mordovin Maxim: A Petki csal\u00e1d \u00e9s Marosszentgy\u00f6rgy = Marosszentgy\u00f6rgy; Nemes Gyula: R\u00e9g\u00e9szek kutatj\u00e1k a M\u00e1riaffi-kast\u00e9ly titkait (K\u00f6zpont, 40. sz., 2015. okt. 8\u201314.); Nagy-Bod\u00f3 Tibor: A Petki-M\u00e1riaffy-kast\u00e9ly (K\u00f6zpont, 2016. j\u00fal. 21\u201327.); P\u00e1lmay; S\u00e1ndor; Vigh<\/br><\/p>\n","protected":false},"excerpt":{"rendered":"<p>Marosszentgy\u00f6rgy, 1823. j\u00fal. 23., \u2020\u00a0Marosszentgy\u00f6rgy, 1889. febr. 10., temetve a csal\u00e1di k\u00e1poln\u00e1ba: marosszentgy\u00f6rgyi f\u00f6ldbirtokos. \u2013 M. D\u00e1vid \u00e9s kir\u00e1lyhalmi Petki M\u00e1ria (\u2020 1895) fia. Feles\u00e9ge: 1. losonci br. B\u00e1nffy Roz\u00e1lia (1827\u20131866); 2. gr. Bethlen Lujza (1834-Mv., 1900), B. G\u00e1bor \u00e9s B. Kl\u00e1ra le\u00e1nya, (esk\u00fcv\u0151: 1866. dec. 15.). Gyermekeik: M. D\u00e1vid cs. kir. kamar\u00e1s (1859\u20131907); M\u00e1ria [&hellip;]<\/p>\n","protected":false},"featured_media":0,"comment_status":"open","ping_status":"closed","template":"","meta":[],"product_brand":[],"product_cat":[137],"product_tag":[],"class_list":{"0":"post-14595","1":"product","2":"type-product","3":"status-publish","5":"product_cat-maros-megyei-eletrajzi-lexikon","7":"first","8":"instock","9":"shipping-taxable","10":"product-type-simple"},"_links":{"self":[{"href":"https:\/\/uj.adatbank.ro\/lexikon\/wp-json\/wp\/v2\/product\/14595","targetHints":{"allow":["GET"]}}],"collection":[{"href":"https:\/\/uj.adatbank.ro\/lexikon\/wp-json\/wp\/v2\/product"}],"about":[{"href":"https:\/\/uj.adatbank.ro\/lexikon\/wp-json\/wp\/v2\/types\/product"}],"replies":[{"embeddable":true,"href":"https:\/\/uj.adatbank.ro\/lexikon\/wp-json\/wp\/v2\/comments?post=14595"}],"wp:attachment":[{"href":"https:\/\/uj.adatbank.ro\/lexikon\/wp-json\/wp\/v2\/media?parent=14595"}],"wp:term":[{"taxonomy":"product_brand","embeddable":true,"href":"https:\/\/uj.adatbank.ro\/lexikon\/wp-json\/wp\/v2\/product_brand?post=14595"},{"taxonomy":"product_cat","embeddable":true,"href":"https:\/\/uj.adatbank.ro\/lexikon\/wp-json\/wp\/v2\/product_cat?post=14595"},{"taxonomy":"product_tag","embeddable":true,"href":"https:\/\/uj.adatbank.ro\/lexikon\/wp-json\/wp\/v2\/product_tag?post=14595"}],"curies":[{"name":"wp","href":"https:\/\/api.w.org\/{rel}","templated":true}]}}