{"id":14600,"date":"2025-07-15T13:07:12","date_gmt":"2025-07-15T11:07:12","guid":{"rendered":"https:\/\/uj.adatbank.ro\/lexikon\/termek\/mariaffy-gabor-maksai\/"},"modified":"2025-07-15T13:07:12","modified_gmt":"2025-07-15T11:07:12","slug":"mariaffy-gabor-maksai","status":"publish","type":"product","link":"https:\/\/uj.adatbank.ro\/lexikon\/termek\/mariaffy-gabor-maksai\/","title":{"rendered":"M\u00c1RIAFFY G\u00e1bor, maksai"},"content":{"rendered":"<p>Marosszentgy\u00f6rgy, 1896. szept. 6., \u2020\u00a0Maroskereszt\u00far, 1938. aug. 6.: f\u00f6ldbirtokos, hadnagy. \u2013 M. Lajos (1868\u20131915) \u00e9s gr. Tholdalagi Roz\u00e1lia (1866\u20131943) fia. Esk\u00fcv\u0151: 1919. szept. 6. Feles\u00e9ge: t\u00f6visi br. B\u00e1lintitt M\u00e1ria Magdolna, B. J\u00f3zsef Andr\u00e1s Gy\u00f6rgy \u00e9s B\u00e9ldi Georgina l\u00e1nya (Nagyernye, 1888. nov. 8.-Bp., 1966. dec. 1. \u00d6ngyilkos lett). Gyermekei: M\u00e9da, Lili, Judit (1923- Maroskereszt\u00far, 1942. dec. 21, temetve Marpsszentgy\u00f6rgy). \u2013 Tat\u00e1n v\u00e9gezte a k\u00f6z\u00e9piskol\u00e1it, az iskola padjaib\u00f3l egyenesen a vh.-ba vonult (1915\u2013), az olasz \u00e9s a rom\u00e1n fronton harcolt (1916. j\u00fan.1.\u2013), f\u0151hadnagyi rangban szerelt le, t\u00f6bb kit\u0171ntet\u00e9st kapott. A h\u00e1bor\u00fa ut\u00e1n Maroskereszt\u00faron vezette f\u00f6ldbirtok\u00e1t, amely lecs\u00f6kkent az uralomv\u00e1lt\u00e1s ut\u00e1n, a rom\u00e1n hat\u00f3s\u00e1gok \u00e1lland\u00f3 megfigyel\u00e9s alatt tartott\u00e1k, t\u00f6bbsz\u00f6r b\u0171ntett\u00e9k. <br \/><strong>Irod.:<\/strong> Gudenus; K\u00e1lm\u00e1n Attila: A M\u00e1riaffi csal\u00e1d t\u00f6rt\u00e9net\u00e9hez = Marosszentgy\u00f6gy; Koszta; Lev\u00e9lt\u00e1ri gy\u00e1szj.; P\u00e1lmay; Sz\u00e9kelyf\u0151ld \u00ed. k.<\/br><\/p>\n","protected":false},"excerpt":{"rendered":"<p>Marosszentgy\u00f6rgy, 1896. szept. 6., \u2020\u00a0Maroskereszt\u00far, 1938. aug. 6.: f\u00f6ldbirtokos, hadnagy. \u2013 M. Lajos (1868\u20131915) \u00e9s gr. Tholdalagi Roz\u00e1lia (1866\u20131943) fia. Esk\u00fcv\u0151: 1919. szept. 6. Feles\u00e9ge: t\u00f6visi br. B\u00e1lintitt M\u00e1ria Magdolna, B. J\u00f3zsef Andr\u00e1s Gy\u00f6rgy \u00e9s B\u00e9ldi Georgina l\u00e1nya (Nagyernye, 1888. nov. 8.-Bp., 1966. dec. 1. \u00d6ngyilkos lett). Gyermekei: M\u00e9da, Lili, Judit (1923- Maroskereszt\u00far, 1942. dec. [&hellip;]<\/p>\n","protected":false},"featured_media":0,"comment_status":"open","ping_status":"closed","template":"","meta":[],"product_brand":[],"product_cat":[137],"product_tag":[],"class_list":{"0":"post-14600","1":"product","2":"type-product","3":"status-publish","5":"product_cat-maros-megyei-eletrajzi-lexikon","7":"first","8":"instock","9":"shipping-taxable","10":"product-type-simple"},"_links":{"self":[{"href":"https:\/\/uj.adatbank.ro\/lexikon\/wp-json\/wp\/v2\/product\/14600","targetHints":{"allow":["GET"]}}],"collection":[{"href":"https:\/\/uj.adatbank.ro\/lexikon\/wp-json\/wp\/v2\/product"}],"about":[{"href":"https:\/\/uj.adatbank.ro\/lexikon\/wp-json\/wp\/v2\/types\/product"}],"replies":[{"embeddable":true,"href":"https:\/\/uj.adatbank.ro\/lexikon\/wp-json\/wp\/v2\/comments?post=14600"}],"wp:attachment":[{"href":"https:\/\/uj.adatbank.ro\/lexikon\/wp-json\/wp\/v2\/media?parent=14600"}],"wp:term":[{"taxonomy":"product_brand","embeddable":true,"href":"https:\/\/uj.adatbank.ro\/lexikon\/wp-json\/wp\/v2\/product_brand?post=14600"},{"taxonomy":"product_cat","embeddable":true,"href":"https:\/\/uj.adatbank.ro\/lexikon\/wp-json\/wp\/v2\/product_cat?post=14600"},{"taxonomy":"product_tag","embeddable":true,"href":"https:\/\/uj.adatbank.ro\/lexikon\/wp-json\/wp\/v2\/product_tag?post=14600"}],"curies":[{"name":"wp","href":"https:\/\/api.w.org\/{rel}","templated":true}]}}