{"id":14601,"date":"2025-07-15T13:07:13","date_gmt":"2025-07-15T11:07:13","guid":{"rendered":"https:\/\/uj.adatbank.ro\/lexikon\/termek\/mariaffy-lajos-maksai\/"},"modified":"2025-07-15T13:07:13","modified_gmt":"2025-07-15T11:07:13","slug":"mariaffy-lajos-maksai","status":"publish","type":"product","link":"https:\/\/uj.adatbank.ro\/lexikon\/termek\/mariaffy-lajos-maksai\/","title":{"rendered":"M\u00c1RIAFFY Lajos, maksai"},"content":{"rendered":"<p>? \u2020\u00a01819: kincst\u00e1ri tan\u00e1csos. \u2013 Parajdi \u00e9s Tordai kamaraisp\u00e1n, kincst\u00e1ri tan\u00e1csos. D\u00e1vid (\u2020 1762) \u00e9s Sz\u00e1va \u00c9va Krisztina fia. Feles\u00e9ge: szenth\u00e1roms\u00e1gi Szeredai Anna. Gyermekeik: Antal (\u2020 1855), D\u00e1vid, J\u00f3zsef, Am\u00e1lia, Alojza, Anna. <br \/><strong>Irod.:<\/strong> Gudenus; P\u00e1lmay<\/br><\/p>\n","protected":false},"excerpt":{"rendered":"<p>? \u2020\u00a01819: kincst\u00e1ri tan\u00e1csos. \u2013 Parajdi \u00e9s Tordai kamaraisp\u00e1n, kincst\u00e1ri tan\u00e1csos. D\u00e1vid (\u2020 1762) \u00e9s Sz\u00e1va \u00c9va Krisztina fia. Feles\u00e9ge: szenth\u00e1roms\u00e1gi Szeredai Anna. Gyermekeik: Antal (\u2020 1855), D\u00e1vid, J\u00f3zsef, Am\u00e1lia, Alojza, Anna. Irod.: Gudenus; P\u00e1lmay<\/p>\n","protected":false},"featured_media":0,"comment_status":"open","ping_status":"closed","template":"","meta":[],"product_brand":[],"product_cat":[137],"product_tag":[],"class_list":{"0":"post-14601","1":"product","2":"type-product","3":"status-publish","5":"product_cat-maros-megyei-eletrajzi-lexikon","7":"first","8":"instock","9":"shipping-taxable","10":"product-type-simple"},"_links":{"self":[{"href":"https:\/\/uj.adatbank.ro\/lexikon\/wp-json\/wp\/v2\/product\/14601","targetHints":{"allow":["GET"]}}],"collection":[{"href":"https:\/\/uj.adatbank.ro\/lexikon\/wp-json\/wp\/v2\/product"}],"about":[{"href":"https:\/\/uj.adatbank.ro\/lexikon\/wp-json\/wp\/v2\/types\/product"}],"replies":[{"embeddable":true,"href":"https:\/\/uj.adatbank.ro\/lexikon\/wp-json\/wp\/v2\/comments?post=14601"}],"wp:attachment":[{"href":"https:\/\/uj.adatbank.ro\/lexikon\/wp-json\/wp\/v2\/media?parent=14601"}],"wp:term":[{"taxonomy":"product_brand","embeddable":true,"href":"https:\/\/uj.adatbank.ro\/lexikon\/wp-json\/wp\/v2\/product_brand?post=14601"},{"taxonomy":"product_cat","embeddable":true,"href":"https:\/\/uj.adatbank.ro\/lexikon\/wp-json\/wp\/v2\/product_cat?post=14601"},{"taxonomy":"product_tag","embeddable":true,"href":"https:\/\/uj.adatbank.ro\/lexikon\/wp-json\/wp\/v2\/product_tag?post=14601"}],"curies":[{"name":"wp","href":"https:\/\/api.w.org\/{rel}","templated":true}]}}