{"id":14603,"date":"2025-07-15T13:07:16","date_gmt":"2025-07-15T11:07:16","guid":{"rendered":"https:\/\/uj.adatbank.ro\/lexikon\/termek\/mariaffy-lajos-maksai-mariaffi-lajos\/"},"modified":"2025-07-15T13:07:16","modified_gmt":"2025-07-15T11:07:16","slug":"mariaffy-lajos-maksai-mariaffi-lajos","status":"publish","type":"product","link":"https:\/\/uj.adatbank.ro\/lexikon\/termek\/mariaffy-lajos-maksai-mariaffi-lajos\/","title":{"rendered":"M\u00c1RIAFFY Lajos, maksai, M\u00e1riaffi Lajos"},"content":{"rendered":"<p>Kv., 1868. \u00e1pr. 5., \u2020\u00a0Gyulatelke, 1915. j\u00fan. 21, Marosszentgy\u00f6rgy\u00f6n temett\u00e9k 1915. j\u00fan. 23.: f\u00f6ldbirtokos, kamar\u00e1s. \u2013 M. Albert (1815\u20131889) \u00e9s Bethlen Lujza (1835-Mv., 1900) fia. Feles\u00e9ge nagyercsei Tholdalagi R\u00f3z\u00e1lia (1866\u20131943) csillagkeresztes h\u00f6lgy (Esk.: Radn\u00f3tf\u00e1ja, 1892. nov. 5. v.). Gyermekeik: Lajos (1894\u20131971), Albert (1895\u20131955) \u00e9s G\u00e1bor (1896\u20131938). \u2013 Hosszabb k\u00fclf\u00f6ldi \u00fatat tett (1893\u2013). Cs. \u00e9s k. kamar\u00e1s, b\u00edrtokos Marosszentgy\u00f6rgy\u00f6n, a katolikus egyh\u00e1z patr\u00f3nusa, a vm. egyik leggazdagabb birtokosa, egyike a vm. 10 legjelent\u0151sebb ad\u00f3fizet\u0151j\u00e9nek. Gondos gazda, a Marosszentanna-Udvarfalva birtok\u00e1n sz\u0151l\u0151t, rizlinget \u00e9s muskot\u00e1lyt termesztett. Az OMGE tagaja (1898\u20131916), a MT vm. Gazdas\u00e1gi Egylet aleln\u00f6ke, a mv.-i takar\u00e9kp\u00e9nzt\u00e1r igazgat\u00f3s\u00e1gi tagja (lemondott 1902). Malma volt a Maroson (1902). L\u00f3teny\u00e9szt\u0151 \u00e9s l\u00f3versenyek szevez\u0151je, versenyz\u0151je Mv. hat\u00e1r\u00e1ban, a szentgy\u00f6rgyi r\u00e9ten, M\u00e1riaffy birtokon. Kettesfogat\u00fa verseny els\u0151 helyezettje (1891), a n\u00e9gyesfogat\u00fa \u00fcget\u0151verseny is megnyerte az els\u0151 d\u00edjat (1892. szept. 25), \u00fcget\u0151verseny kettes fogatokkal 31 km. m\u00e1sodik hely (1895). Kamar\u00e1si m\u00e9lt\u00f3s\u00e1got szerzett (1910). V\u00f6r\u00f6s Kereszt eln\u00f6ke, az EP eln\u00f6ks\u00e9gi tagja. Virilista (1913). <br \/><strong>Irod.:<\/strong> Gudenus, Gy\u00e1szjelent\u0151; Id\u0151t\u00e1r 2\u00a0; K\u00e1lm\u00e1n Attila: A M\u00e1riaffi csal\u00e1d t\u00f6rt\u00e9net\u00e9hez = Marosszentgy\u00f6gy<\/br><\/p>\n","protected":false},"excerpt":{"rendered":"<p>Kv., 1868. \u00e1pr. 5., \u2020\u00a0Gyulatelke, 1915. j\u00fan. 21, Marosszentgy\u00f6rgy\u00f6n temett\u00e9k 1915. j\u00fan. 23.: f\u00f6ldbirtokos, kamar\u00e1s. \u2013 M. Albert (1815\u20131889) \u00e9s Bethlen Lujza (1835-Mv., 1900) fia. Feles\u00e9ge nagyercsei Tholdalagi R\u00f3z\u00e1lia (1866\u20131943) csillagkeresztes h\u00f6lgy (Esk.: Radn\u00f3tf\u00e1ja, 1892. nov. 5. v.). Gyermekeik: Lajos (1894\u20131971), Albert (1895\u20131955) \u00e9s G\u00e1bor (1896\u20131938). \u2013 Hosszabb k\u00fclf\u00f6ldi \u00fatat tett (1893\u2013). Cs. \u00e9s k. [&hellip;]<\/p>\n","protected":false},"featured_media":0,"comment_status":"open","ping_status":"closed","template":"","meta":[],"product_brand":[],"product_cat":[137],"product_tag":[],"class_list":{"0":"post-14603","1":"product","2":"type-product","3":"status-publish","5":"product_cat-maros-megyei-eletrajzi-lexikon","7":"first","8":"instock","9":"shipping-taxable","10":"product-type-simple"},"_links":{"self":[{"href":"https:\/\/uj.adatbank.ro\/lexikon\/wp-json\/wp\/v2\/product\/14603","targetHints":{"allow":["GET"]}}],"collection":[{"href":"https:\/\/uj.adatbank.ro\/lexikon\/wp-json\/wp\/v2\/product"}],"about":[{"href":"https:\/\/uj.adatbank.ro\/lexikon\/wp-json\/wp\/v2\/types\/product"}],"replies":[{"embeddable":true,"href":"https:\/\/uj.adatbank.ro\/lexikon\/wp-json\/wp\/v2\/comments?post=14603"}],"wp:attachment":[{"href":"https:\/\/uj.adatbank.ro\/lexikon\/wp-json\/wp\/v2\/media?parent=14603"}],"wp:term":[{"taxonomy":"product_brand","embeddable":true,"href":"https:\/\/uj.adatbank.ro\/lexikon\/wp-json\/wp\/v2\/product_brand?post=14603"},{"taxonomy":"product_cat","embeddable":true,"href":"https:\/\/uj.adatbank.ro\/lexikon\/wp-json\/wp\/v2\/product_cat?post=14603"},{"taxonomy":"product_tag","embeddable":true,"href":"https:\/\/uj.adatbank.ro\/lexikon\/wp-json\/wp\/v2\/product_tag?post=14603"}],"curies":[{"name":"wp","href":"https:\/\/api.w.org\/{rel}","templated":true}]}}