{"id":14607,"date":"2025-07-15T13:07:25","date_gmt":"2025-07-15T11:07:25","guid":{"rendered":"https:\/\/uj.adatbank.ro\/lexikon\/termek\/mariaffy-maria-maksai-mariaffi-maria-ozv-knopfler-elekne-inczedy-joksman-nandorne\/"},"modified":"2025-07-15T13:07:25","modified_gmt":"2025-07-15T11:07:25","slug":"mariaffy-maria-maksai-mariaffi-maria-ozv-knopfler-elekne-inczedy-joksman-nandorne","status":"publish","type":"product","link":"https:\/\/uj.adatbank.ro\/lexikon\/termek\/mariaffy-maria-maksai-mariaffi-maria-ozv-knopfler-elekne-inczedy-joksman-nandorne\/","title":{"rendered":"M\u00c1RIAFFY M\u00e1ria, maksai, M\u00e1riaffi M\u00e1ria, \u00f6zv. Kn\u00f6pfler Elekn\u00e9, Incz\u00e9dy Joksman N\u00e1ndorn\u00e9"},"content":{"rendered":"<p>1865. \u2020 Mv., 1924. jan. 11.: f\u00f6ldbirtokos. \u2013 Albert (1823\u20131889) \u00e9s B\u00e1nffy Roz\u00e1lia (1827\u20131865) l\u00e1nya. F\u00e9rje: 1. zar\u00e1ndi Kn\u00f6pfler Elek (1863\u20131903). Gyermek\u00fck: Albert (1890\u2013). 2. Incz\u00e9dy Joksman N\u00e1ndor (esk. 1908). \u2013 Az EMKE alap\u00edt\u00f3 \u00e9s v\u00e1lasztott v\u00e1lasztm\u00e1nyi \u00f6r\u00f6k\u00f6s tagja (1885. \u00e1pr.12\u2013). A maroskereszt\u00fari ref. templom \u00e9p\u00edt\u00e9sekor 1200 forintos adom\u00e1nnyal seg\u00edtette a befejez\u00e9st (1889). A sz\u00e9kelyf\u00f6ldi Klotild le\u00e1ny\u00e1rvah\u00e1znak 25 \u00e9ven \u00e1t volt az eln\u00f6ke (1898\u2013) \u00e9s m\u00e9g sz\u00e1mtalan j\u00f3t\u00e9konys\u00e1gi egyes\u00fclet tagja. A Bern\u00e1dy-korszakban v\u00e1rosrendez\u00e9sekor, utcanyit\u00e1si c\u00e9llal, a polg\u00e1rmesteri hivatal, megv\u00e1s\u00e1rolt a Kn\u00f6pfler\u00e9k telk\u00e9b\u0151l 456 n\u00e9gysz\u00f6g\u00f6lnyit, 11\u00a0400 koron\u00e1\u00e9rt (1906. m\u00e1rc. 21.). A maroskesreszt\u00fari kast\u00e9lyt \u00f6r\u00f6k\u00f6lte Kn\u00f6pfler Vilmost\u00f3l, ami le\u00e9gett (1935). M\u0171t\u00e1rgyakat v\u00e1s\u00e1rolt (1904\u201311). <br \/><strong>Irod.:<\/strong> Bicsok-Orb\u00e1n; Bodn\u00e1r T\u00fcnde-Timea: Jav\u00edtj\u00e1k a 120 \u00e9ves templomot (N\u00fa., 2009. j\u00fal. 7.); D\u00e9ry B\u00e9la: Almanach (Bp., 1912); Keresztes Gyula: \u00d6r\u00f6ks\u00e9g\u00fcnk 52.: A maroskereszt\u00fari kast\u00e9ly (N\u00fa., 1994. m\u00e1rc. 11.); Lev\u00e9lt\u00e1ri gy\u00e1szj; Orb\u00e1n-Oniga; S\u00e1ndor<\/br><\/p>\n","protected":false},"excerpt":{"rendered":"<p>1865. \u2020 Mv., 1924. jan. 11.: f\u00f6ldbirtokos. \u2013 Albert (1823\u20131889) \u00e9s B\u00e1nffy Roz\u00e1lia (1827\u20131865) l\u00e1nya. F\u00e9rje: 1. zar\u00e1ndi Kn\u00f6pfler Elek (1863\u20131903). Gyermek\u00fck: Albert (1890\u2013). 2. Incz\u00e9dy Joksman N\u00e1ndor (esk. 1908). \u2013 Az EMKE alap\u00edt\u00f3 \u00e9s v\u00e1lasztott v\u00e1lasztm\u00e1nyi \u00f6r\u00f6k\u00f6s tagja (1885. \u00e1pr.12\u2013). A maroskereszt\u00fari ref. templom \u00e9p\u00edt\u00e9sekor 1200 forintos adom\u00e1nnyal seg\u00edtette a befejez\u00e9st (1889). A sz\u00e9kelyf\u00f6ldi [&hellip;]<\/p>\n","protected":false},"featured_media":0,"comment_status":"open","ping_status":"closed","template":"","meta":[],"product_brand":[],"product_cat":[137],"product_tag":[],"class_list":{"0":"post-14607","1":"product","2":"type-product","3":"status-publish","5":"product_cat-maros-megyei-eletrajzi-lexikon","7":"first","8":"instock","9":"shipping-taxable","10":"product-type-simple"},"_links":{"self":[{"href":"https:\/\/uj.adatbank.ro\/lexikon\/wp-json\/wp\/v2\/product\/14607","targetHints":{"allow":["GET"]}}],"collection":[{"href":"https:\/\/uj.adatbank.ro\/lexikon\/wp-json\/wp\/v2\/product"}],"about":[{"href":"https:\/\/uj.adatbank.ro\/lexikon\/wp-json\/wp\/v2\/types\/product"}],"replies":[{"embeddable":true,"href":"https:\/\/uj.adatbank.ro\/lexikon\/wp-json\/wp\/v2\/comments?post=14607"}],"wp:attachment":[{"href":"https:\/\/uj.adatbank.ro\/lexikon\/wp-json\/wp\/v2\/media?parent=14607"}],"wp:term":[{"taxonomy":"product_brand","embeddable":true,"href":"https:\/\/uj.adatbank.ro\/lexikon\/wp-json\/wp\/v2\/product_brand?post=14607"},{"taxonomy":"product_cat","embeddable":true,"href":"https:\/\/uj.adatbank.ro\/lexikon\/wp-json\/wp\/v2\/product_cat?post=14607"},{"taxonomy":"product_tag","embeddable":true,"href":"https:\/\/uj.adatbank.ro\/lexikon\/wp-json\/wp\/v2\/product_tag?post=14607"}],"curies":[{"name":"wp","href":"https:\/\/api.w.org\/{rel}","templated":true}]}}