{"id":14609,"date":"2025-07-15T13:07:29","date_gmt":"2025-07-15T11:07:29","guid":{"rendered":"https:\/\/uj.adatbank.ro\/lexikon\/termek\/marian-mircea-gh\/"},"modified":"2025-07-15T13:07:29","modified_gmt":"2025-07-15T11:07:29","slug":"marian-mircea-gh","status":"publish","type":"product","link":"https:\/\/uj.adatbank.ro\/lexikon\/termek\/marian-mircea-gh\/","title":{"rendered":"MARIAN, Mircea Gh."},"content":{"rendered":"<p>1941., \u2020 1999. okt. : m\u00e9rn\u00f6k. \u2013 Tehnikai igazgat\u00f3 a RAGCL \u00e9s a R.A. Energomur-n\u00e1l. <br \/><strong>Irod.:<\/strong> [Nekrol\u00f3g] (C. L. , 1999. okt.12)<\/br><\/p>\n","protected":false},"excerpt":{"rendered":"<p>1941., \u2020 1999. okt. : m\u00e9rn\u00f6k. \u2013 Tehnikai igazgat\u00f3 a RAGCL \u00e9s a R.A. Energomur-n\u00e1l. Irod.: [Nekrol\u00f3g] (C. L. , 1999. okt.12)<\/p>\n","protected":false},"featured_media":0,"comment_status":"open","ping_status":"closed","template":"","meta":[],"product_brand":[],"product_cat":[137],"product_tag":[],"class_list":{"0":"post-14609","1":"product","2":"type-product","3":"status-publish","5":"product_cat-maros-megyei-eletrajzi-lexikon","7":"first","8":"instock","9":"shipping-taxable","10":"product-type-simple"},"_links":{"self":[{"href":"https:\/\/uj.adatbank.ro\/lexikon\/wp-json\/wp\/v2\/product\/14609","targetHints":{"allow":["GET"]}}],"collection":[{"href":"https:\/\/uj.adatbank.ro\/lexikon\/wp-json\/wp\/v2\/product"}],"about":[{"href":"https:\/\/uj.adatbank.ro\/lexikon\/wp-json\/wp\/v2\/types\/product"}],"replies":[{"embeddable":true,"href":"https:\/\/uj.adatbank.ro\/lexikon\/wp-json\/wp\/v2\/comments?post=14609"}],"wp:attachment":[{"href":"https:\/\/uj.adatbank.ro\/lexikon\/wp-json\/wp\/v2\/media?parent=14609"}],"wp:term":[{"taxonomy":"product_brand","embeddable":true,"href":"https:\/\/uj.adatbank.ro\/lexikon\/wp-json\/wp\/v2\/product_brand?post=14609"},{"taxonomy":"product_cat","embeddable":true,"href":"https:\/\/uj.adatbank.ro\/lexikon\/wp-json\/wp\/v2\/product_cat?post=14609"},{"taxonomy":"product_tag","embeddable":true,"href":"https:\/\/uj.adatbank.ro\/lexikon\/wp-json\/wp\/v2\/product_tag?post=14609"}],"curies":[{"name":"wp","href":"https:\/\/api.w.org\/{rel}","templated":true}]}}