{"id":14610,"date":"2025-07-15T13:07:32","date_gmt":"2025-07-15T11:07:32","guid":{"rendered":"https:\/\/uj.adatbank.ro\/lexikon\/termek\/marian-popa\/"},"modified":"2025-07-15T13:07:32","modified_gmt":"2025-07-15T11:07:32","slug":"marian-popa","status":"publish","type":"product","link":"https:\/\/uj.adatbank.ro\/lexikon\/termek\/marian-popa\/","title":{"rendered":"MARIAN, popa"},"content":{"rendered":"<p>1759., \u2020 Fels\u0151k\u00f6h\u00e9r, 1826. aug. 15.: g. kat. pap. \u2013 Ioan Bob p\u00fcsp\u00f6k Fels\u0151k\u00f6h\u00e9rbe helyezte szolg\u00e1lni (1793.febr. 2.\u2013).-<br \/><strong>Irod.:<\/strong> Dobozi<\/br><\/p>\n","protected":false},"excerpt":{"rendered":"<p>1759., \u2020 Fels\u0151k\u00f6h\u00e9r, 1826. aug. 15.: g. kat. pap. \u2013 Ioan Bob p\u00fcsp\u00f6k Fels\u0151k\u00f6h\u00e9rbe helyezte szolg\u00e1lni (1793.febr. 2.\u2013).-Irod.: Dobozi<\/p>\n","protected":false},"featured_media":0,"comment_status":"open","ping_status":"closed","template":"","meta":[],"product_brand":[],"product_cat":[137],"product_tag":[],"class_list":{"0":"post-14610","1":"product","2":"type-product","3":"status-publish","5":"product_cat-maros-megyei-eletrajzi-lexikon","7":"first","8":"instock","9":"shipping-taxable","10":"product-type-simple"},"_links":{"self":[{"href":"https:\/\/uj.adatbank.ro\/lexikon\/wp-json\/wp\/v2\/product\/14610","targetHints":{"allow":["GET"]}}],"collection":[{"href":"https:\/\/uj.adatbank.ro\/lexikon\/wp-json\/wp\/v2\/product"}],"about":[{"href":"https:\/\/uj.adatbank.ro\/lexikon\/wp-json\/wp\/v2\/types\/product"}],"replies":[{"embeddable":true,"href":"https:\/\/uj.adatbank.ro\/lexikon\/wp-json\/wp\/v2\/comments?post=14610"}],"wp:attachment":[{"href":"https:\/\/uj.adatbank.ro\/lexikon\/wp-json\/wp\/v2\/media?parent=14610"}],"wp:term":[{"taxonomy":"product_brand","embeddable":true,"href":"https:\/\/uj.adatbank.ro\/lexikon\/wp-json\/wp\/v2\/product_brand?post=14610"},{"taxonomy":"product_cat","embeddable":true,"href":"https:\/\/uj.adatbank.ro\/lexikon\/wp-json\/wp\/v2\/product_cat?post=14610"},{"taxonomy":"product_tag","embeddable":true,"href":"https:\/\/uj.adatbank.ro\/lexikon\/wp-json\/wp\/v2\/product_tag?post=14610"}],"curies":[{"name":"wp","href":"https:\/\/api.w.org\/{rel}","templated":true}]}}