{"id":14614,"date":"2025-07-15T13:07:38","date_gmt":"2025-07-15T11:07:38","guid":{"rendered":"https:\/\/uj.adatbank.ro\/lexikon\/termek\/mariassy-ella\/"},"modified":"2025-07-15T13:07:38","modified_gmt":"2025-07-15T11:07:38","slug":"mariassy-ella","status":"publish","type":"product","link":"https:\/\/uj.adatbank.ro\/lexikon\/termek\/mariassy-ella\/","title":{"rendered":"M\u00c1RI\u00c1SSY Ella"},"content":{"rendered":"<p>? \u2020\u00a0?\u00a0: f\u00f6ldbirtokos. \u2013 Az \u00e1llamos\u00edt\u00e1s ut\u00e1n csipkebogy\u00f3-feldolgoz\u00f3 Mv.-en. <br \/><strong>Irod.:<\/strong> Mik\u00f3<\/br><\/p>\n","protected":false},"excerpt":{"rendered":"<p>? \u2020\u00a0?\u00a0: f\u00f6ldbirtokos. \u2013 Az \u00e1llamos\u00edt\u00e1s ut\u00e1n csipkebogy\u00f3-feldolgoz\u00f3 Mv.-en. Irod.: Mik\u00f3<\/p>\n","protected":false},"featured_media":0,"comment_status":"open","ping_status":"closed","template":"","meta":[],"product_brand":[],"product_cat":[137],"product_tag":[],"class_list":{"0":"post-14614","1":"product","2":"type-product","3":"status-publish","5":"product_cat-maros-megyei-eletrajzi-lexikon","7":"first","8":"instock","9":"shipping-taxable","10":"product-type-simple"},"_links":{"self":[{"href":"https:\/\/uj.adatbank.ro\/lexikon\/wp-json\/wp\/v2\/product\/14614","targetHints":{"allow":["GET"]}}],"collection":[{"href":"https:\/\/uj.adatbank.ro\/lexikon\/wp-json\/wp\/v2\/product"}],"about":[{"href":"https:\/\/uj.adatbank.ro\/lexikon\/wp-json\/wp\/v2\/types\/product"}],"replies":[{"embeddable":true,"href":"https:\/\/uj.adatbank.ro\/lexikon\/wp-json\/wp\/v2\/comments?post=14614"}],"wp:attachment":[{"href":"https:\/\/uj.adatbank.ro\/lexikon\/wp-json\/wp\/v2\/media?parent=14614"}],"wp:term":[{"taxonomy":"product_brand","embeddable":true,"href":"https:\/\/uj.adatbank.ro\/lexikon\/wp-json\/wp\/v2\/product_brand?post=14614"},{"taxonomy":"product_cat","embeddable":true,"href":"https:\/\/uj.adatbank.ro\/lexikon\/wp-json\/wp\/v2\/product_cat?post=14614"},{"taxonomy":"product_tag","embeddable":true,"href":"https:\/\/uj.adatbank.ro\/lexikon\/wp-json\/wp\/v2\/product_tag?post=14614"}],"curies":[{"name":"wp","href":"https:\/\/api.w.org\/{rel}","templated":true}]}}