{"id":14617,"date":"2025-07-15T13:07:45","date_gmt":"2025-07-15T11:07:45","guid":{"rendered":"https:\/\/uj.adatbank.ro\/lexikon\/termek\/mariesan-michail\/"},"modified":"2025-07-15T13:07:45","modified_gmt":"2025-07-15T11:07:45","slug":"mariesan-michail","status":"publish","type":"product","link":"https:\/\/uj.adatbank.ro\/lexikon\/termek\/mariesan-michail\/","title":{"rendered":"MARIESAN, Michail"},"content":{"rendered":"<p>Kincses, 1860. nov. 17., \u2020 ?: g. kat. pap. \u2013 Gimn.-ot (1882) \u00e9s teol\u00f3gi\u00e1t Bal\u00e1zsfalv\u00e1n v\u00e9gzett (1886), Vancea mitropolita szentelte papp\u00e1 (1886. nov. 24.). Parokiai gondnok Vasl\u00e1bon (1886\u201394). Fels\u0151b\u00f6lk\u00e9nyben szolg\u00e1lt (1894\u20131900). Nagy n\u00e9pszer\u0171s\u00e9gnek \u00f6rvendett az eg\u00e9sz vid\u00e9ken. Misszion\u00e1rius tev\u00e9kenys\u00e9g\u00e9vel h\u00edveit megnyerte, mindannyian absztinenciai fogadalmat tettek a templomban, ami abban az id\u0151ben, amikor az alkoholizmus igen elterjedt volt, nagy dolognak sz\u00e1m\u00edtott. <br \/><strong>Irod.:<\/strong> Dobozi<\/br><\/p>\n","protected":false},"excerpt":{"rendered":"<p>Kincses, 1860. nov. 17., \u2020 ?: g. kat. pap. \u2013 Gimn.-ot (1882) \u00e9s teol\u00f3gi\u00e1t Bal\u00e1zsfalv\u00e1n v\u00e9gzett (1886), Vancea mitropolita szentelte papp\u00e1 (1886. nov. 24.). Parokiai gondnok Vasl\u00e1bon (1886\u201394). Fels\u0151b\u00f6lk\u00e9nyben szolg\u00e1lt (1894\u20131900). Nagy n\u00e9pszer\u0171s\u00e9gnek \u00f6rvendett az eg\u00e9sz vid\u00e9ken. Misszion\u00e1rius tev\u00e9kenys\u00e9g\u00e9vel h\u00edveit megnyerte, mindannyian absztinenciai fogadalmat tettek a templomban, ami abban az id\u0151ben, amikor az alkoholizmus igen [&hellip;]<\/p>\n","protected":false},"featured_media":0,"comment_status":"open","ping_status":"closed","template":"","meta":[],"product_brand":[],"product_cat":[137],"product_tag":[],"class_list":{"0":"post-14617","1":"product","2":"type-product","3":"status-publish","5":"product_cat-maros-megyei-eletrajzi-lexikon","7":"first","8":"instock","9":"shipping-taxable","10":"product-type-simple"},"_links":{"self":[{"href":"https:\/\/uj.adatbank.ro\/lexikon\/wp-json\/wp\/v2\/product\/14617","targetHints":{"allow":["GET"]}}],"collection":[{"href":"https:\/\/uj.adatbank.ro\/lexikon\/wp-json\/wp\/v2\/product"}],"about":[{"href":"https:\/\/uj.adatbank.ro\/lexikon\/wp-json\/wp\/v2\/types\/product"}],"replies":[{"embeddable":true,"href":"https:\/\/uj.adatbank.ro\/lexikon\/wp-json\/wp\/v2\/comments?post=14617"}],"wp:attachment":[{"href":"https:\/\/uj.adatbank.ro\/lexikon\/wp-json\/wp\/v2\/media?parent=14617"}],"wp:term":[{"taxonomy":"product_brand","embeddable":true,"href":"https:\/\/uj.adatbank.ro\/lexikon\/wp-json\/wp\/v2\/product_brand?post=14617"},{"taxonomy":"product_cat","embeddable":true,"href":"https:\/\/uj.adatbank.ro\/lexikon\/wp-json\/wp\/v2\/product_cat?post=14617"},{"taxonomy":"product_tag","embeddable":true,"href":"https:\/\/uj.adatbank.ro\/lexikon\/wp-json\/wp\/v2\/product_tag?post=14617"}],"curies":[{"name":"wp","href":"https:\/\/api.w.org\/{rel}","templated":true}]}}