{"id":14619,"date":"2025-07-15T13:07:49","date_gmt":"2025-07-15T11:07:49","guid":{"rendered":"https:\/\/uj.adatbank.ro\/lexikon\/termek\/marin-vasile\/"},"modified":"2025-07-15T13:07:49","modified_gmt":"2025-07-15T11:07:49","slug":"marin-vasile","status":"publish","type":"product","link":"https:\/\/uj.adatbank.ro\/lexikon\/termek\/marin-vasile\/","title":{"rendered":"MARIN, Vasile"},"content":{"rendered":"<p>? \u2020\u00a0?: tan\u00edt\u00f3. \u2013 Ny\u00e1r\u00e1dg\u00e1lfalv\u00e1n tan\u00edtott, csak rom\u00e1n nyelven tudta tan\u00edtani a m. tagozat I.-VII.oszt\u00e1lyos tanul\u00f3it (1938\u201340). Az eml\u00e9kezet meg\u0151rizte, h. nagyon j\u00f3l beilleszkedett a faluk\u00f6z\u00f6ss\u00e9gbe, kit\u0171n\u0151 labdar\u00fag\u00f3 volt. <br \/><strong>Irod.:<\/strong> Ny\u00e1r\u00e1dg\u00e1lfalva<\/br><\/p>\n","protected":false},"excerpt":{"rendered":"<p>? \u2020\u00a0?: tan\u00edt\u00f3. \u2013 Ny\u00e1r\u00e1dg\u00e1lfalv\u00e1n tan\u00edtott, csak rom\u00e1n nyelven tudta tan\u00edtani a m. tagozat I.-VII.oszt\u00e1lyos tanul\u00f3it (1938\u201340). Az eml\u00e9kezet meg\u0151rizte, h. nagyon j\u00f3l beilleszkedett a faluk\u00f6z\u00f6ss\u00e9gbe, kit\u0171n\u0151 labdar\u00fag\u00f3 volt. Irod.: Ny\u00e1r\u00e1dg\u00e1lfalva<\/p>\n","protected":false},"featured_media":0,"comment_status":"open","ping_status":"closed","template":"","meta":[],"product_brand":[],"product_cat":[137],"product_tag":[],"class_list":{"0":"post-14619","1":"product","2":"type-product","3":"status-publish","5":"product_cat-maros-megyei-eletrajzi-lexikon","7":"first","8":"instock","9":"shipping-taxable","10":"product-type-simple"},"_links":{"self":[{"href":"https:\/\/uj.adatbank.ro\/lexikon\/wp-json\/wp\/v2\/product\/14619","targetHints":{"allow":["GET"]}}],"collection":[{"href":"https:\/\/uj.adatbank.ro\/lexikon\/wp-json\/wp\/v2\/product"}],"about":[{"href":"https:\/\/uj.adatbank.ro\/lexikon\/wp-json\/wp\/v2\/types\/product"}],"replies":[{"embeddable":true,"href":"https:\/\/uj.adatbank.ro\/lexikon\/wp-json\/wp\/v2\/comments?post=14619"}],"wp:attachment":[{"href":"https:\/\/uj.adatbank.ro\/lexikon\/wp-json\/wp\/v2\/media?parent=14619"}],"wp:term":[{"taxonomy":"product_brand","embeddable":true,"href":"https:\/\/uj.adatbank.ro\/lexikon\/wp-json\/wp\/v2\/product_brand?post=14619"},{"taxonomy":"product_cat","embeddable":true,"href":"https:\/\/uj.adatbank.ro\/lexikon\/wp-json\/wp\/v2\/product_cat?post=14619"},{"taxonomy":"product_tag","embeddable":true,"href":"https:\/\/uj.adatbank.ro\/lexikon\/wp-json\/wp\/v2\/product_tag?post=14619"}],"curies":[{"name":"wp","href":"https:\/\/api.w.org\/{rel}","templated":true}]}}