{"id":14620,"date":"2025-07-15T13:07:52","date_gmt":"2025-07-15T11:07:52","guid":{"rendered":"https:\/\/uj.adatbank.ro\/lexikon\/termek\/marina-janos\/"},"modified":"2025-07-15T13:07:52","modified_gmt":"2025-07-15T11:07:52","slug":"marina-janos","status":"publish","type":"product","link":"https:\/\/uj.adatbank.ro\/lexikon\/termek\/marina-janos\/","title":{"rendered":"MARINA, J\u00e1nos"},"content":{"rendered":"<p>Kiss\u00e1rm\u00e1s, 1913., \u2020\u00a0?\u00a0: uradalmi gazdatiszt. \u2013 Iskol\u00e1it S\u00e1rm\u00e1son v\u00e9gezte, majd gazd\u00e1lkodni tanult. Bir\u00f3 J\u00f3zsef f\u00f6ldbirtok\u00e1nak volt a vezet\u0151je (\u20131940), majd a Jakabffy \u00f6r\u00f6k\u00f6s\u00f6k gazdas\u00e1g\u00e1t vezette P\u00f3k\u00e1ban. A ref. egyh\u00e1z kultur\u00e1lis int\u00e9zm\u00e9nyeiben \u00e9s a Gazdak\u00f6r vezet\u00e9s\u00e9ben vett r\u00e9szt. <br \/><strong>Irod.:<\/strong> Sz\u00e9kelyf\u00f6ld \u00ed.k.<\/br><\/p>\n","protected":false},"excerpt":{"rendered":"<p>Kiss\u00e1rm\u00e1s, 1913., \u2020\u00a0?\u00a0: uradalmi gazdatiszt. \u2013 Iskol\u00e1it S\u00e1rm\u00e1son v\u00e9gezte, majd gazd\u00e1lkodni tanult. Bir\u00f3 J\u00f3zsef f\u00f6ldbirtok\u00e1nak volt a vezet\u0151je (\u20131940), majd a Jakabffy \u00f6r\u00f6k\u00f6s\u00f6k gazdas\u00e1g\u00e1t vezette P\u00f3k\u00e1ban. A ref. egyh\u00e1z kultur\u00e1lis int\u00e9zm\u00e9nyeiben \u00e9s a Gazdak\u00f6r vezet\u00e9s\u00e9ben vett r\u00e9szt. Irod.: Sz\u00e9kelyf\u00f6ld \u00ed.k.<\/p>\n","protected":false},"featured_media":0,"comment_status":"open","ping_status":"closed","template":"","meta":[],"product_brand":[],"product_cat":[137],"product_tag":[],"class_list":{"0":"post-14620","1":"product","2":"type-product","3":"status-publish","5":"product_cat-maros-megyei-eletrajzi-lexikon","7":"first","8":"instock","9":"shipping-taxable","10":"product-type-simple"},"_links":{"self":[{"href":"https:\/\/uj.adatbank.ro\/lexikon\/wp-json\/wp\/v2\/product\/14620","targetHints":{"allow":["GET"]}}],"collection":[{"href":"https:\/\/uj.adatbank.ro\/lexikon\/wp-json\/wp\/v2\/product"}],"about":[{"href":"https:\/\/uj.adatbank.ro\/lexikon\/wp-json\/wp\/v2\/types\/product"}],"replies":[{"embeddable":true,"href":"https:\/\/uj.adatbank.ro\/lexikon\/wp-json\/wp\/v2\/comments?post=14620"}],"wp:attachment":[{"href":"https:\/\/uj.adatbank.ro\/lexikon\/wp-json\/wp\/v2\/media?parent=14620"}],"wp:term":[{"taxonomy":"product_brand","embeddable":true,"href":"https:\/\/uj.adatbank.ro\/lexikon\/wp-json\/wp\/v2\/product_brand?post=14620"},{"taxonomy":"product_cat","embeddable":true,"href":"https:\/\/uj.adatbank.ro\/lexikon\/wp-json\/wp\/v2\/product_cat?post=14620"},{"taxonomy":"product_tag","embeddable":true,"href":"https:\/\/uj.adatbank.ro\/lexikon\/wp-json\/wp\/v2\/product_tag?post=14620"}],"curies":[{"name":"wp","href":"https:\/\/api.w.org\/{rel}","templated":true}]}}