{"id":14621,"date":"2025-07-15T13:07:53","date_gmt":"2025-07-15T11:07:53","guid":{"rendered":"https:\/\/uj.adatbank.ro\/lexikon\/termek\/marinca-adrian\/"},"modified":"2025-07-15T13:07:53","modified_gmt":"2025-07-15T11:07:53","slug":"marinca-adrian","status":"publish","type":"product","link":"https:\/\/uj.adatbank.ro\/lexikon\/termek\/marinca-adrian\/","title":{"rendered":"MARINCA, Adrian"},"content":{"rendered":"<p>? \u2020\u00a0?: tan\u00e1r. \u2013 S\u00e1rm\u00e1sban a Ioan Micu Lic.-ban tan\u00edtott. \u2013 Nev\u00e9hez f\u0171z\u0151dik Mih\u00e1ly Gy\u00f6rgy tan\u00e1rral egy\u00fctt az Iskolai M\u00fazeum berendez\u00e9se \u00e9s felavat\u00e1sa (1967.dec. 30.). <br \/><strong>Irod.:<\/strong> S\u0103rma\u015fu<\/br><\/p>\n","protected":false},"excerpt":{"rendered":"<p>? \u2020\u00a0?: tan\u00e1r. \u2013 S\u00e1rm\u00e1sban a Ioan Micu Lic.-ban tan\u00edtott. \u2013 Nev\u00e9hez f\u0171z\u0151dik Mih\u00e1ly Gy\u00f6rgy tan\u00e1rral egy\u00fctt az Iskolai M\u00fazeum berendez\u00e9se \u00e9s felavat\u00e1sa (1967.dec. 30.). Irod.: S\u0103rma\u015fu<\/p>\n","protected":false},"featured_media":0,"comment_status":"open","ping_status":"closed","template":"","meta":[],"product_brand":[],"product_cat":[137],"product_tag":[],"class_list":{"0":"post-14621","1":"product","2":"type-product","3":"status-publish","5":"product_cat-maros-megyei-eletrajzi-lexikon","7":"first","8":"instock","9":"shipping-taxable","10":"product-type-simple"},"_links":{"self":[{"href":"https:\/\/uj.adatbank.ro\/lexikon\/wp-json\/wp\/v2\/product\/14621","targetHints":{"allow":["GET"]}}],"collection":[{"href":"https:\/\/uj.adatbank.ro\/lexikon\/wp-json\/wp\/v2\/product"}],"about":[{"href":"https:\/\/uj.adatbank.ro\/lexikon\/wp-json\/wp\/v2\/types\/product"}],"replies":[{"embeddable":true,"href":"https:\/\/uj.adatbank.ro\/lexikon\/wp-json\/wp\/v2\/comments?post=14621"}],"wp:attachment":[{"href":"https:\/\/uj.adatbank.ro\/lexikon\/wp-json\/wp\/v2\/media?parent=14621"}],"wp:term":[{"taxonomy":"product_brand","embeddable":true,"href":"https:\/\/uj.adatbank.ro\/lexikon\/wp-json\/wp\/v2\/product_brand?post=14621"},{"taxonomy":"product_cat","embeddable":true,"href":"https:\/\/uj.adatbank.ro\/lexikon\/wp-json\/wp\/v2\/product_cat?post=14621"},{"taxonomy":"product_tag","embeddable":true,"href":"https:\/\/uj.adatbank.ro\/lexikon\/wp-json\/wp\/v2\/product_tag?post=14621"}],"curies":[{"name":"wp","href":"https:\/\/api.w.org\/{rel}","templated":true}]}}