{"id":14623,"date":"2025-07-15T13:07:57","date_gmt":"2025-07-15T11:07:57","guid":{"rendered":"https:\/\/uj.adatbank.ro\/lexikon\/termek\/marinescu-dumitru-%c2%a7\/"},"modified":"2025-07-15T13:07:57","modified_gmt":"2025-07-15T11:07:57","slug":"marinescu-dumitru-%c2%a7","status":"publish","type":"product","link":"https:\/\/uj.adatbank.ro\/lexikon\/termek\/marinescu-dumitru-%c2%a7\/","title":{"rendered":"MARINESCU, Dumitru, \u00a7"},"content":{"rendered":"<p>M\u0103ciuca, 1920. \u00e1pr.1. \u2020 Mv.?: ort. pap. \u2013 Elemi iskol\u00e1t a sz\u00fcl\u0151hely\u00e9n, gimn.-ot R\u00e2mnicu V\u00e2lcean a Sf.Nicolae Szemin\u00e1riumban (1933\u201346), majd teol\u00f3gi\u00e1t Buk.-ben v\u00e9gzett (1942\u201346). El\u0151bb V\u00e2lcea megy\u00e9ben szolg\u00e1lt, majd Nisipi faluba ker\u00fclt (1950\u201360), onnan Maros megy\u00e9be k\u00f6lt\u00f6z\u00f6tt Mez\u0151majosra (1960\u201369). Pap lett Marosszentgy\u00f6rgy\u00f6n, az ort. temet\u0151ben \u00fajj\u00e1\u00e9p\u00edtette a H\u0151s\u00f6k Eml\u00e9km\u0171v\u00e9t (1969- 1971.dec. 31). Mez\u0151cs\u00e1v\u00e1sra helyezt\u00e9k (1972\u201380). Helyettes pap volt m\u00e9g N\u00e9m\u00e1ban, Sz\u00e1szsz\u00f6ll\u0151s\u00f6n, Kem\u00e9nytelk\u00e9n (1981\u201389). Nyugd\u00edjba vonul\u00e1sa ut\u00e1n (1980\u2013), m\u00e9g beseg\u00edtett a mv.-i K\u0151templom \u00e9s a Megyei K\u00f3rh\u00e1z melletti Fatemplom papi szolg\u00e1lataiba (1989\u2013). <br \/><strong>Irod.:<\/strong> S\u00e2ngeorgiu de Mure\u015f. Biserica; \u015eincan 2006<\/br><\/p>\n","protected":false},"excerpt":{"rendered":"<p>M\u0103ciuca, 1920. \u00e1pr.1. \u2020 Mv.?: ort. pap. \u2013 Elemi iskol\u00e1t a sz\u00fcl\u0151hely\u00e9n, gimn.-ot R\u00e2mnicu V\u00e2lcean a Sf.Nicolae Szemin\u00e1riumban (1933\u201346), majd teol\u00f3gi\u00e1t Buk.-ben v\u00e9gzett (1942\u201346). El\u0151bb V\u00e2lcea megy\u00e9ben szolg\u00e1lt, majd Nisipi faluba ker\u00fclt (1950\u201360), onnan Maros megy\u00e9be k\u00f6lt\u00f6z\u00f6tt Mez\u0151majosra (1960\u201369). Pap lett Marosszentgy\u00f6rgy\u00f6n, az ort. temet\u0151ben \u00fajj\u00e1\u00e9p\u00edtette a H\u0151s\u00f6k Eml\u00e9km\u0171v\u00e9t (1969- 1971.dec. 31). Mez\u0151cs\u00e1v\u00e1sra helyezt\u00e9k (1972\u201380). [&hellip;]<\/p>\n","protected":false},"featured_media":0,"comment_status":"open","ping_status":"closed","template":"","meta":[],"product_brand":[],"product_cat":[137],"product_tag":[],"class_list":{"0":"post-14623","1":"product","2":"type-product","3":"status-publish","5":"product_cat-maros-megyei-eletrajzi-lexikon","7":"first","8":"instock","9":"shipping-taxable","10":"product-type-simple"},"_links":{"self":[{"href":"https:\/\/uj.adatbank.ro\/lexikon\/wp-json\/wp\/v2\/product\/14623","targetHints":{"allow":["GET"]}}],"collection":[{"href":"https:\/\/uj.adatbank.ro\/lexikon\/wp-json\/wp\/v2\/product"}],"about":[{"href":"https:\/\/uj.adatbank.ro\/lexikon\/wp-json\/wp\/v2\/types\/product"}],"replies":[{"embeddable":true,"href":"https:\/\/uj.adatbank.ro\/lexikon\/wp-json\/wp\/v2\/comments?post=14623"}],"wp:attachment":[{"href":"https:\/\/uj.adatbank.ro\/lexikon\/wp-json\/wp\/v2\/media?parent=14623"}],"wp:term":[{"taxonomy":"product_brand","embeddable":true,"href":"https:\/\/uj.adatbank.ro\/lexikon\/wp-json\/wp\/v2\/product_brand?post=14623"},{"taxonomy":"product_cat","embeddable":true,"href":"https:\/\/uj.adatbank.ro\/lexikon\/wp-json\/wp\/v2\/product_cat?post=14623"},{"taxonomy":"product_tag","embeddable":true,"href":"https:\/\/uj.adatbank.ro\/lexikon\/wp-json\/wp\/v2\/product_tag?post=14623"}],"curies":[{"name":"wp","href":"https:\/\/api.w.org\/{rel}","templated":true}]}}