{"id":14624,"date":"2025-07-15T13:07:59","date_gmt":"2025-07-15T11:07:59","guid":{"rendered":"https:\/\/uj.adatbank.ro\/lexikon\/termek\/marinescu-teodor-%c2%a7\/"},"modified":"2025-07-15T13:07:59","modified_gmt":"2025-07-15T11:07:59","slug":"marinescu-teodor-%c2%a7","status":"publish","type":"product","link":"https:\/\/uj.adatbank.ro\/lexikon\/termek\/marinescu-teodor-%c2%a7\/","title":{"rendered":"MARINESCU, Teodor, \u00a7"},"content":{"rendered":"<p>Segesv\u00e1r, 1922. szept. 28. \u2020 ? : jog\u00e1sz, p\u00e1rtpolitikus, diplomata. \u2013 A Buk.-i Egyetem Jogi szak\u00e1n; a \u015etefan Gheorghiu akad.-\u00e1n v\u00e9gzett. P\u00e1rttag (1946. jan.\u2013), az AGERPRES igazgat\u00f3 helyettese (1951. m\u00e1j. 29.\u2013). A RMP KB p\u00f3ttagja (1960. j\u00fan. 25.\u201365. j\u00fal. 24.), az RKP KB tagja (1965. j\u00fal. 24.\u20131989. nov. 24.). A Nagy Nemzetgy\u0171l\u00e9si k\u00e9pvisel\u0151 (1961\u201365, 1965\u201369, 1975\u201380), a Miniszertan\u00e1cs R\u00e1di\u00f3t- \u00e9s Telev\u00edzi\u00f3t ir\u00e1ny\u00edt\u00f3 bizotts\u00e1g eln\u00f6ke (1965. jan. 22.\u201366. jan. 20.). A RSZK nagyk\u00f6vete a SZU-ban (1966. jan. 20.\u20131972. jan. 25). A RKP KB oszt\u00e1lyvezet\u0151 helyettese (1975. m\u00e1rc.\u2013). A RSZK nagyk\u00f6vete az ENSZ-n\u00e9l (1978. szept. 25.- 1987. j\u00fal. 4.). <strong>Kit\u00fcntet\u00e9sei:<\/strong> RNK Csillaga \u00e9rdemrend III. o., II.o.(1964); \u201e23. August\u201d \u00e9rdemrend III. o., II.o.; \u201eTudor Vladimirescu\u201c \u00e9rdemrend III. o. <br \/><strong>Irod.:<\/strong> Membrii C.C. al P.C.R.<\/br><\/p>\n","protected":false},"excerpt":{"rendered":"<p>Segesv\u00e1r, 1922. szept. 28. \u2020 ? : jog\u00e1sz, p\u00e1rtpolitikus, diplomata. \u2013 A Buk.-i Egyetem Jogi szak\u00e1n; a \u015etefan Gheorghiu akad.-\u00e1n v\u00e9gzett. P\u00e1rttag (1946. jan.\u2013), az AGERPRES igazgat\u00f3 helyettese (1951. m\u00e1j. 29.\u2013). A RMP KB p\u00f3ttagja (1960. j\u00fan. 25.\u201365. j\u00fal. 24.), az RKP KB tagja (1965. j\u00fal. 24.\u20131989. nov. 24.). A Nagy Nemzetgy\u0171l\u00e9si k\u00e9pvisel\u0151 (1961\u201365, 1965\u201369, [&hellip;]<\/p>\n","protected":false},"featured_media":0,"comment_status":"open","ping_status":"closed","template":"","meta":[],"product_brand":[],"product_cat":[137],"product_tag":[],"class_list":{"0":"post-14624","1":"product","2":"type-product","3":"status-publish","5":"product_cat-maros-megyei-eletrajzi-lexikon","7":"first","8":"instock","9":"shipping-taxable","10":"product-type-simple"},"_links":{"self":[{"href":"https:\/\/uj.adatbank.ro\/lexikon\/wp-json\/wp\/v2\/product\/14624","targetHints":{"allow":["GET"]}}],"collection":[{"href":"https:\/\/uj.adatbank.ro\/lexikon\/wp-json\/wp\/v2\/product"}],"about":[{"href":"https:\/\/uj.adatbank.ro\/lexikon\/wp-json\/wp\/v2\/types\/product"}],"replies":[{"embeddable":true,"href":"https:\/\/uj.adatbank.ro\/lexikon\/wp-json\/wp\/v2\/comments?post=14624"}],"wp:attachment":[{"href":"https:\/\/uj.adatbank.ro\/lexikon\/wp-json\/wp\/v2\/media?parent=14624"}],"wp:term":[{"taxonomy":"product_brand","embeddable":true,"href":"https:\/\/uj.adatbank.ro\/lexikon\/wp-json\/wp\/v2\/product_brand?post=14624"},{"taxonomy":"product_cat","embeddable":true,"href":"https:\/\/uj.adatbank.ro\/lexikon\/wp-json\/wp\/v2\/product_cat?post=14624"},{"taxonomy":"product_tag","embeddable":true,"href":"https:\/\/uj.adatbank.ro\/lexikon\/wp-json\/wp\/v2\/product_tag?post=14624"}],"curies":[{"name":"wp","href":"https:\/\/api.w.org\/{rel}","templated":true}]}}