{"id":14625,"date":"2025-07-15T13:08:01","date_gmt":"2025-07-15T11:08:01","guid":{"rendered":"https:\/\/uj.adatbank.ro\/lexikon\/termek\/marinivici-mihai-marinovitz-mihaly\/"},"modified":"2025-07-15T13:08:01","modified_gmt":"2025-07-15T11:08:01","slug":"marinivici-mihai-marinovitz-mihaly","status":"publish","type":"product","link":"https:\/\/uj.adatbank.ro\/lexikon\/termek\/marinivici-mihai-marinovitz-mihaly\/","title":{"rendered":"MARINIVICI, Mihai, Marinovitz Mih\u00e1ly"},"content":{"rendered":"<p>Farag\u00f3, 1886. dec. 17., \u2020 Kv., 1975. aug. 10.: jog\u00e1sz. \u2013 M. Eugen \u00e9s Cornelia fia. Sz\u00e1szr\u00e9genben tanult, Mv.-en a R.K. F\u0151gimn.-ban v\u00e9gezte a k\u00f6z\u00e9piskol\u00e1t, a jogi egyetemet Kv.-on a FJTE-en v\u00e9gezte (1907\u201311), ahol a jogi \u00e9s a politikai tudom\u00e1nyok doktora lett (1914. j\u00fan. 6). B\u00edr\u00f3 R\u00e9genben (1916\u2013); Kv.-ra a t\u00f6rv\u00e9nysz\u00e9kre helyezt\u00e9k (1933), majd Szebenben dolgozott (1940\u2013); Kv.-on \u00fcgyv\u00e9d (1945\u2013). <br \/><strong>Irod.:<\/strong> Regh. cult.; Sigmirean<\/br><\/p>\n","protected":false},"excerpt":{"rendered":"<p>Farag\u00f3, 1886. dec. 17., \u2020 Kv., 1975. aug. 10.: jog\u00e1sz. \u2013 M. Eugen \u00e9s Cornelia fia. Sz\u00e1szr\u00e9genben tanult, Mv.-en a R.K. F\u0151gimn.-ban v\u00e9gezte a k\u00f6z\u00e9piskol\u00e1t, a jogi egyetemet Kv.-on a FJTE-en v\u00e9gezte (1907\u201311), ahol a jogi \u00e9s a politikai tudom\u00e1nyok doktora lett (1914. j\u00fan. 6). B\u00edr\u00f3 R\u00e9genben (1916\u2013); Kv.-ra a t\u00f6rv\u00e9nysz\u00e9kre helyezt\u00e9k (1933), majd Szebenben [&hellip;]<\/p>\n","protected":false},"featured_media":0,"comment_status":"open","ping_status":"closed","template":"","meta":[],"product_brand":[],"product_cat":[137],"product_tag":[],"class_list":{"0":"post-14625","1":"product","2":"type-product","3":"status-publish","5":"product_cat-maros-megyei-eletrajzi-lexikon","7":"first","8":"instock","9":"shipping-taxable","10":"product-type-simple"},"_links":{"self":[{"href":"https:\/\/uj.adatbank.ro\/lexikon\/wp-json\/wp\/v2\/product\/14625","targetHints":{"allow":["GET"]}}],"collection":[{"href":"https:\/\/uj.adatbank.ro\/lexikon\/wp-json\/wp\/v2\/product"}],"about":[{"href":"https:\/\/uj.adatbank.ro\/lexikon\/wp-json\/wp\/v2\/types\/product"}],"replies":[{"embeddable":true,"href":"https:\/\/uj.adatbank.ro\/lexikon\/wp-json\/wp\/v2\/comments?post=14625"}],"wp:attachment":[{"href":"https:\/\/uj.adatbank.ro\/lexikon\/wp-json\/wp\/v2\/media?parent=14625"}],"wp:term":[{"taxonomy":"product_brand","embeddable":true,"href":"https:\/\/uj.adatbank.ro\/lexikon\/wp-json\/wp\/v2\/product_brand?post=14625"},{"taxonomy":"product_cat","embeddable":true,"href":"https:\/\/uj.adatbank.ro\/lexikon\/wp-json\/wp\/v2\/product_cat?post=14625"},{"taxonomy":"product_tag","embeddable":true,"href":"https:\/\/uj.adatbank.ro\/lexikon\/wp-json\/wp\/v2\/product_tag?post=14625"}],"curies":[{"name":"wp","href":"https:\/\/api.w.org\/{rel}","templated":true}]}}