{"id":14626,"date":"2025-07-15T13:08:02","date_gmt":"2025-07-15T11:08:02","guid":{"rendered":"https:\/\/uj.adatbank.ro\/lexikon\/termek\/marinovici-carolina\/"},"modified":"2025-07-15T13:08:02","modified_gmt":"2025-07-15T11:08:02","slug":"marinovici-carolina","status":"publish","type":"product","link":"https:\/\/uj.adatbank.ro\/lexikon\/termek\/marinovici-carolina\/","title":{"rendered":"MARINOVICI, Carolina"},"content":{"rendered":"<p>? \u2020 1890 ut\u00e1n ?: f\u00f6ldbirtokos. \u2013 M. Nicolae \u00e9s Ecaterina l\u00e1nya. \u2013 Adom\u00e1nyokkal hozz\u00e1j\u00e1rult hozz\u00e1 rom\u00e1n le\u00e1nynevel\u0151 Int\u00e9zetek l\u00e9trehoz\u00e1s\u00e1hoz Nagyv\u00e1rad (1870); Szeben (1881), valamint a Petru Maior Egyetemi Hallgat\u00f3k T\u00e1rsas\u00e1g\u00e1hoz. \u00c9lete v\u00e9g\u00e9ig tagja volt A Szebeni Rom\u00e1n N\u0151k Egyes\u00fclet\u00e9nek; a R\u00e9geni rom\u00e1n iskola patr\u00f3nusa; p\u00e9nzadom\u00e1nyt juttat a hod\u00e1ki iskola k\u00f6nyvt\u00e1r\u00e1nak (1889), egy Oroszf\u00e1j\u00e1n fel\u00e1ll\u00edtand\u00f3 rom\u00e1n iskol\u00e1nak, \u00e9s a bal\u00e1zsfalvi g. kat. le\u00e1nyiskol\u00e1nak. <br \/><strong>Irod.:<\/strong> Regh. Cult. (3)<\/br><\/p>\n","protected":false},"excerpt":{"rendered":"<p>? \u2020 1890 ut\u00e1n ?: f\u00f6ldbirtokos. \u2013 M. Nicolae \u00e9s Ecaterina l\u00e1nya. \u2013 Adom\u00e1nyokkal hozz\u00e1j\u00e1rult hozz\u00e1 rom\u00e1n le\u00e1nynevel\u0151 Int\u00e9zetek l\u00e9trehoz\u00e1s\u00e1hoz Nagyv\u00e1rad (1870); Szeben (1881), valamint a Petru Maior Egyetemi Hallgat\u00f3k T\u00e1rsas\u00e1g\u00e1hoz. \u00c9lete v\u00e9g\u00e9ig tagja volt A Szebeni Rom\u00e1n N\u0151k Egyes\u00fclet\u00e9nek; a R\u00e9geni rom\u00e1n iskola patr\u00f3nusa; p\u00e9nzadom\u00e1nyt juttat a hod\u00e1ki iskola k\u00f6nyvt\u00e1r\u00e1nak (1889), egy Oroszf\u00e1j\u00e1n fel\u00e1ll\u00edtand\u00f3 [&hellip;]<\/p>\n","protected":false},"featured_media":0,"comment_status":"open","ping_status":"closed","template":"","meta":[],"product_brand":[],"product_cat":[137],"product_tag":[],"class_list":{"0":"post-14626","1":"product","2":"type-product","3":"status-publish","5":"product_cat-maros-megyei-eletrajzi-lexikon","7":"first","8":"instock","9":"shipping-taxable","10":"product-type-simple"},"_links":{"self":[{"href":"https:\/\/uj.adatbank.ro\/lexikon\/wp-json\/wp\/v2\/product\/14626","targetHints":{"allow":["GET"]}}],"collection":[{"href":"https:\/\/uj.adatbank.ro\/lexikon\/wp-json\/wp\/v2\/product"}],"about":[{"href":"https:\/\/uj.adatbank.ro\/lexikon\/wp-json\/wp\/v2\/types\/product"}],"replies":[{"embeddable":true,"href":"https:\/\/uj.adatbank.ro\/lexikon\/wp-json\/wp\/v2\/comments?post=14626"}],"wp:attachment":[{"href":"https:\/\/uj.adatbank.ro\/lexikon\/wp-json\/wp\/v2\/media?parent=14626"}],"wp:term":[{"taxonomy":"product_brand","embeddable":true,"href":"https:\/\/uj.adatbank.ro\/lexikon\/wp-json\/wp\/v2\/product_brand?post=14626"},{"taxonomy":"product_cat","embeddable":true,"href":"https:\/\/uj.adatbank.ro\/lexikon\/wp-json\/wp\/v2\/product_cat?post=14626"},{"taxonomy":"product_tag","embeddable":true,"href":"https:\/\/uj.adatbank.ro\/lexikon\/wp-json\/wp\/v2\/product_tag?post=14626"}],"curies":[{"name":"wp","href":"https:\/\/api.w.org\/{rel}","templated":true}]}}