{"id":14627,"date":"2025-07-15T13:08:06","date_gmt":"2025-07-15T11:08:06","guid":{"rendered":"https:\/\/uj.adatbank.ro\/lexikon\/termek\/marinovici-ecaterina-marinoviciu-ecaterina-bardosi-ecaterina\/"},"modified":"2025-07-15T13:08:06","modified_gmt":"2025-07-15T11:08:06","slug":"marinovici-ecaterina-marinoviciu-ecaterina-bardosi-ecaterina","status":"publish","type":"product","link":"https:\/\/uj.adatbank.ro\/lexikon\/termek\/marinovici-ecaterina-marinoviciu-ecaterina-bardosi-ecaterina\/","title":{"rendered":"MARINOVICI, Ecaterina; Marinoviciu Ecaterina, Bardo\u015fi Ecaterina"},"content":{"rendered":"<p>? \u2020 Sz\u00e1szr\u00e9gen, 1873. aug.: f\u00f6ldbirtokos. \u2013 Bardo\u015fi Demetriu maced\u00f3n-rom\u00e1n keresked\u0151 els\u0151, Oni\u0163 (Oni\u0163iu) szint\u00e9n maced\u00f3n-rom\u00e1n keresked\u0151 le\u00e1ny\u00e1val k\u00f6t\u00f6tt h\u00e1zass\u00e1g\u00e1b\u00f3l sz\u00fcletett. F\u00e9rje: Marinoviciu Nicolae keresked\u0151. Hat gyermek anyja, egyik le\u00e1nyuk: Carolina. \u2013 F\u00f6ldbirtokos Oroszidecsben. Nagylelk\u0171en elengedte a falu lakosainak jelent\u0151s ad\u00f3ss\u00e1g\u00e1t, amely \u00f6sszeget egy \u00faj, marosh\u00e9v\u00edzi templom \u00e9p\u00edt\u00e9s\u00e9re ford\u00edtottak (1897). <br \/><strong>Irod.:<\/strong> Dobozi<\/br><\/p>\n","protected":false},"excerpt":{"rendered":"<p>? \u2020 Sz\u00e1szr\u00e9gen, 1873. aug.: f\u00f6ldbirtokos. \u2013 Bardo\u015fi Demetriu maced\u00f3n-rom\u00e1n keresked\u0151 els\u0151, Oni\u0163 (Oni\u0163iu) szint\u00e9n maced\u00f3n-rom\u00e1n keresked\u0151 le\u00e1ny\u00e1val k\u00f6t\u00f6tt h\u00e1zass\u00e1g\u00e1b\u00f3l sz\u00fcletett. F\u00e9rje: Marinoviciu Nicolae keresked\u0151. Hat gyermek anyja, egyik le\u00e1nyuk: Carolina. \u2013 F\u00f6ldbirtokos Oroszidecsben. Nagylelk\u0171en elengedte a falu lakosainak jelent\u0151s ad\u00f3ss\u00e1g\u00e1t, amely \u00f6sszeget egy \u00faj, marosh\u00e9v\u00edzi templom \u00e9p\u00edt\u00e9s\u00e9re ford\u00edtottak (1897). Irod.: Dobozi<\/p>\n","protected":false},"featured_media":0,"comment_status":"open","ping_status":"closed","template":"","meta":[],"product_brand":[],"product_cat":[137],"product_tag":[],"class_list":{"0":"post-14627","1":"product","2":"type-product","3":"status-publish","5":"product_cat-maros-megyei-eletrajzi-lexikon","7":"first","8":"instock","9":"shipping-taxable","10":"product-type-simple"},"_links":{"self":[{"href":"https:\/\/uj.adatbank.ro\/lexikon\/wp-json\/wp\/v2\/product\/14627","targetHints":{"allow":["GET"]}}],"collection":[{"href":"https:\/\/uj.adatbank.ro\/lexikon\/wp-json\/wp\/v2\/product"}],"about":[{"href":"https:\/\/uj.adatbank.ro\/lexikon\/wp-json\/wp\/v2\/types\/product"}],"replies":[{"embeddable":true,"href":"https:\/\/uj.adatbank.ro\/lexikon\/wp-json\/wp\/v2\/comments?post=14627"}],"wp:attachment":[{"href":"https:\/\/uj.adatbank.ro\/lexikon\/wp-json\/wp\/v2\/media?parent=14627"}],"wp:term":[{"taxonomy":"product_brand","embeddable":true,"href":"https:\/\/uj.adatbank.ro\/lexikon\/wp-json\/wp\/v2\/product_brand?post=14627"},{"taxonomy":"product_cat","embeddable":true,"href":"https:\/\/uj.adatbank.ro\/lexikon\/wp-json\/wp\/v2\/product_cat?post=14627"},{"taxonomy":"product_tag","embeddable":true,"href":"https:\/\/uj.adatbank.ro\/lexikon\/wp-json\/wp\/v2\/product_tag?post=14627"}],"curies":[{"name":"wp","href":"https:\/\/api.w.org\/{rel}","templated":true}]}}