{"id":14629,"date":"2025-07-15T13:08:09","date_gmt":"2025-07-15T11:08:09","guid":{"rendered":"https:\/\/uj.adatbank.ro\/lexikon\/termek\/marinovici-ioan\/"},"modified":"2025-07-15T13:08:09","modified_gmt":"2025-07-15T11:08:09","slug":"marinovici-ioan","status":"publish","type":"product","link":"https:\/\/uj.adatbank.ro\/lexikon\/termek\/marinovici-ioan\/","title":{"rendered":"MARINOVICI, Ioan"},"content":{"rendered":"<p>Mega-T\u00e2rnovo, 1758., \u2020 Sz\u00e1szr\u00e9gen, 1842. : maced\u00f3n-rom\u00e1n keresked\u0151. \u2013 Egyike Petru Maior legnagyobb seg\u00edt\u0151inek a r\u00e9geni rom\u00e1n templom fel\u00e9p\u00edt\u00e9s\u00e9ben- a Szenth\u00e1roms\u00e1g templom \u00e9p\u00edt\u00e9si k\u00f6lts\u00e9geknek fel\u00e9t \u00e1llta, \u00e9s tetemes \u00f6sszeggel j\u00e1rult hozz\u00e1 egy rom\u00e1n imah\u00e1z l\u00e9tes\u00edt\u00e9s\u00e9hez. <br \/><strong>Irod.:<\/strong> Regh. Cult (3)<\/br><\/p>\n","protected":false},"excerpt":{"rendered":"<p>Mega-T\u00e2rnovo, 1758., \u2020 Sz\u00e1szr\u00e9gen, 1842. : maced\u00f3n-rom\u00e1n keresked\u0151. \u2013 Egyike Petru Maior legnagyobb seg\u00edt\u0151inek a r\u00e9geni rom\u00e1n templom fel\u00e9p\u00edt\u00e9s\u00e9ben- a Szenth\u00e1roms\u00e1g templom \u00e9p\u00edt\u00e9si k\u00f6lts\u00e9geknek fel\u00e9t \u00e1llta, \u00e9s tetemes \u00f6sszeggel j\u00e1rult hozz\u00e1 egy rom\u00e1n imah\u00e1z l\u00e9tes\u00edt\u00e9s\u00e9hez. Irod.: Regh. Cult (3)<\/p>\n","protected":false},"featured_media":0,"comment_status":"open","ping_status":"closed","template":"","meta":[],"product_brand":[],"product_cat":[137],"product_tag":[],"class_list":{"0":"post-14629","1":"product","2":"type-product","3":"status-publish","5":"product_cat-maros-megyei-eletrajzi-lexikon","7":"first","8":"instock","9":"shipping-taxable","10":"product-type-simple"},"_links":{"self":[{"href":"https:\/\/uj.adatbank.ro\/lexikon\/wp-json\/wp\/v2\/product\/14629","targetHints":{"allow":["GET"]}}],"collection":[{"href":"https:\/\/uj.adatbank.ro\/lexikon\/wp-json\/wp\/v2\/product"}],"about":[{"href":"https:\/\/uj.adatbank.ro\/lexikon\/wp-json\/wp\/v2\/types\/product"}],"replies":[{"embeddable":true,"href":"https:\/\/uj.adatbank.ro\/lexikon\/wp-json\/wp\/v2\/comments?post=14629"}],"wp:attachment":[{"href":"https:\/\/uj.adatbank.ro\/lexikon\/wp-json\/wp\/v2\/media?parent=14629"}],"wp:term":[{"taxonomy":"product_brand","embeddable":true,"href":"https:\/\/uj.adatbank.ro\/lexikon\/wp-json\/wp\/v2\/product_brand?post=14629"},{"taxonomy":"product_cat","embeddable":true,"href":"https:\/\/uj.adatbank.ro\/lexikon\/wp-json\/wp\/v2\/product_cat?post=14629"},{"taxonomy":"product_tag","embeddable":true,"href":"https:\/\/uj.adatbank.ro\/lexikon\/wp-json\/wp\/v2\/product_tag?post=14629"}],"curies":[{"name":"wp","href":"https:\/\/api.w.org\/{rel}","templated":true}]}}