{"id":14630,"date":"2025-07-15T13:08:10","date_gmt":"2025-07-15T11:08:10","guid":{"rendered":"https:\/\/uj.adatbank.ro\/lexikon\/termek\/marinovici-nicolae\/"},"modified":"2025-07-15T13:08:10","modified_gmt":"2025-07-15T11:08:10","slug":"marinovici-nicolae","status":"publish","type":"product","link":"https:\/\/uj.adatbank.ro\/lexikon\/termek\/marinovici-nicolae\/","title":{"rendered":"MARINOVICI, Nicolae"},"content":{"rendered":"<p>1800., \u2020 Sz\u00e1szr\u00e9gen, 1874. jan. 27.: keresked\u0151. \u2013 Feles\u00e9ge: Bardo\u015fi Ecaterina. Le\u00e1nyuk: Carolina. \u2013 Jelent\u0151s \u00f6sszegekkel j\u00e1rult hozz\u00e1 a Gazeta Transilvaniei fenntart\u00e1s\u00e1hoz testv\u00e9r\u00e9vel Gheorgheval egy\u00fctt; Bal\u00e1zsfalv\u00e1n iskolai alap\u00edtv\u00e1ny l\u00e9tes\u00edtett r\u00e1szorul\u00f3 tanul\u00f3kat \u00f6szt\u00f6nd\u00edjjal seg\u00edtett. <br \/><strong>Irod.:<\/strong> Regh. cult.<\/br><\/p>\n","protected":false},"excerpt":{"rendered":"<p>1800., \u2020 Sz\u00e1szr\u00e9gen, 1874. jan. 27.: keresked\u0151. \u2013 Feles\u00e9ge: Bardo\u015fi Ecaterina. Le\u00e1nyuk: Carolina. \u2013 Jelent\u0151s \u00f6sszegekkel j\u00e1rult hozz\u00e1 a Gazeta Transilvaniei fenntart\u00e1s\u00e1hoz testv\u00e9r\u00e9vel Gheorgheval egy\u00fctt; Bal\u00e1zsfalv\u00e1n iskolai alap\u00edtv\u00e1ny l\u00e9tes\u00edtett r\u00e1szorul\u00f3 tanul\u00f3kat \u00f6szt\u00f6nd\u00edjjal seg\u00edtett. Irod.: Regh. cult.<\/p>\n","protected":false},"featured_media":0,"comment_status":"open","ping_status":"closed","template":"","meta":[],"product_brand":[],"product_cat":[137],"product_tag":[],"class_list":{"0":"post-14630","1":"product","2":"type-product","3":"status-publish","5":"product_cat-maros-megyei-eletrajzi-lexikon","7":"first","8":"instock","9":"shipping-taxable","10":"product-type-simple"},"_links":{"self":[{"href":"https:\/\/uj.adatbank.ro\/lexikon\/wp-json\/wp\/v2\/product\/14630","targetHints":{"allow":["GET"]}}],"collection":[{"href":"https:\/\/uj.adatbank.ro\/lexikon\/wp-json\/wp\/v2\/product"}],"about":[{"href":"https:\/\/uj.adatbank.ro\/lexikon\/wp-json\/wp\/v2\/types\/product"}],"replies":[{"embeddable":true,"href":"https:\/\/uj.adatbank.ro\/lexikon\/wp-json\/wp\/v2\/comments?post=14630"}],"wp:attachment":[{"href":"https:\/\/uj.adatbank.ro\/lexikon\/wp-json\/wp\/v2\/media?parent=14630"}],"wp:term":[{"taxonomy":"product_brand","embeddable":true,"href":"https:\/\/uj.adatbank.ro\/lexikon\/wp-json\/wp\/v2\/product_brand?post=14630"},{"taxonomy":"product_cat","embeddable":true,"href":"https:\/\/uj.adatbank.ro\/lexikon\/wp-json\/wp\/v2\/product_cat?post=14630"},{"taxonomy":"product_tag","embeddable":true,"href":"https:\/\/uj.adatbank.ro\/lexikon\/wp-json\/wp\/v2\/product_tag?post=14630"}],"curies":[{"name":"wp","href":"https:\/\/api.w.org\/{rel}","templated":true}]}}