{"id":14631,"date":"2025-07-15T13:08:12","date_gmt":"2025-07-15T11:08:12","guid":{"rendered":"https:\/\/uj.adatbank.ro\/lexikon\/termek\/marinovici-rita-maria-chiricuta\/"},"modified":"2025-07-15T13:08:12","modified_gmt":"2025-07-15T11:08:12","slug":"marinovici-rita-maria-chiricuta","status":"publish","type":"product","link":"https:\/\/uj.adatbank.ro\/lexikon\/termek\/marinovici-rita-maria-chiricuta\/","title":{"rendered":"MARINOVICI, Rita Maria; Chiricu\u0163\u0103"},"content":{"rendered":"<p>Sz\u00e1szr\u00e9gen, 1923., \u2020\u00a0?: tudom\u00e1nyos kutat\u00f3. \u2013 Mihai \u00e9s Albertine Marinovici le\u00e1nya. Tanulm\u00e1nyait R\u00e9genben kezdte, Kv.-on folytatta ahol \u00e9retts\u00e9gizett \u00e9s az egyetem Filol\u00f3gia Kar\u00e1n v\u00e9gzett, majd doktor\u00e1lt, ugyanakkor a N\u00e9pi M\u0171v\u00e9szeti Iskola fest\u00e9szeti tanfolyam\u00e1t hallgatta. Tudom\u00e1nyos kutat\u00f3 a Nyelvtudom\u00e1nyi- \u00e9s T\u00f6rt\u00e9nelmi Int\u00e9zetben Kv.-on. Kit\u0171ntett\u00e9k a Rom\u00e1n Akad\u00e9mia d\u00edj\u00e1val. <br \/><strong>Irod.:<\/strong> Regh. cult. (3)<\/br><\/p>\n","protected":false},"excerpt":{"rendered":"<p>Sz\u00e1szr\u00e9gen, 1923., \u2020\u00a0?: tudom\u00e1nyos kutat\u00f3. \u2013 Mihai \u00e9s Albertine Marinovici le\u00e1nya. Tanulm\u00e1nyait R\u00e9genben kezdte, Kv.-on folytatta ahol \u00e9retts\u00e9gizett \u00e9s az egyetem Filol\u00f3gia Kar\u00e1n v\u00e9gzett, majd doktor\u00e1lt, ugyanakkor a N\u00e9pi M\u0171v\u00e9szeti Iskola fest\u00e9szeti tanfolyam\u00e1t hallgatta. Tudom\u00e1nyos kutat\u00f3 a Nyelvtudom\u00e1nyi- \u00e9s T\u00f6rt\u00e9nelmi Int\u00e9zetben Kv.-on. Kit\u0171ntett\u00e9k a Rom\u00e1n Akad\u00e9mia d\u00edj\u00e1val. Irod.: Regh. cult. (3)<\/p>\n","protected":false},"featured_media":0,"comment_status":"open","ping_status":"closed","template":"","meta":[],"product_brand":[],"product_cat":[137],"product_tag":[],"class_list":{"0":"post-14631","1":"product","2":"type-product","3":"status-publish","5":"product_cat-maros-megyei-eletrajzi-lexikon","7":"first","8":"instock","9":"shipping-taxable","10":"product-type-simple"},"_links":{"self":[{"href":"https:\/\/uj.adatbank.ro\/lexikon\/wp-json\/wp\/v2\/product\/14631","targetHints":{"allow":["GET"]}}],"collection":[{"href":"https:\/\/uj.adatbank.ro\/lexikon\/wp-json\/wp\/v2\/product"}],"about":[{"href":"https:\/\/uj.adatbank.ro\/lexikon\/wp-json\/wp\/v2\/types\/product"}],"replies":[{"embeddable":true,"href":"https:\/\/uj.adatbank.ro\/lexikon\/wp-json\/wp\/v2\/comments?post=14631"}],"wp:attachment":[{"href":"https:\/\/uj.adatbank.ro\/lexikon\/wp-json\/wp\/v2\/media?parent=14631"}],"wp:term":[{"taxonomy":"product_brand","embeddable":true,"href":"https:\/\/uj.adatbank.ro\/lexikon\/wp-json\/wp\/v2\/product_brand?post=14631"},{"taxonomy":"product_cat","embeddable":true,"href":"https:\/\/uj.adatbank.ro\/lexikon\/wp-json\/wp\/v2\/product_cat?post=14631"},{"taxonomy":"product_tag","embeddable":true,"href":"https:\/\/uj.adatbank.ro\/lexikon\/wp-json\/wp\/v2\/product_tag?post=14631"}],"curies":[{"name":"wp","href":"https:\/\/api.w.org\/{rel}","templated":true}]}}