{"id":14632,"date":"2025-07-15T13:08:14","date_gmt":"2025-07-15T11:08:14","guid":{"rendered":"https:\/\/uj.adatbank.ro\/lexikon\/termek\/marinovits-dome\/"},"modified":"2025-07-15T13:08:14","modified_gmt":"2025-07-15T11:08:14","slug":"marinovits-dome","status":"publish","type":"product","link":"https:\/\/uj.adatbank.ro\/lexikon\/termek\/marinovits-dome\/","title":{"rendered":"MARINOVITS D\u00f6me"},"content":{"rendered":"<p>1860.? \u2020\u00a0Mv., 1878. \u00e1pr. 1. Sz\u00e1szr\u00e9genben temett\u00e9k: fogalmaz\u00f3. \u2013 Testv\u00e9rei: M. Karolina Orbon\u00e1s Mih\u00e1lyn\u00e9; M. M\u00e1ria, cs. kir. csend\u0151r\u0151rnagy Schwarz K\u00e1roly; M.J\u00e1nos, Mikl\u00f3s \u00e9s Jen\u0151. \u2013 Mv.-en kir. it\u00e9l\u0151t\u00e1blai seg\u00e9d-fogalmaz\u00f3. <br \/><strong>Irod.:<\/strong> Gy\u00e1szjelent\u0151<\/br><\/p>\n","protected":false},"excerpt":{"rendered":"<p>1860.? \u2020\u00a0Mv., 1878. \u00e1pr. 1. Sz\u00e1szr\u00e9genben temett\u00e9k: fogalmaz\u00f3. \u2013 Testv\u00e9rei: M. Karolina Orbon\u00e1s Mih\u00e1lyn\u00e9; M. M\u00e1ria, cs. kir. csend\u0151r\u0151rnagy Schwarz K\u00e1roly; M.J\u00e1nos, Mikl\u00f3s \u00e9s Jen\u0151. \u2013 Mv.-en kir. it\u00e9l\u0151t\u00e1blai seg\u00e9d-fogalmaz\u00f3. Irod.: Gy\u00e1szjelent\u0151<\/p>\n","protected":false},"featured_media":0,"comment_status":"open","ping_status":"closed","template":"","meta":[],"product_brand":[],"product_cat":[137],"product_tag":[],"class_list":{"0":"post-14632","1":"product","2":"type-product","3":"status-publish","5":"product_cat-maros-megyei-eletrajzi-lexikon","7":"first","8":"instock","9":"shipping-taxable","10":"product-type-simple"},"_links":{"self":[{"href":"https:\/\/uj.adatbank.ro\/lexikon\/wp-json\/wp\/v2\/product\/14632","targetHints":{"allow":["GET"]}}],"collection":[{"href":"https:\/\/uj.adatbank.ro\/lexikon\/wp-json\/wp\/v2\/product"}],"about":[{"href":"https:\/\/uj.adatbank.ro\/lexikon\/wp-json\/wp\/v2\/types\/product"}],"replies":[{"embeddable":true,"href":"https:\/\/uj.adatbank.ro\/lexikon\/wp-json\/wp\/v2\/comments?post=14632"}],"wp:attachment":[{"href":"https:\/\/uj.adatbank.ro\/lexikon\/wp-json\/wp\/v2\/media?parent=14632"}],"wp:term":[{"taxonomy":"product_brand","embeddable":true,"href":"https:\/\/uj.adatbank.ro\/lexikon\/wp-json\/wp\/v2\/product_brand?post=14632"},{"taxonomy":"product_cat","embeddable":true,"href":"https:\/\/uj.adatbank.ro\/lexikon\/wp-json\/wp\/v2\/product_cat?post=14632"},{"taxonomy":"product_tag","embeddable":true,"href":"https:\/\/uj.adatbank.ro\/lexikon\/wp-json\/wp\/v2\/product_tag?post=14632"}],"curies":[{"name":"wp","href":"https:\/\/api.w.org\/{rel}","templated":true}]}}