{"id":14633,"date":"2025-07-15T13:08:17","date_gmt":"2025-07-15T11:08:17","guid":{"rendered":"https:\/\/uj.adatbank.ro\/lexikon\/termek\/marinovits-j\/"},"modified":"2025-07-15T13:08:17","modified_gmt":"2025-07-15T11:08:17","slug":"marinovits-j","status":"publish","type":"product","link":"https:\/\/uj.adatbank.ro\/lexikon\/termek\/marinovits-j\/","title":{"rendered":"MARINOVITS J."},"content":{"rendered":"<p>? \u2020\u00a0?: sz\u00e1szr\u00e9geni v\u00e1llalkoz\u00f3. <br \/><strong>Irod.:<\/strong> Dorn, Alexander\u00a0: Die Protokollirten Firmen \u00d6sterreich-Ungarn&#8230; (Wien, 1892)<\/br><\/p>\n","protected":false},"excerpt":{"rendered":"<p>? \u2020\u00a0?: sz\u00e1szr\u00e9geni v\u00e1llalkoz\u00f3. Irod.: Dorn, Alexander\u00a0: Die Protokollirten Firmen \u00d6sterreich-Ungarn&#8230; (Wien, 1892)<\/p>\n","protected":false},"featured_media":0,"comment_status":"open","ping_status":"closed","template":"","meta":[],"product_brand":[],"product_cat":[137],"product_tag":[],"class_list":{"0":"post-14633","1":"product","2":"type-product","3":"status-publish","5":"product_cat-maros-megyei-eletrajzi-lexikon","7":"first","8":"instock","9":"shipping-taxable","10":"product-type-simple"},"_links":{"self":[{"href":"https:\/\/uj.adatbank.ro\/lexikon\/wp-json\/wp\/v2\/product\/14633","targetHints":{"allow":["GET"]}}],"collection":[{"href":"https:\/\/uj.adatbank.ro\/lexikon\/wp-json\/wp\/v2\/product"}],"about":[{"href":"https:\/\/uj.adatbank.ro\/lexikon\/wp-json\/wp\/v2\/types\/product"}],"replies":[{"embeddable":true,"href":"https:\/\/uj.adatbank.ro\/lexikon\/wp-json\/wp\/v2\/comments?post=14633"}],"wp:attachment":[{"href":"https:\/\/uj.adatbank.ro\/lexikon\/wp-json\/wp\/v2\/media?parent=14633"}],"wp:term":[{"taxonomy":"product_brand","embeddable":true,"href":"https:\/\/uj.adatbank.ro\/lexikon\/wp-json\/wp\/v2\/product_brand?post=14633"},{"taxonomy":"product_cat","embeddable":true,"href":"https:\/\/uj.adatbank.ro\/lexikon\/wp-json\/wp\/v2\/product_cat?post=14633"},{"taxonomy":"product_tag","embeddable":true,"href":"https:\/\/uj.adatbank.ro\/lexikon\/wp-json\/wp\/v2\/product_tag?post=14633"}],"curies":[{"name":"wp","href":"https:\/\/api.w.org\/{rel}","templated":true}]}}