{"id":14636,"date":"2025-07-15T13:08:21","date_gmt":"2025-07-15T11:08:21","guid":{"rendered":"https:\/\/uj.adatbank.ro\/lexikon\/termek\/maris-iosif\/"},"modified":"2025-07-15T13:08:21","modified_gmt":"2025-07-15T11:08:21","slug":"maris-iosif","status":"publish","type":"product","link":"https:\/\/uj.adatbank.ro\/lexikon\/termek\/maris-iosif\/","title":{"rendered":"MARI\u015e, Iosif"},"content":{"rendered":"<p>D\u00e9da, 1914. nov. 14., \u2020 Buk., 1972. m\u00e1rc.: heged\u0171m\u0171v\u00e9sz, karmester egyetemi tan\u00e1r. \u2013 Buk.-ben a zenekonzervat\u00f3rium tan\u00e1ra. <br \/><strong>Irod.:<\/strong> C. A. Ionescu: R\u0103spunz\u00e2nd cu dragoste unei scrisori \u2026 In memoriam Iosif Mari\u015f ( C.l., 1995. \u00e1pr. 1.); Netea: Mure\u015ful superior<\/br><\/p>\n","protected":false},"excerpt":{"rendered":"<p>D\u00e9da, 1914. nov. 14., \u2020 Buk., 1972. m\u00e1rc.: heged\u0171m\u0171v\u00e9sz, karmester egyetemi tan\u00e1r. \u2013 Buk.-ben a zenekonzervat\u00f3rium tan\u00e1ra. Irod.: C. A. Ionescu: R\u0103spunz\u00e2nd cu dragoste unei scrisori \u2026 In memoriam Iosif Mari\u015f ( C.l., 1995. \u00e1pr. 1.); Netea: Mure\u015ful superior<\/p>\n","protected":false},"featured_media":0,"comment_status":"open","ping_status":"closed","template":"","meta":[],"product_brand":[],"product_cat":[137],"product_tag":[],"class_list":{"0":"post-14636","1":"product","2":"type-product","3":"status-publish","5":"product_cat-maros-megyei-eletrajzi-lexikon","7":"first","8":"instock","9":"shipping-taxable","10":"product-type-simple"},"_links":{"self":[{"href":"https:\/\/uj.adatbank.ro\/lexikon\/wp-json\/wp\/v2\/product\/14636","targetHints":{"allow":["GET"]}}],"collection":[{"href":"https:\/\/uj.adatbank.ro\/lexikon\/wp-json\/wp\/v2\/product"}],"about":[{"href":"https:\/\/uj.adatbank.ro\/lexikon\/wp-json\/wp\/v2\/types\/product"}],"replies":[{"embeddable":true,"href":"https:\/\/uj.adatbank.ro\/lexikon\/wp-json\/wp\/v2\/comments?post=14636"}],"wp:attachment":[{"href":"https:\/\/uj.adatbank.ro\/lexikon\/wp-json\/wp\/v2\/media?parent=14636"}],"wp:term":[{"taxonomy":"product_brand","embeddable":true,"href":"https:\/\/uj.adatbank.ro\/lexikon\/wp-json\/wp\/v2\/product_brand?post=14636"},{"taxonomy":"product_cat","embeddable":true,"href":"https:\/\/uj.adatbank.ro\/lexikon\/wp-json\/wp\/v2\/product_cat?post=14636"},{"taxonomy":"product_tag","embeddable":true,"href":"https:\/\/uj.adatbank.ro\/lexikon\/wp-json\/wp\/v2\/product_tag?post=14636"}],"curies":[{"name":"wp","href":"https:\/\/api.w.org\/{rel}","templated":true}]}}