{"id":14637,"date":"2025-07-15T13:08:23","date_gmt":"2025-07-15T11:08:23","guid":{"rendered":"https:\/\/uj.adatbank.ro\/lexikon\/termek\/mark-testver\/"},"modified":"2025-07-15T13:08:23","modified_gmt":"2025-07-15T11:08:23","slug":"mark-testver","status":"publish","type":"product","link":"https:\/\/uj.adatbank.ro\/lexikon\/termek\/mark-testver\/","title":{"rendered":"M\u00c1RK testv\u00e9r"},"content":{"rendered":"<p>? \u2020 ? : p\u00e1los szerzetes. \u2013 A szentkir\u00e1lyi p\u00e1los kolostor k\u00e9pvisel\u0151je, akinek. Tam\u00e1s fia Antal, f\u0171zk\u00fati nemes, eladta a Besev\u00f6lgy torkolat\u00e1ban fekv\u0151 f\u00f6ldbirtok\u00e1t 52 forint\u00e9rt (1405). <br \/><strong>Irod.:<\/strong> Sz\u00e9kelyf\u00f6ld t\u00f6rt.1.<\/br><\/p>\n","protected":false},"excerpt":{"rendered":"<p>? \u2020 ? : p\u00e1los szerzetes. \u2013 A szentkir\u00e1lyi p\u00e1los kolostor k\u00e9pvisel\u0151je, akinek. Tam\u00e1s fia Antal, f\u0171zk\u00fati nemes, eladta a Besev\u00f6lgy torkolat\u00e1ban fekv\u0151 f\u00f6ldbirtok\u00e1t 52 forint\u00e9rt (1405). Irod.: Sz\u00e9kelyf\u00f6ld t\u00f6rt.1.<\/p>\n","protected":false},"featured_media":0,"comment_status":"open","ping_status":"closed","template":"","meta":[],"product_brand":[],"product_cat":[137],"product_tag":[],"class_list":{"0":"post-14637","1":"product","2":"type-product","3":"status-publish","5":"product_cat-maros-megyei-eletrajzi-lexikon","7":"first","8":"instock","9":"shipping-taxable","10":"product-type-simple"},"_links":{"self":[{"href":"https:\/\/uj.adatbank.ro\/lexikon\/wp-json\/wp\/v2\/product\/14637","targetHints":{"allow":["GET"]}}],"collection":[{"href":"https:\/\/uj.adatbank.ro\/lexikon\/wp-json\/wp\/v2\/product"}],"about":[{"href":"https:\/\/uj.adatbank.ro\/lexikon\/wp-json\/wp\/v2\/types\/product"}],"replies":[{"embeddable":true,"href":"https:\/\/uj.adatbank.ro\/lexikon\/wp-json\/wp\/v2\/comments?post=14637"}],"wp:attachment":[{"href":"https:\/\/uj.adatbank.ro\/lexikon\/wp-json\/wp\/v2\/media?parent=14637"}],"wp:term":[{"taxonomy":"product_brand","embeddable":true,"href":"https:\/\/uj.adatbank.ro\/lexikon\/wp-json\/wp\/v2\/product_brand?post=14637"},{"taxonomy":"product_cat","embeddable":true,"href":"https:\/\/uj.adatbank.ro\/lexikon\/wp-json\/wp\/v2\/product_cat?post=14637"},{"taxonomy":"product_tag","embeddable":true,"href":"https:\/\/uj.adatbank.ro\/lexikon\/wp-json\/wp\/v2\/product_tag?post=14637"}],"curies":[{"name":"wp","href":"https:\/\/api.w.org\/{rel}","templated":true}]}}