{"id":14639,"date":"2025-07-15T13:08:29","date_gmt":"2025-07-15T11:08:29","guid":{"rendered":"https:\/\/uj.adatbank.ro\/lexikon\/termek\/mark-endre\/"},"modified":"2025-07-15T13:08:29","modified_gmt":"2025-07-15T11:08:29","slug":"mark-endre","status":"publish","type":"product","link":"https:\/\/uj.adatbank.ro\/lexikon\/termek\/mark-endre\/","title":{"rendered":"M\u00c1RK Endre"},"content":{"rendered":"<p>Magyarr\u00e9gen, 1862, \u2020 1922 : f\u00f6ldbirtokos. \u2013 M\u00e1rk J\u00e1nos fia. Magyarr\u00e9genben voltak birtokai. Foglalkozott erd\u0151kitermel\u00e9ssel, tutajoz\u00e1ssal. A magyarr\u00e9geni p\u00e9nzt\u00e1r igazgat\u00f3ja hal\u00e1l\u00e1ig. <br \/><strong>Irod.:<\/strong> B\u00edr\u00f3 Don\u00e1t; M\u00faltunkr\u00f3l<\/br><\/p>\n","protected":false},"excerpt":{"rendered":"<p>Magyarr\u00e9gen, 1862, \u2020 1922 : f\u00f6ldbirtokos. \u2013 M\u00e1rk J\u00e1nos fia. Magyarr\u00e9genben voltak birtokai. Foglalkozott erd\u0151kitermel\u00e9ssel, tutajoz\u00e1ssal. A magyarr\u00e9geni p\u00e9nzt\u00e1r igazgat\u00f3ja hal\u00e1l\u00e1ig. Irod.: B\u00edr\u00f3 Don\u00e1t; M\u00faltunkr\u00f3l<\/p>\n","protected":false},"featured_media":0,"comment_status":"open","ping_status":"closed","template":"","meta":[],"product_brand":[],"product_cat":[137],"product_tag":[],"class_list":{"0":"post-14639","1":"product","2":"type-product","3":"status-publish","5":"product_cat-maros-megyei-eletrajzi-lexikon","7":"first","8":"instock","9":"shipping-taxable","10":"product-type-simple"},"_links":{"self":[{"href":"https:\/\/uj.adatbank.ro\/lexikon\/wp-json\/wp\/v2\/product\/14639","targetHints":{"allow":["GET"]}}],"collection":[{"href":"https:\/\/uj.adatbank.ro\/lexikon\/wp-json\/wp\/v2\/product"}],"about":[{"href":"https:\/\/uj.adatbank.ro\/lexikon\/wp-json\/wp\/v2\/types\/product"}],"replies":[{"embeddable":true,"href":"https:\/\/uj.adatbank.ro\/lexikon\/wp-json\/wp\/v2\/comments?post=14639"}],"wp:attachment":[{"href":"https:\/\/uj.adatbank.ro\/lexikon\/wp-json\/wp\/v2\/media?parent=14639"}],"wp:term":[{"taxonomy":"product_brand","embeddable":true,"href":"https:\/\/uj.adatbank.ro\/lexikon\/wp-json\/wp\/v2\/product_brand?post=14639"},{"taxonomy":"product_cat","embeddable":true,"href":"https:\/\/uj.adatbank.ro\/lexikon\/wp-json\/wp\/v2\/product_cat?post=14639"},{"taxonomy":"product_tag","embeddable":true,"href":"https:\/\/uj.adatbank.ro\/lexikon\/wp-json\/wp\/v2\/product_tag?post=14639"}],"curies":[{"name":"wp","href":"https:\/\/api.w.org\/{rel}","templated":true}]}}