{"id":14640,"date":"2025-07-15T13:08:31","date_gmt":"2025-07-15T11:08:31","guid":{"rendered":"https:\/\/uj.adatbank.ro\/lexikon\/termek\/mark-endre-2\/"},"modified":"2025-07-15T13:08:31","modified_gmt":"2025-07-15T11:08:31","slug":"mark-endre-2","status":"publish","type":"product","link":"https:\/\/uj.adatbank.ro\/lexikon\/termek\/mark-endre-2\/","title":{"rendered":"M\u00c1RK Endre"},"content":{"rendered":"<p>Magyarr\u00e9gen, 1893, \u2020 ? : \u00fcgyv\u00e9d. \u2013 Magyarr\u00e9genben volt \u00fcgyv\u00e9d. R\u00e9szt vett az I. vh.-ban (1914\u201318), az orosz fronton harcolt, s\u00falyos betegs\u00e9ggel k\u00f3rh\u00e1zba ker\u00fclt. Eg\u00e9szs\u00e9g\u00fcgyi hadnagyk\u00e9nt szerelt le kit\u00fcntet\u00e9sekkel. <br \/><strong>Irod.:<\/strong> Erd\u00e9lyi ezredek<\/br><\/p>\n","protected":false},"excerpt":{"rendered":"<p>Magyarr\u00e9gen, 1893, \u2020 ? : \u00fcgyv\u00e9d. \u2013 Magyarr\u00e9genben volt \u00fcgyv\u00e9d. R\u00e9szt vett az I. vh.-ban (1914\u201318), az orosz fronton harcolt, s\u00falyos betegs\u00e9ggel k\u00f3rh\u00e1zba ker\u00fclt. Eg\u00e9szs\u00e9g\u00fcgyi hadnagyk\u00e9nt szerelt le kit\u00fcntet\u00e9sekkel. Irod.: Erd\u00e9lyi ezredek<\/p>\n","protected":false},"featured_media":0,"comment_status":"open","ping_status":"closed","template":"","meta":[],"product_brand":[],"product_cat":[137],"product_tag":[],"class_list":{"0":"post-14640","1":"product","2":"type-product","3":"status-publish","5":"product_cat-maros-megyei-eletrajzi-lexikon","7":"first","8":"instock","9":"shipping-taxable","10":"product-type-simple"},"_links":{"self":[{"href":"https:\/\/uj.adatbank.ro\/lexikon\/wp-json\/wp\/v2\/product\/14640","targetHints":{"allow":["GET"]}}],"collection":[{"href":"https:\/\/uj.adatbank.ro\/lexikon\/wp-json\/wp\/v2\/product"}],"about":[{"href":"https:\/\/uj.adatbank.ro\/lexikon\/wp-json\/wp\/v2\/types\/product"}],"replies":[{"embeddable":true,"href":"https:\/\/uj.adatbank.ro\/lexikon\/wp-json\/wp\/v2\/comments?post=14640"}],"wp:attachment":[{"href":"https:\/\/uj.adatbank.ro\/lexikon\/wp-json\/wp\/v2\/media?parent=14640"}],"wp:term":[{"taxonomy":"product_brand","embeddable":true,"href":"https:\/\/uj.adatbank.ro\/lexikon\/wp-json\/wp\/v2\/product_brand?post=14640"},{"taxonomy":"product_cat","embeddable":true,"href":"https:\/\/uj.adatbank.ro\/lexikon\/wp-json\/wp\/v2\/product_cat?post=14640"},{"taxonomy":"product_tag","embeddable":true,"href":"https:\/\/uj.adatbank.ro\/lexikon\/wp-json\/wp\/v2\/product_tag?post=14640"}],"curies":[{"name":"wp","href":"https:\/\/api.w.org\/{rel}","templated":true}]}}