{"id":14642,"date":"2025-07-15T13:08:33","date_gmt":"2025-07-15T11:08:33","guid":{"rendered":"https:\/\/uj.adatbank.ro\/lexikon\/termek\/mark-istvan\/"},"modified":"2025-07-15T13:08:33","modified_gmt":"2025-07-15T11:08:33","slug":"mark-istvan","status":"publish","type":"product","link":"https:\/\/uj.adatbank.ro\/lexikon\/termek\/mark-istvan\/","title":{"rendered":"M\u00c1RK Istv\u00e1n"},"content":{"rendered":"<p>Sepsiszentgy\u00f6rgy, ? \u2020\u00a01772.: ref. lelk\u00e9sz. \u2013 Nagyenyeden subscrib\u00e1lt (1758). Baselben (1768\u201369) \u00e9s Z\u00fcrichben peregrin\u00e1lt (1769\u201370). Sz\u0151kefalv\u00e1n m\u0171k\u00f6d\u00f6tt (1771\u201372). <br \/><strong>Irod.:<\/strong> K\u00fck\u00fcll\u0151i Ref. Egyh\u00e1zm.4; Nagy L\u00e1szl\u00f3<\/br><\/p>\n","protected":false},"excerpt":{"rendered":"<p>Sepsiszentgy\u00f6rgy, ? \u2020\u00a01772.: ref. lelk\u00e9sz. \u2013 Nagyenyeden subscrib\u00e1lt (1758). Baselben (1768\u201369) \u00e9s Z\u00fcrichben peregrin\u00e1lt (1769\u201370). Sz\u0151kefalv\u00e1n m\u0171k\u00f6d\u00f6tt (1771\u201372). Irod.: K\u00fck\u00fcll\u0151i Ref. Egyh\u00e1zm.4; Nagy L\u00e1szl\u00f3<\/p>\n","protected":false},"featured_media":0,"comment_status":"open","ping_status":"closed","template":"","meta":[],"product_brand":[],"product_cat":[137],"product_tag":[],"class_list":{"0":"post-14642","1":"product","2":"type-product","3":"status-publish","5":"product_cat-maros-megyei-eletrajzi-lexikon","7":"first","8":"instock","9":"shipping-taxable","10":"product-type-simple"},"_links":{"self":[{"href":"https:\/\/uj.adatbank.ro\/lexikon\/wp-json\/wp\/v2\/product\/14642","targetHints":{"allow":["GET"]}}],"collection":[{"href":"https:\/\/uj.adatbank.ro\/lexikon\/wp-json\/wp\/v2\/product"}],"about":[{"href":"https:\/\/uj.adatbank.ro\/lexikon\/wp-json\/wp\/v2\/types\/product"}],"replies":[{"embeddable":true,"href":"https:\/\/uj.adatbank.ro\/lexikon\/wp-json\/wp\/v2\/comments?post=14642"}],"wp:attachment":[{"href":"https:\/\/uj.adatbank.ro\/lexikon\/wp-json\/wp\/v2\/media?parent=14642"}],"wp:term":[{"taxonomy":"product_brand","embeddable":true,"href":"https:\/\/uj.adatbank.ro\/lexikon\/wp-json\/wp\/v2\/product_brand?post=14642"},{"taxonomy":"product_cat","embeddable":true,"href":"https:\/\/uj.adatbank.ro\/lexikon\/wp-json\/wp\/v2\/product_cat?post=14642"},{"taxonomy":"product_tag","embeddable":true,"href":"https:\/\/uj.adatbank.ro\/lexikon\/wp-json\/wp\/v2\/product_tag?post=14642"}],"curies":[{"name":"wp","href":"https:\/\/api.w.org\/{rel}","templated":true}]}}