{"id":14644,"date":"2025-07-15T13:08:38","date_gmt":"2025-07-15T11:08:38","guid":{"rendered":"https:\/\/uj.adatbank.ro\/lexikon\/termek\/mark-janos\/"},"modified":"2025-07-15T13:08:38","modified_gmt":"2025-07-15T11:08:38","slug":"mark-janos","status":"publish","type":"product","link":"https:\/\/uj.adatbank.ro\/lexikon\/termek\/mark-janos\/","title":{"rendered":"M\u00c1RK J\u00e1nos"},"content":{"rendered":"<p>? \u2020\u00a0?: mag\u00e1ntisztvisel\u0151 Mv.-en. \u2013 Az MSE tagja (1934\u2013), majd v\u00e1lasztm\u00e1nyi tag, az \u00fasz\u00f3- vizipol\u00f3- \u00e9s a v\u00edv\u00f3szakoszt\u00e1ly titk\u00e1ra volt. <br \/><strong>Irod.:<\/strong> Pluh\u00e1r<\/br><\/p>\n","protected":false},"excerpt":{"rendered":"<p>? \u2020\u00a0?: mag\u00e1ntisztvisel\u0151 Mv.-en. \u2013 Az MSE tagja (1934\u2013), majd v\u00e1lasztm\u00e1nyi tag, az \u00fasz\u00f3- vizipol\u00f3- \u00e9s a v\u00edv\u00f3szakoszt\u00e1ly titk\u00e1ra volt. Irod.: Pluh\u00e1r<\/p>\n","protected":false},"featured_media":0,"comment_status":"open","ping_status":"closed","template":"","meta":[],"product_brand":[],"product_cat":[137],"product_tag":[],"class_list":{"0":"post-14644","1":"product","2":"type-product","3":"status-publish","5":"product_cat-maros-megyei-eletrajzi-lexikon","7":"first","8":"instock","9":"shipping-taxable","10":"product-type-simple"},"_links":{"self":[{"href":"https:\/\/uj.adatbank.ro\/lexikon\/wp-json\/wp\/v2\/product\/14644","targetHints":{"allow":["GET"]}}],"collection":[{"href":"https:\/\/uj.adatbank.ro\/lexikon\/wp-json\/wp\/v2\/product"}],"about":[{"href":"https:\/\/uj.adatbank.ro\/lexikon\/wp-json\/wp\/v2\/types\/product"}],"replies":[{"embeddable":true,"href":"https:\/\/uj.adatbank.ro\/lexikon\/wp-json\/wp\/v2\/comments?post=14644"}],"wp:attachment":[{"href":"https:\/\/uj.adatbank.ro\/lexikon\/wp-json\/wp\/v2\/media?parent=14644"}],"wp:term":[{"taxonomy":"product_brand","embeddable":true,"href":"https:\/\/uj.adatbank.ro\/lexikon\/wp-json\/wp\/v2\/product_brand?post=14644"},{"taxonomy":"product_cat","embeddable":true,"href":"https:\/\/uj.adatbank.ro\/lexikon\/wp-json\/wp\/v2\/product_cat?post=14644"},{"taxonomy":"product_tag","embeddable":true,"href":"https:\/\/uj.adatbank.ro\/lexikon\/wp-json\/wp\/v2\/product_tag?post=14644"}],"curies":[{"name":"wp","href":"https:\/\/api.w.org\/{rel}","templated":true}]}}