{"id":14647,"date":"2025-07-15T13:08:43","date_gmt":"2025-07-15T11:08:43","guid":{"rendered":"https:\/\/uj.adatbank.ro\/lexikon\/termek\/mark-karoly-jakab-egerpataki\/"},"modified":"2025-07-15T13:08:43","modified_gmt":"2025-07-15T11:08:43","slug":"mark-karoly-jakab-egerpataki","status":"publish","type":"product","link":"https:\/\/uj.adatbank.ro\/lexikon\/termek\/mark-karoly-jakab-egerpataki\/","title":{"rendered":"M\u00c1RK K\u00e1roly Jakab, egerpataki"},"content":{"rendered":"<p>Magyarr\u00e9gen, 1895, \u2020\u00a0?: f\u00f6ldbirtokos, ezredes. \u2013 K\u00f6z\u00e9piskol\u00e1i elv\u00e9gz\u00e9se ut\u00e1n a csal\u00e1di birtok vezet\u00e9s\u00e9t vette \u00e1t K\u00f6rtv\u00e9lyf\u00e1j\u00e1n, 100 holdon folytatott korszer\u0171 gazd\u00e1lkod\u00e1st. R\u00e9szt vett az I. vh.-ban. A megy\u00e9t k\u00e9pvisel\u0151 fels\u0151h\u00e1zi p\u00f3ttagnak jel\u0151lt\u00e9k(1942). <br \/><strong>Irod.:<\/strong> Reghin, militari; Sz\u00e9kelyf\u00f6ld \u00ed.k.<\/br><\/p>\n","protected":false},"excerpt":{"rendered":"<p>Magyarr\u00e9gen, 1895, \u2020\u00a0?: f\u00f6ldbirtokos, ezredes. \u2013 K\u00f6z\u00e9piskol\u00e1i elv\u00e9gz\u00e9se ut\u00e1n a csal\u00e1di birtok vezet\u00e9s\u00e9t vette \u00e1t K\u00f6rtv\u00e9lyf\u00e1j\u00e1n, 100 holdon folytatott korszer\u0171 gazd\u00e1lkod\u00e1st. R\u00e9szt vett az I. vh.-ban. A megy\u00e9t k\u00e9pvisel\u0151 fels\u0151h\u00e1zi p\u00f3ttagnak jel\u0151lt\u00e9k(1942). Irod.: Reghin, militari; Sz\u00e9kelyf\u00f6ld \u00ed.k.<\/p>\n","protected":false},"featured_media":0,"comment_status":"open","ping_status":"closed","template":"","meta":[],"product_brand":[],"product_cat":[137],"product_tag":[],"class_list":{"0":"post-14647","1":"product","2":"type-product","3":"status-publish","5":"product_cat-maros-megyei-eletrajzi-lexikon","7":"first","8":"instock","9":"shipping-taxable","10":"product-type-simple"},"_links":{"self":[{"href":"https:\/\/uj.adatbank.ro\/lexikon\/wp-json\/wp\/v2\/product\/14647","targetHints":{"allow":["GET"]}}],"collection":[{"href":"https:\/\/uj.adatbank.ro\/lexikon\/wp-json\/wp\/v2\/product"}],"about":[{"href":"https:\/\/uj.adatbank.ro\/lexikon\/wp-json\/wp\/v2\/types\/product"}],"replies":[{"embeddable":true,"href":"https:\/\/uj.adatbank.ro\/lexikon\/wp-json\/wp\/v2\/comments?post=14647"}],"wp:attachment":[{"href":"https:\/\/uj.adatbank.ro\/lexikon\/wp-json\/wp\/v2\/media?parent=14647"}],"wp:term":[{"taxonomy":"product_brand","embeddable":true,"href":"https:\/\/uj.adatbank.ro\/lexikon\/wp-json\/wp\/v2\/product_brand?post=14647"},{"taxonomy":"product_cat","embeddable":true,"href":"https:\/\/uj.adatbank.ro\/lexikon\/wp-json\/wp\/v2\/product_cat?post=14647"},{"taxonomy":"product_tag","embeddable":true,"href":"https:\/\/uj.adatbank.ro\/lexikon\/wp-json\/wp\/v2\/product_tag?post=14647"}],"curies":[{"name":"wp","href":"https:\/\/api.w.org\/{rel}","templated":true}]}}