{"id":14648,"date":"2025-07-15T13:08:45","date_gmt":"2025-07-15T11:08:45","guid":{"rendered":"https:\/\/uj.adatbank.ro\/lexikon\/termek\/mark-maria\/"},"modified":"2025-07-15T13:08:45","modified_gmt":"2025-07-15T11:08:45","slug":"mark-maria","status":"publish","type":"product","link":"https:\/\/uj.adatbank.ro\/lexikon\/termek\/mark-maria\/","title":{"rendered":"M\u00c1RK Maria"},"content":{"rendered":"<p>Sz\u00e1szr\u00e1gen, 1915., \u2020 G\u00f6rg\u00e9nyszentimre, 1994. j\u00fan. 2.: tan\u00edt\u00f3n\u0151 J\u00f3dtelepen (Maros). \u2013 Irod. : [Nekrol\u00f3g] (1994. j\u00fan. 4.); Omagiu<\/br><\/p>\n","protected":false},"excerpt":{"rendered":"<p>Sz\u00e1szr\u00e1gen, 1915., \u2020 G\u00f6rg\u00e9nyszentimre, 1994. j\u00fan. 2.: tan\u00edt\u00f3n\u0151 J\u00f3dtelepen (Maros). \u2013 Irod. : [Nekrol\u00f3g] (1994. j\u00fan. 4.); Omagiu<\/p>\n","protected":false},"featured_media":0,"comment_status":"open","ping_status":"closed","template":"","meta":[],"product_brand":[],"product_cat":[137],"product_tag":[],"class_list":{"0":"post-14648","1":"product","2":"type-product","3":"status-publish","5":"product_cat-maros-megyei-eletrajzi-lexikon","7":"first","8":"instock","9":"shipping-taxable","10":"product-type-simple"},"_links":{"self":[{"href":"https:\/\/uj.adatbank.ro\/lexikon\/wp-json\/wp\/v2\/product\/14648","targetHints":{"allow":["GET"]}}],"collection":[{"href":"https:\/\/uj.adatbank.ro\/lexikon\/wp-json\/wp\/v2\/product"}],"about":[{"href":"https:\/\/uj.adatbank.ro\/lexikon\/wp-json\/wp\/v2\/types\/product"}],"replies":[{"embeddable":true,"href":"https:\/\/uj.adatbank.ro\/lexikon\/wp-json\/wp\/v2\/comments?post=14648"}],"wp:attachment":[{"href":"https:\/\/uj.adatbank.ro\/lexikon\/wp-json\/wp\/v2\/media?parent=14648"}],"wp:term":[{"taxonomy":"product_brand","embeddable":true,"href":"https:\/\/uj.adatbank.ro\/lexikon\/wp-json\/wp\/v2\/product_brand?post=14648"},{"taxonomy":"product_cat","embeddable":true,"href":"https:\/\/uj.adatbank.ro\/lexikon\/wp-json\/wp\/v2\/product_cat?post=14648"},{"taxonomy":"product_tag","embeddable":true,"href":"https:\/\/uj.adatbank.ro\/lexikon\/wp-json\/wp\/v2\/product_tag?post=14648"}],"curies":[{"name":"wp","href":"https:\/\/api.w.org\/{rel}","templated":true}]}}