{"id":14655,"date":"2025-07-15T13:09:00","date_gmt":"2025-07-15T11:09:00","guid":{"rendered":"https:\/\/uj.adatbank.ro\/lexikon\/termek\/mark-samuel-2\/"},"modified":"2025-07-15T13:09:00","modified_gmt":"2025-07-15T11:09:00","slug":"mark-samuel-2","status":"publish","type":"product","link":"https:\/\/uj.adatbank.ro\/lexikon\/termek\/mark-samuel-2\/","title":{"rendered":"M\u00c1RK S\u00e1muel"},"content":{"rendered":"<p>Mez\u0151b\u00e1nd, 1895 v. 1896.., \u2020 Mez\u0151b\u00e1nd, 1985. dec. 27. : f\u00f6ldbirtokos, agr\u00e1rm\u00e9rn\u00f6k. \u2013 Tartal\u00e9kos hadnagy, alakulata a m. kir. 24. honv\u00e9d gyalogezred, kit\u00fcntet\u00e9sei O1, O2, Kcsk, MHE\u00c9., vit\u00e9zi avat\u00e1sa: 1943. j\u00fan. 11. <br \/><strong>Irod.:<\/strong> [Nekrol\u00f3g] (V. Z., 1985. dec. 28.); Berekm\u00e9ri\u2013Nemes<\/br><\/p>\n","protected":false},"excerpt":{"rendered":"<p>Mez\u0151b\u00e1nd, 1895 v. 1896.., \u2020 Mez\u0151b\u00e1nd, 1985. dec. 27. : f\u00f6ldbirtokos, agr\u00e1rm\u00e9rn\u00f6k. \u2013 Tartal\u00e9kos hadnagy, alakulata a m. kir. 24. honv\u00e9d gyalogezred, kit\u00fcntet\u00e9sei O1, O2, Kcsk, MHE\u00c9., vit\u00e9zi avat\u00e1sa: 1943. j\u00fan. 11. Irod.: [Nekrol\u00f3g] (V. Z., 1985. dec. 28.); Berekm\u00e9ri\u2013Nemes<\/p>\n","protected":false},"featured_media":0,"comment_status":"open","ping_status":"closed","template":"","meta":[],"product_brand":[],"product_cat":[137],"product_tag":[],"class_list":{"0":"post-14655","1":"product","2":"type-product","3":"status-publish","5":"product_cat-maros-megyei-eletrajzi-lexikon","7":"first","8":"instock","9":"shipping-taxable","10":"product-type-simple"},"_links":{"self":[{"href":"https:\/\/uj.adatbank.ro\/lexikon\/wp-json\/wp\/v2\/product\/14655","targetHints":{"allow":["GET"]}}],"collection":[{"href":"https:\/\/uj.adatbank.ro\/lexikon\/wp-json\/wp\/v2\/product"}],"about":[{"href":"https:\/\/uj.adatbank.ro\/lexikon\/wp-json\/wp\/v2\/types\/product"}],"replies":[{"embeddable":true,"href":"https:\/\/uj.adatbank.ro\/lexikon\/wp-json\/wp\/v2\/comments?post=14655"}],"wp:attachment":[{"href":"https:\/\/uj.adatbank.ro\/lexikon\/wp-json\/wp\/v2\/media?parent=14655"}],"wp:term":[{"taxonomy":"product_brand","embeddable":true,"href":"https:\/\/uj.adatbank.ro\/lexikon\/wp-json\/wp\/v2\/product_brand?post=14655"},{"taxonomy":"product_cat","embeddable":true,"href":"https:\/\/uj.adatbank.ro\/lexikon\/wp-json\/wp\/v2\/product_cat?post=14655"},{"taxonomy":"product_tag","embeddable":true,"href":"https:\/\/uj.adatbank.ro\/lexikon\/wp-json\/wp\/v2\/product_tag?post=14655"}],"curies":[{"name":"wp","href":"https:\/\/api.w.org\/{rel}","templated":true}]}}