{"id":14656,"date":"2025-07-15T13:09:01","date_gmt":"2025-07-15T11:09:01","guid":{"rendered":"https:\/\/uj.adatbank.ro\/lexikon\/termek\/mark-simon\/"},"modified":"2025-07-15T13:09:01","modified_gmt":"2025-07-15T11:09:01","slug":"mark-simon","status":"publish","type":"product","link":"https:\/\/uj.adatbank.ro\/lexikon\/termek\/mark-simon\/","title":{"rendered":"M\u00c1RK Simon"},"content":{"rendered":"<p>1857.? , \u2020 Mv., 1941. j\u00fal. 30.: f\u00f6ldbirtokos. \u2013 Feles\u00e9ge\u00a0: Proh\u00e1szka M\u00e1ria. Gyermekeik: M. Katalin Gencsy Zolt\u00e1nn\u00e9; Simon; K\u00e1roly\u00a0; Istv\u00e1n, M\u00e1ria dr. Telegdy M\u00e1rtonn\u00e9. \u2013 K\u00f6rtv\u00e9lyf\u00e1jai birtokos, a marosj\u00e1rai r. k. egyh\u00e1z f\u0151gondnoka, Marostorda v\u00e1rmegye v. t\u00f6rv\u00e9nyhat\u00f3s\u00e1gi bizotts\u00e1g tagja. <br \/><strong>Irod.:<\/strong> Gy\u00e1szjelent.<\/br><\/p>\n","protected":false},"excerpt":{"rendered":"<p>1857.? , \u2020 Mv., 1941. j\u00fal. 30.: f\u00f6ldbirtokos. \u2013 Feles\u00e9ge\u00a0: Proh\u00e1szka M\u00e1ria. Gyermekeik: M. Katalin Gencsy Zolt\u00e1nn\u00e9; Simon; K\u00e1roly\u00a0; Istv\u00e1n, M\u00e1ria dr. Telegdy M\u00e1rtonn\u00e9. \u2013 K\u00f6rtv\u00e9lyf\u00e1jai birtokos, a marosj\u00e1rai r. k. egyh\u00e1z f\u0151gondnoka, Marostorda v\u00e1rmegye v. t\u00f6rv\u00e9nyhat\u00f3s\u00e1gi bizotts\u00e1g tagja. Irod.: Gy\u00e1szjelent.<\/p>\n","protected":false},"featured_media":0,"comment_status":"open","ping_status":"closed","template":"","meta":[],"product_brand":[],"product_cat":[137],"product_tag":[],"class_list":{"0":"post-14656","1":"product","2":"type-product","3":"status-publish","5":"product_cat-maros-megyei-eletrajzi-lexikon","7":"first","8":"instock","9":"shipping-taxable","10":"product-type-simple"},"_links":{"self":[{"href":"https:\/\/uj.adatbank.ro\/lexikon\/wp-json\/wp\/v2\/product\/14656","targetHints":{"allow":["GET"]}}],"collection":[{"href":"https:\/\/uj.adatbank.ro\/lexikon\/wp-json\/wp\/v2\/product"}],"about":[{"href":"https:\/\/uj.adatbank.ro\/lexikon\/wp-json\/wp\/v2\/types\/product"}],"replies":[{"embeddable":true,"href":"https:\/\/uj.adatbank.ro\/lexikon\/wp-json\/wp\/v2\/comments?post=14656"}],"wp:attachment":[{"href":"https:\/\/uj.adatbank.ro\/lexikon\/wp-json\/wp\/v2\/media?parent=14656"}],"wp:term":[{"taxonomy":"product_brand","embeddable":true,"href":"https:\/\/uj.adatbank.ro\/lexikon\/wp-json\/wp\/v2\/product_brand?post=14656"},{"taxonomy":"product_cat","embeddable":true,"href":"https:\/\/uj.adatbank.ro\/lexikon\/wp-json\/wp\/v2\/product_cat?post=14656"},{"taxonomy":"product_tag","embeddable":true,"href":"https:\/\/uj.adatbank.ro\/lexikon\/wp-json\/wp\/v2\/product_tag?post=14656"}],"curies":[{"name":"wp","href":"https:\/\/api.w.org\/{rel}","templated":true}]}}