{"id":14662,"date":"2025-07-15T13:09:14","date_gmt":"2025-07-15T11:09:14","guid":{"rendered":"https:\/\/uj.adatbank.ro\/lexikon\/termek\/marko-bela-%c2%a7\/"},"modified":"2025-07-15T13:09:14","modified_gmt":"2025-07-15T11:09:14","slug":"marko-bela-%c2%a7","status":"publish","type":"product","link":"https:\/\/uj.adatbank.ro\/lexikon\/termek\/marko-bela-%c2%a7\/","title":{"rendered":"MARK\u00d3 B\u00e9la, \u00a7"},"content":{"rendered":"<p>Brass\u00f3, 1933., \u2020 Mv., 1986. nov. 8.: \u00fajs\u00e1g\u00edr\u00f3. \u2013 A mv.-i V\u00f6r\u00f6s Z\u00e1szl\u00f3 Maros megyei lap munkat\u00e1rsa (1950\u201386). Munk\u00e1ja elismer\u00e9sek\u00e9nt kit\u00fcntett\u00e9k a RSZK munka\u00e9rdemrendj\u00e9nek III. fokozat\u00e1val \u00e9s sz\u00e1mos eml\u00e9k\u00e9remmel. <br \/><strong>Irod.:<\/strong> M. B. [Nekrol\u00f3g] (V. Z., 1986.nov. 11.) : KKACs<\/br><\/p>\n","protected":false},"excerpt":{"rendered":"<p>Brass\u00f3, 1933., \u2020 Mv., 1986. nov. 8.: \u00fajs\u00e1g\u00edr\u00f3. \u2013 A mv.-i V\u00f6r\u00f6s Z\u00e1szl\u00f3 Maros megyei lap munkat\u00e1rsa (1950\u201386). Munk\u00e1ja elismer\u00e9sek\u00e9nt kit\u00fcntett\u00e9k a RSZK munka\u00e9rdemrendj\u00e9nek III. fokozat\u00e1val \u00e9s sz\u00e1mos eml\u00e9k\u00e9remmel. Irod.: M. B. [Nekrol\u00f3g] (V. Z., 1986.nov. 11.) : KKACs<\/p>\n","protected":false},"featured_media":0,"comment_status":"open","ping_status":"closed","template":"","meta":[],"product_brand":[],"product_cat":[137],"product_tag":[],"class_list":{"0":"post-14662","1":"product","2":"type-product","3":"status-publish","5":"product_cat-maros-megyei-eletrajzi-lexikon","7":"first","8":"instock","9":"shipping-taxable","10":"product-type-simple"},"_links":{"self":[{"href":"https:\/\/uj.adatbank.ro\/lexikon\/wp-json\/wp\/v2\/product\/14662","targetHints":{"allow":["GET"]}}],"collection":[{"href":"https:\/\/uj.adatbank.ro\/lexikon\/wp-json\/wp\/v2\/product"}],"about":[{"href":"https:\/\/uj.adatbank.ro\/lexikon\/wp-json\/wp\/v2\/types\/product"}],"replies":[{"embeddable":true,"href":"https:\/\/uj.adatbank.ro\/lexikon\/wp-json\/wp\/v2\/comments?post=14662"}],"wp:attachment":[{"href":"https:\/\/uj.adatbank.ro\/lexikon\/wp-json\/wp\/v2\/media?parent=14662"}],"wp:term":[{"taxonomy":"product_brand","embeddable":true,"href":"https:\/\/uj.adatbank.ro\/lexikon\/wp-json\/wp\/v2\/product_brand?post=14662"},{"taxonomy":"product_cat","embeddable":true,"href":"https:\/\/uj.adatbank.ro\/lexikon\/wp-json\/wp\/v2\/product_cat?post=14662"},{"taxonomy":"product_tag","embeddable":true,"href":"https:\/\/uj.adatbank.ro\/lexikon\/wp-json\/wp\/v2\/product_tag?post=14662"}],"curies":[{"name":"wp","href":"https:\/\/api.w.org\/{rel}","templated":true}]}}