{"id":14663,"date":"2025-07-15T13:09:16","date_gmt":"2025-07-15T11:09:16","guid":{"rendered":"https:\/\/uj.adatbank.ro\/lexikon\/termek\/markodi-gergely-galfalvi\/"},"modified":"2025-07-15T13:09:16","modified_gmt":"2025-07-15T11:09:16","slug":"markodi-gergely-galfalvi","status":"publish","type":"product","link":"https:\/\/uj.adatbank.ro\/lexikon\/termek\/markodi-gergely-galfalvi\/","title":{"rendered":"M\u00c1RKODI Gergely, g\u00e1lfalvi"},"content":{"rendered":"<p>? \u2020\u00a0?: f\u00f6ldbirtokos. \u2013 A csal\u00e1db\u00f3l M. Andr\u00e1s, mint primipilus lustr\u00e1lt (1614). Val\u00f3sz\u00edn\u0171, hogy e csal\u00e1d tagja M. Gergely, aki feles\u00e9g\u00e9vel Derzsi Erzs\u00e9bettel, telket aj\u00e1nd\u00e9kozott Mikh\u00e1z\u00e1n, az oda menek\u00fcl\u0151 ferences szerzeteseknek, hogy oda templomot \u00e9s kolostort \u00e9p\u00edtsenek (1636). Toldalagi Mih\u00e1ly fejedelmi tan\u00e1csos \u00e9s marossz\u00e9ki f\u0151kapit\u00e1ny \u00e9s Domokos K\u00e1zm\u00e9r vik\u00e1rius t\u00e1mogat\u00e1s\u00e1val fel is \u00e9p\u00fclt a templom \u00e9s a p\u00e1pa \u00e1tadta a ferences szerzeteseknek (1640).. <br \/><strong>Irod.:<\/strong> Gligor R\u00f3bert L\u00e1szl\u00f3: Hazah\u00edv a r\u00f6g\u00f6k szava (Ny\u00e1r\u00e1dszereda, 2000.); Maros megye; Ny\u00e1r\u00e1d mente; P\u00e1lmay; Sz\u00e9kelyf\u00f6ld t\u00f6rt. 1.<\/br><\/p>\n","protected":false},"excerpt":{"rendered":"<p>? \u2020\u00a0?: f\u00f6ldbirtokos. \u2013 A csal\u00e1db\u00f3l M. Andr\u00e1s, mint primipilus lustr\u00e1lt (1614). Val\u00f3sz\u00edn\u0171, hogy e csal\u00e1d tagja M. Gergely, aki feles\u00e9g\u00e9vel Derzsi Erzs\u00e9bettel, telket aj\u00e1nd\u00e9kozott Mikh\u00e1z\u00e1n, az oda menek\u00fcl\u0151 ferences szerzeteseknek, hogy oda templomot \u00e9s kolostort \u00e9p\u00edtsenek (1636). Toldalagi Mih\u00e1ly fejedelmi tan\u00e1csos \u00e9s marossz\u00e9ki f\u0151kapit\u00e1ny \u00e9s Domokos K\u00e1zm\u00e9r vik\u00e1rius t\u00e1mogat\u00e1s\u00e1val fel is \u00e9p\u00fclt a templom [&hellip;]<\/p>\n","protected":false},"featured_media":0,"comment_status":"open","ping_status":"closed","template":"","meta":[],"product_brand":[],"product_cat":[137],"product_tag":[],"class_list":{"0":"post-14663","1":"product","2":"type-product","3":"status-publish","5":"product_cat-maros-megyei-eletrajzi-lexikon","7":"first","8":"instock","9":"shipping-taxable","10":"product-type-simple"},"_links":{"self":[{"href":"https:\/\/uj.adatbank.ro\/lexikon\/wp-json\/wp\/v2\/product\/14663","targetHints":{"allow":["GET"]}}],"collection":[{"href":"https:\/\/uj.adatbank.ro\/lexikon\/wp-json\/wp\/v2\/product"}],"about":[{"href":"https:\/\/uj.adatbank.ro\/lexikon\/wp-json\/wp\/v2\/types\/product"}],"replies":[{"embeddable":true,"href":"https:\/\/uj.adatbank.ro\/lexikon\/wp-json\/wp\/v2\/comments?post=14663"}],"wp:attachment":[{"href":"https:\/\/uj.adatbank.ro\/lexikon\/wp-json\/wp\/v2\/media?parent=14663"}],"wp:term":[{"taxonomy":"product_brand","embeddable":true,"href":"https:\/\/uj.adatbank.ro\/lexikon\/wp-json\/wp\/v2\/product_brand?post=14663"},{"taxonomy":"product_cat","embeddable":true,"href":"https:\/\/uj.adatbank.ro\/lexikon\/wp-json\/wp\/v2\/product_cat?post=14663"},{"taxonomy":"product_tag","embeddable":true,"href":"https:\/\/uj.adatbank.ro\/lexikon\/wp-json\/wp\/v2\/product_tag?post=14663"}],"curies":[{"name":"wp","href":"https:\/\/api.w.org\/{rel}","templated":true}]}}