{"id":14668,"date":"2025-07-15T13:09:24","date_gmt":"2025-07-15T11:09:24","guid":{"rendered":"https:\/\/uj.adatbank.ro\/lexikon\/termek\/markos-andras\/"},"modified":"2025-07-15T13:09:24","modified_gmt":"2025-07-15T11:09:24","slug":"markos-andras","status":"publish","type":"product","link":"https:\/\/uj.adatbank.ro\/lexikon\/termek\/markos-andras\/","title":{"rendered":"M\u00c1RKOS Andr\u00e1s"},"content":{"rendered":"<p>Kissolymos, 1775., \u2020 Pipe 1834. szept 19 temet\u00e9s.: unit lelk\u00e9sz. \u2013 Kib\u00e1den \u00e9s B\u00f6z\u00f6d\u00f6n szolg\u00e1lt, majd Pip\u00e9re ker\u00fclt (1809\u201331).G\u00e1lfavi \u00c9va a feles\u00e9ge k\u00e9t gyermek\u00fck volt. Bordoson \u00e9s Zs\u00e1kodon is beszolg\u00e1lt. Hal\u00e1l\u00e1t t\u0171zv\u00e9sz okozta. <br \/><strong>Irod.:<\/strong> A Pipei Egyh\u00e1zk\u00f6zs\u00e9g t\u00f6rt\u00e9net\u00e9b\u0151l<\/br><\/p>\n","protected":false},"excerpt":{"rendered":"<p>Kissolymos, 1775., \u2020 Pipe 1834. szept 19 temet\u00e9s.: unit lelk\u00e9sz. \u2013 Kib\u00e1den \u00e9s B\u00f6z\u00f6d\u00f6n szolg\u00e1lt, majd Pip\u00e9re ker\u00fclt (1809\u201331).G\u00e1lfavi \u00c9va a feles\u00e9ge k\u00e9t gyermek\u00fck volt. Bordoson \u00e9s Zs\u00e1kodon is beszolg\u00e1lt. Hal\u00e1l\u00e1t t\u0171zv\u00e9sz okozta. Irod.: A Pipei Egyh\u00e1zk\u00f6zs\u00e9g t\u00f6rt\u00e9net\u00e9b\u0151l<\/p>\n","protected":false},"featured_media":0,"comment_status":"open","ping_status":"closed","template":"","meta":[],"product_brand":[],"product_cat":[137],"product_tag":[],"class_list":{"0":"post-14668","1":"product","2":"type-product","3":"status-publish","5":"product_cat-maros-megyei-eletrajzi-lexikon","7":"first","8":"instock","9":"shipping-taxable","10":"product-type-simple"},"_links":{"self":[{"href":"https:\/\/uj.adatbank.ro\/lexikon\/wp-json\/wp\/v2\/product\/14668","targetHints":{"allow":["GET"]}}],"collection":[{"href":"https:\/\/uj.adatbank.ro\/lexikon\/wp-json\/wp\/v2\/product"}],"about":[{"href":"https:\/\/uj.adatbank.ro\/lexikon\/wp-json\/wp\/v2\/types\/product"}],"replies":[{"embeddable":true,"href":"https:\/\/uj.adatbank.ro\/lexikon\/wp-json\/wp\/v2\/comments?post=14668"}],"wp:attachment":[{"href":"https:\/\/uj.adatbank.ro\/lexikon\/wp-json\/wp\/v2\/media?parent=14668"}],"wp:term":[{"taxonomy":"product_brand","embeddable":true,"href":"https:\/\/uj.adatbank.ro\/lexikon\/wp-json\/wp\/v2\/product_brand?post=14668"},{"taxonomy":"product_cat","embeddable":true,"href":"https:\/\/uj.adatbank.ro\/lexikon\/wp-json\/wp\/v2\/product_cat?post=14668"},{"taxonomy":"product_tag","embeddable":true,"href":"https:\/\/uj.adatbank.ro\/lexikon\/wp-json\/wp\/v2\/product_tag?post=14668"}],"curies":[{"name":"wp","href":"https:\/\/api.w.org\/{rel}","templated":true}]}}