{"id":14671,"date":"2025-07-15T13:09:29","date_gmt":"2025-07-15T11:09:29","guid":{"rendered":"https:\/\/uj.adatbank.ro\/lexikon\/termek\/markos-iren-halmagyi\/"},"modified":"2025-07-15T13:09:29","modified_gmt":"2025-07-15T11:09:29","slug":"markos-iren-halmagyi","status":"publish","type":"product","link":"https:\/\/uj.adatbank.ro\/lexikon\/termek\/markos-iren-halmagyi\/","title":{"rendered":"M\u00c1RKOS Ir\u00e9n, halm\u00e1gyi"},"content":{"rendered":"<p>Halm\u00e1gy, ? \u2020\u00a0?: tan\u00edt\u00f3. \u2013 Tanulm\u00e1nyait Sz\u00e9kelyudvarhelyen v\u00e9gezte (1929). Tan\u00edtott Magyarp\u00e9terlak\u00e1n, majd a Sz\u00e9kelyf\u00f6ld k\u00fcl\u00f6nb\u00f6z\u0151 k\u00f6zs\u00e9geiben \u00e9s Buk.-ben is volt le\u00e1nynevel\u0151 tan\u00edt\u0151, S\u00e1romberk\u00e9n (1940\u201364), Ny\u00e1r\u00e1dsely\u00e9ben (1941), Mv.-en a 16. sz. Iskol\u00e1ban.<br \/><strong>Irod.:<\/strong> Ref. egyetemes n\u00e9vt\u00e1r; S\u00e1romberke; Sz\u00e9kelyf\u00f6ld \u00ed.k.<\/br><\/p>\n","protected":false},"excerpt":{"rendered":"<p>Halm\u00e1gy, ? \u2020\u00a0?: tan\u00edt\u00f3. \u2013 Tanulm\u00e1nyait Sz\u00e9kelyudvarhelyen v\u00e9gezte (1929). Tan\u00edtott Magyarp\u00e9terlak\u00e1n, majd a Sz\u00e9kelyf\u00f6ld k\u00fcl\u00f6nb\u00f6z\u0151 k\u00f6zs\u00e9geiben \u00e9s Buk.-ben is volt le\u00e1nynevel\u0151 tan\u00edt\u0151, S\u00e1romberk\u00e9n (1940\u201364), Ny\u00e1r\u00e1dsely\u00e9ben (1941), Mv.-en a 16. sz. Iskol\u00e1ban.Irod.: Ref. egyetemes n\u00e9vt\u00e1r; S\u00e1romberke; Sz\u00e9kelyf\u00f6ld \u00ed.k.<\/p>\n","protected":false},"featured_media":0,"comment_status":"open","ping_status":"closed","template":"","meta":[],"product_brand":[],"product_cat":[137],"product_tag":[],"class_list":{"0":"post-14671","1":"product","2":"type-product","3":"status-publish","5":"product_cat-maros-megyei-eletrajzi-lexikon","7":"first","8":"instock","9":"shipping-taxable","10":"product-type-simple"},"_links":{"self":[{"href":"https:\/\/uj.adatbank.ro\/lexikon\/wp-json\/wp\/v2\/product\/14671","targetHints":{"allow":["GET"]}}],"collection":[{"href":"https:\/\/uj.adatbank.ro\/lexikon\/wp-json\/wp\/v2\/product"}],"about":[{"href":"https:\/\/uj.adatbank.ro\/lexikon\/wp-json\/wp\/v2\/types\/product"}],"replies":[{"embeddable":true,"href":"https:\/\/uj.adatbank.ro\/lexikon\/wp-json\/wp\/v2\/comments?post=14671"}],"wp:attachment":[{"href":"https:\/\/uj.adatbank.ro\/lexikon\/wp-json\/wp\/v2\/media?parent=14671"}],"wp:term":[{"taxonomy":"product_brand","embeddable":true,"href":"https:\/\/uj.adatbank.ro\/lexikon\/wp-json\/wp\/v2\/product_brand?post=14671"},{"taxonomy":"product_cat","embeddable":true,"href":"https:\/\/uj.adatbank.ro\/lexikon\/wp-json\/wp\/v2\/product_cat?post=14671"},{"taxonomy":"product_tag","embeddable":true,"href":"https:\/\/uj.adatbank.ro\/lexikon\/wp-json\/wp\/v2\/product_tag?post=14671"}],"curies":[{"name":"wp","href":"https:\/\/api.w.org\/{rel}","templated":true}]}}